{"id":45489,"date":"2023-10-13T01:11:57","date_gmt":"2023-10-12T17:11:57","guid":{"rendered":"https:\/\/gretasexylingerie.com\/?post_type=product&#038;p=45489"},"modified":"2023-10-13T01:13:23","modified_gmt":"2023-10-12T17:13:23","slug":"al-por-mayor-traje-de-mujer-policia-sexy-traje-de-mujer-cosplay","status":"publish","type":"product","link":"https:\/\/gretasexylingerie.com\/es\/products\/wholesale-sexy-policewoman-costume-cosplay-womens-suit\/","title":{"rendered":"Traje de mujer polic\u00eda sexy al por mayor traje de cosplay"},"content":{"rendered":"<ol class=\"wp-block-list\">\n<li>Atractivo imponente: Nuestro seductor disfraz de polic\u00eda irradia un atractivo imponente, lo que lo convierte en una opci\u00f3n tentadora para las almas aventureras. Encarna un aura autoritaria y un encanto sensual, lo que hace que esta pieza se destaque en su colecci\u00f3n minorista.<\/li>\n\n\n\n<li>Una experiencia de cosplay atractiva: este conjunto ha sido dise\u00f1ado para una experiencia de cosplay policial atractiva, que permite a los consumidores finales satisfacer sus fantas\u00edas. Es una excelente adici\u00f3n para los minoristas que buscan ofrecer una variedad de vestimenta para juegos de roles.<\/li>\n\n\n\n<li>Fabricaci\u00f3n de alta calidad: Nuestro compromiso con la fabricaci\u00f3n de alta calidad garantiza un uso c\u00f3modo para una diversi\u00f3n prolongada, lo que muestra nuestra dedicaci\u00f3n a ofrecer solo productos de la mejor calidad a sus clientes.<\/li>\n\n\n\n<li>Estilo vers\u00e1til: este conjunto ofrece opciones de estilo vers\u00e1tiles, lo que lo hace adecuado para diversos eventos tem\u00e1ticos o aventuras privadas. Los minoristas que buscan ofrecer prendas imaginativas pueden beneficiarse al ofrecer este conjunto diverso.<\/li>\n\n\n\n<li>Listo para la venta al por mayor: teniendo en cuenta su enfoque mayorista, este sexy disfraz de polic\u00eda puede agotarse instant\u00e1neamente en el comercio minorista. M\u00e1s que un simple disfraz; esta pieza de moda invita a los usuarios a entrar en un mundo de fantas\u00eda y autoridad l\u00fadica.<\/li>\n<\/ol>\n\n\n\n<p>\u00a1Agregue nuestro disfraz de mujer polic\u00eda sexy al por mayor a su selecci\u00f3n minorista y ampl\u00edelo con un atractivo imponente y una fantas\u00eda l\u00fadica! Es ideal para minoristas que buscan ofrecer a los clientes opciones de vestimenta diversas e imaginativas. Comun\u00edquese con nosotros ahora con consultas al por mayor para que pueda agregar elegancia atrevida a su surtido hoy.<\/p>\n\n\n\n<figure class=\"wp-block-table is-style-stripes\"><table class=\"has-fixed-layout\"><tbody><tr><td>Gr\u00e1fico del sitio (CM)<\/td><td><\/td><td><\/td><td><\/td><\/tr><tr><td>Tama\u00f1o<\/td><td>Longitud<\/td><td>Busto inferior<\/td><td>Cintura<\/td><\/tr><tr><td>METRO<\/td><td>56<\/td><td>90<\/td><td>68&nbsp;<\/td><\/tr><tr><td>L<\/td><td>56<\/td><td>95<\/td><td>73<\/td><\/tr><tr><td>Gr\u00e1fico del sitio (PULGADAS)<\/td><td><\/td><td><\/td><td><\/td><\/tr><tr><td>Tama\u00f1o<\/td><td>Longitud<\/td><td>Busto inferior<\/td><td>Cintura<\/td><\/tr><tr><td>METRO<\/td><td>22.05<\/td><td>35.43<\/td><td>26.77<\/td><\/tr><tr><td>L<\/td><td>22.05<\/td><td>37.4<\/td><td>28.74<\/td><\/tr><\/tbody><\/table><\/figure>","protected":false},"excerpt":{"rendered":"<p>\u00a1Libera un mundo de fantas\u00eda con nuestro disfraz de polic\u00eda sexy al por mayor! Perfecto para noches de cosplay y eventos con cosplayers de polic\u00edas, este traje de mujer irradia autoridad sin dejar de ser atractivo; \u00a1Perfecto para minoristas que buscan ampliar su colecci\u00f3n con atuendos cautivadores!<\/p>","protected":false},"featured_media":45503,"template":"","meta":[],"product_brand":[],"product_cat":[974],"product_tag":[978],"class_list":{"0":"post-45489","1":"product","2":"type-product","3":"status-publish","4":"has-post-thumbnail","6":"product_cat-wholesale-sexy-costumes","7":"product_tag-policewoman-costume","8":"pa_color-black","9":"pa_size-wholesale-large-size-women-sexy-lingerie","10":"pa_size-wholesale-medium-size-women-sexy-lingerie","12":"first","13":"instock","14":"taxable","15":"shipping-taxable","16":"purchasable","17":"product-type-variable"},"tiered_pricing_type":"fixed","tiered_pricing_fixed_rules":[],"tiered_pricing_product_settings":{"layout":"default","base_unit_name":{"singular":null,"plural":null},"default_variation":{}},"tiered_pricing_minimum_quantity":null,"tiered_pricing_roles_data":[],"tiered_pricing_percentage_rules":[],"tiered_pricing_maximum_quantity":null,"tiered_pricing_quantity_step":null,"_links":{"self":[{"href":"https:\/\/gretasexylingerie.com\/es\/wp-json\/wp\/v2\/product\/45489","targetHints":{"allow":["GET"]}}],"collection":[{"href":"https:\/\/gretasexylingerie.com\/es\/wp-json\/wp\/v2\/product"}],"about":[{"href":"https:\/\/gretasexylingerie.com\/es\/wp-json\/wp\/v2\/types\/product"}],"wp:featuredmedia":[{"embeddable":true,"href":"https:\/\/gretasexylingerie.com\/es\/wp-json\/wp\/v2\/media\/45503"}],"wp:attachment":[{"href":"https:\/\/gretasexylingerie.com\/es\/wp-json\/wp\/v2\/media?parent=45489"}],"wp:term":[{"taxonomy":"product_brand","embeddable":true,"href":"https:\/\/gretasexylingerie.com\/es\/wp-json\/wp\/v2\/product_brand?post=45489"},{"taxonomy":"product_cat","embeddable":true,"href":"https:\/\/gretasexylingerie.com\/es\/wp-json\/wp\/v2\/product_cat?post=45489"},{"taxonomy":"product_tag","embeddable":true,"href":"https:\/\/gretasexylingerie.com\/es\/wp-json\/wp\/v2\/product_tag?post=45489"}],"curies":[{"name":"Gracias","href":"https:\/\/api.w.org\/{rel}","templated":true}]}}