{"id":45468,"date":"2023-10-13T00:37:15","date_gmt":"2023-10-12T16:37:15","guid":{"rendered":"https:\/\/gretasexylingerie.com\/?post_type=product&#038;p=45468"},"modified":"2023-10-13T00:39:57","modified_gmt":"2023-10-12T16:39:57","slug":"disfraz-de-colegiala-sexy-al-por-mayor-con-tentadora-falda-plisada-a-cuadros","status":"publish","type":"product","link":"https:\/\/gretasexylingerie.com\/es\/products\/wholesale-sexy-schoolgirl-costume-with-tempting-plaid-pleated-skirt\/","title":{"rendered":"Traje de colegiala sexy al por mayor con tentadora falda plisada a cuadros"},"content":{"rendered":"<ol class=\"wp-block-list\">\n<li>Encanto juvenil: Nuestro conjunto de uniformes JK irradia un encanto juvenil sin dejar de ser moderno, lo que lo convierte en una opci\u00f3n atractiva para los minoristas que atienden a clientes aventureros. Con su dise\u00f1o atemporal de cuadros y su atractivo duradero, \u00a1este conjunto sin duda resistir\u00e1 la prueba del tiempo!<\/li>\n\n\n\n<li>Dise\u00f1o tentador: la falda plisada a cuadros irradia una tentaci\u00f3n divertida, mientras que el traje de mujer de juego de roles abre un mundo de fantas\u00eda. Juntos, proporcionan el conjunto ideal para explorar narrativas l\u00fadicas.<\/li>\n\n\n\n<li>Artesan\u00eda de alta calidad: confeccionados seg\u00fan est\u00e1ndares exigentes, nuestra falda plisada y nuestro intrincado traje para mujer cuentan con una artesan\u00eda de alta calidad que garantiza un ajuste c\u00f3modo pero seductor. \u00a1Este conjunto garantiza el m\u00e1ximo atractivo sexy sin comprometer la comodidad!<\/li>\n\n\n\n<li>Atractivo vers\u00e1til: este juego ofrece versatilidad para fiestas tem\u00e1ticas y reuniones privadas. Los minoristas que busquen ofrecer opciones \u00fanicas a sus clientes encontrar\u00e1n este conjunto de un valor inestimable.<\/li>\n\n\n\n<li>Listo para la venta minorista: como oferta mayorista, este conjunto est\u00e1 preparado y listo para el \u00e9xito minorista. \u00a1M\u00e1s que un simple disfraz, este conjunto invita a una aventura inolvidable y transformadora!<\/li>\n<\/ol>\n\n\n\n<p>Ofrezca a sus clientes una combinaci\u00f3n embriagadora de encanto juvenil y fantas\u00eda imaginativa con nuestro conjunto de uniformes Sexy JK al por mayor. Ideal para colecciones minoristas que buscan ofrecer diversas opciones de vestimenta, consulte las tarifas al por mayor ahora para agregar un poco de elegancia divertida a su inventario hoy.<\/p>\n\n\n\n<figure class=\"wp-block-table is-style-stripes\"><table class=\"has-fixed-layout\"><tbody><tr><td>Gr\u00e1fico del sitio (CM)<\/td><td><\/td><td><\/td><td><\/td><td><\/td><\/tr><tr><td>Tama\u00f1o<\/td><td>Longitud<\/td><td>Busto inferior<\/td><td>Cintura<\/td><td>Tama\u00f1o de la copa<\/td><\/tr><tr><td>S<\/td><td>34<\/td><td>76-80<\/td><td>86-90<\/td><td>75B<\/td><\/tr><tr><td>METRO<\/td><td>35<\/td><td>80-84<\/td><td>90-94<\/td><td>80B<\/td><\/tr><tr><td>L<\/td><td>36<\/td><td>84-88<\/td><td>94-98<\/td><td>85B<\/td><\/tr><tr><td>SG<\/td><td>37<\/td><td>88-92<\/td><td>98-102<\/td><td>90B<\/td><\/tr><tr><td>Gr\u00e1fico del sitio (PULGADAS)<\/td><td><\/td><td><\/td><td><\/td><td><\/td><\/tr><tr><td>Tama\u00f1o<\/td><td>Longitud<\/td><td>Busto inferior<\/td><td>Cintura<\/td><td>Tama\u00f1o de la copa<\/td><\/tr><tr><td>S<\/td><td>13.39<\/td><td>29.92-31.50<\/td><td>33.86-35.43<\/td><td>75B<\/td><\/tr><tr><td>METRO<\/td><td>13.78<\/td><td>31.50-33.07<\/td><td>35.43-37.01<\/td><td>80B<\/td><\/tr><tr><td>L<\/td><td>14.17<\/td><td>33.07-34.65<\/td><td>37.01-38.58<\/td><td>85B<\/td><\/tr><tr><td>SG<\/td><td>14.57<\/td><td>34.65-36.22<\/td><td>38.58-40.16<\/td><td>90B<\/td><\/tr><\/tbody><\/table><\/figure>","protected":false},"excerpt":{"rendered":"<p>\u00danase a la emoci\u00f3n del encanto juvenil con nuestro conjunto de uniformes JK al por mayor. Con una llamativa falda plisada a cuadros combinada con un atractivo traje de mujer, este conjunto permite a los minoristas reunir fantas\u00eda y sofisticaci\u00f3n en un solo paquete.<\/p>","protected":false},"featured_media":45487,"template":"","meta":[],"product_brand":[],"product_cat":[974],"product_tag":[976],"class_list":{"0":"post-45468","1":"product","2":"type-product","3":"status-publish","4":"has-post-thumbnail","6":"product_cat-wholesale-sexy-costumes","7":"product_tag-schoolgirl-costumes","8":"pa_color-blue-women-sexy-lingerie","9":"pa_color-green","10":"pa_color-sea-green-women-sexy-lingerie","11":"pa_size-wholesale-large-size-women-sexy-lingerie","12":"pa_size-wholesale-medium-size-women-sexy-lingerie","13":"pa_size-wholesale-small-size-sexy-lingerie","14":"pa_size-wholesale-extra-large-sexy-lingerie","16":"first","17":"instock","18":"taxable","19":"shipping-taxable","20":"purchasable","21":"product-type-variable"},"tiered_pricing_type":"fixed","tiered_pricing_fixed_rules":[],"tiered_pricing_product_settings":{"layout":"default","base_unit_name":{"singular":null,"plural":null},"default_variation":{}},"tiered_pricing_minimum_quantity":null,"tiered_pricing_roles_data":[],"tiered_pricing_percentage_rules":[],"tiered_pricing_maximum_quantity":null,"tiered_pricing_quantity_step":null,"_links":{"self":[{"href":"https:\/\/gretasexylingerie.com\/es\/wp-json\/wp\/v2\/product\/45468","targetHints":{"allow":["GET"]}}],"collection":[{"href":"https:\/\/gretasexylingerie.com\/es\/wp-json\/wp\/v2\/product"}],"about":[{"href":"https:\/\/gretasexylingerie.com\/es\/wp-json\/wp\/v2\/types\/product"}],"wp:featuredmedia":[{"embeddable":true,"href":"https:\/\/gretasexylingerie.com\/es\/wp-json\/wp\/v2\/media\/45487"}],"wp:attachment":[{"href":"https:\/\/gretasexylingerie.com\/es\/wp-json\/wp\/v2\/media?parent=45468"}],"wp:term":[{"taxonomy":"product_brand","embeddable":true,"href":"https:\/\/gretasexylingerie.com\/es\/wp-json\/wp\/v2\/product_brand?post=45468"},{"taxonomy":"product_cat","embeddable":true,"href":"https:\/\/gretasexylingerie.com\/es\/wp-json\/wp\/v2\/product_cat?post=45468"},{"taxonomy":"product_tag","embeddable":true,"href":"https:\/\/gretasexylingerie.com\/es\/wp-json\/wp\/v2\/product_tag?post=45468"}],"curies":[{"name":"Gracias","href":"https:\/\/api.w.org\/{rel}","templated":true}]}}