{"id":45336,"date":"2023-09-19T00:08:02","date_gmt":"2023-09-18T16:08:02","guid":{"rendered":"https:\/\/gretasexylingerie.com\/?post_type=product&#038;p=45336"},"modified":"2023-09-19T00:15:28","modified_gmt":"2023-09-18T16:15:28","slug":"venta-al-por-mayor-elegante-traje-sexy-transparente-con-colgante-de-amor","status":"publish","type":"product","link":"https:\/\/gretasexylingerie.com\/es\/products\/wholesaleelegant-see-through-sexy-suit-with-love-pendant\/","title":{"rendered":"Venta al por mayorElegante traje sexy transparente con colgante de amor"},"content":{"rendered":"<ol class=\"wp-block-list\">\n<li>Nuestro juego de cuatro ligas de sujetador sexy de malla unida de cuero y tela es una impresionante combinaci\u00f3n de materiales de primera calidad que garantiza que resistir\u00e1 la prueba del tiempo en cualquier colecci\u00f3n. Con nuestro hermoso colgante Love para mayor romance y sofisticaci\u00f3n.<\/li>\n\n\n\n<li>Este conjunto ejemplifica tanto la belleza como la artesan\u00eda. Combinando cuero, tela y malla para un dise\u00f1o llamativo. Adem\u00e1s, su colgante en forma de coraz\u00f3n a\u00f1ade un aire de nostalgia, lo que la convierte en una pieza exquisita perfecta para cualquier colecci\u00f3n.<\/li>\n\n\n\n<li>Nuestro vanguardista conjunto de lencer\u00eda sexy con empalme de cuero, tela y malla es una impresionante haza\u00f1a de innovaci\u00f3n en dise\u00f1o. Con elementos transparentes y el colgante de amor, este juego de cuatro piezas crea una apariencia llamativa y tentadora cada vez que se usan.<\/li>\n<\/ol>\n\n\n\n<p>\u00a1Entra en un mundo de elegancia y atractivo con nuestro juego de cuatro ligas de sujetador sexy de malla unida de cuero y tela! No cualquier prenda de lencer\u00eda; esta pieza premium representa estilo, sofisticaci\u00f3n y sentimentalismo. No te lo pierdas; \u00a1Cont\u00e1ctenos ahora para ordenar o solicitar informaci\u00f3n sobre c\u00f3mo comprarlo! \u00a1Reinventamos juntos la moda lencer\u00eda!<\/p>\n\n\n\n<figure class=\"wp-block-table is-style-stripes\"><table class=\"has-fixed-layout\"><tbody><tr><td>Gr\u00e1fico del sitio (CM)<\/td><td><\/td><td><\/td><td><\/td><td><\/td><\/tr><tr><td>Tama\u00f1o<\/td><td>Longitud<\/td><td>Busto inferior<\/td><td>Cintura<\/td><td>cintura de liga<\/td><\/tr><tr><td>S<\/td><td>13<\/td><td>62-88<\/td><td>68-96<\/td><td>61-92<\/td><\/tr><tr><td>METRO<\/td><td>14<\/td><td>66-92<\/td><td>72-100<\/td><td>65-96<\/td><\/tr><tr><td>L<\/td><td>15<\/td><td>70-96<\/td><td>76-104<\/td><td>69-100<\/td><\/tr><tr><td>Gr\u00e1fico del sitio (PULGADAS)<\/td><td><\/td><td><\/td><td><\/td><td><\/td><\/tr><tr><td>Tama\u00f1o<\/td><td>Longitud<\/td><td>Busto inferior<\/td><td>Cintura<\/td><td>cintura de liga<\/td><\/tr><tr><td>S<\/td><td>5.12<\/td><td>24.41-34.65<\/td><td>26.77-37.80<\/td><td>24.02-36.22<\/td><\/tr><tr><td>METRO<\/td><td>5.51<\/td><td>25.98-36.22<\/td><td>28.35-39.37<\/td><td>25.59-37.80<\/td><\/tr><tr><td>L<\/td><td>5.91<\/td><td>27.56-37.80<\/td><td>29.92-40.94<\/td><td>27.17-39.37<\/td><\/tr><\/tbody><\/table><\/figure>","protected":false},"excerpt":{"rendered":"<p>Agregue elegancia a su colecci\u00f3n de lencer\u00eda con nuestro elegante traje sexy transparente con colgante de amor y detalles de malla, perfecto para realzar cualquier guardarropa de lencer\u00eda. Con un atractivo cuero y tela combinados con la elegancia de un colgante de amor, esta pieza seguramente se destacar\u00e1 en cualquier colecci\u00f3n de lencer\u00eda.<\/p>","protected":false},"featured_media":45346,"template":"","meta":[],"product_brand":[],"product_cat":[368,367,375],"product_tag":[507,448,524,453,972],"class_list":{"0":"post-45336","1":"product","2":"type-product","3":"status-publish","4":"has-post-thumbnail","6":"product_cat-bra-panty-set","7":"product_cat-sexy-lingerie","8":"product_cat-whoelsale-sheer-bra-and-panty-sets","9":"product_tag-three-pcs-set","10":"product_tag-wholesale-elegant-sexy-lingerie","11":"product_tag-metal-lingerie","12":"product_tag-wholesale-sexy-naughty-lingerie","13":"product_tag-valentines-day-lingerie","14":"pa_color-black","15":"pa_size-wholesale-large-size-women-sexy-lingerie","16":"pa_size-wholesale-medium-size-women-sexy-lingerie","17":"pa_size-wholesale-small-size-sexy-lingerie","19":"first","20":"instock","21":"taxable","22":"shipping-taxable","23":"purchasable","24":"product-type-variable"},"tiered_pricing_type":"fixed","tiered_pricing_fixed_rules":[],"tiered_pricing_product_settings":{"layout":"default","base_unit_name":{"singular":null,"plural":null},"default_variation":{}},"tiered_pricing_minimum_quantity":null,"tiered_pricing_roles_data":[],"tiered_pricing_percentage_rules":[],"tiered_pricing_maximum_quantity":null,"tiered_pricing_quantity_step":null,"_links":{"self":[{"href":"https:\/\/gretasexylingerie.com\/es\/wp-json\/wp\/v2\/product\/45336","targetHints":{"allow":["GET"]}}],"collection":[{"href":"https:\/\/gretasexylingerie.com\/es\/wp-json\/wp\/v2\/product"}],"about":[{"href":"https:\/\/gretasexylingerie.com\/es\/wp-json\/wp\/v2\/types\/product"}],"wp:featuredmedia":[{"embeddable":true,"href":"https:\/\/gretasexylingerie.com\/es\/wp-json\/wp\/v2\/media\/45346"}],"wp:attachment":[{"href":"https:\/\/gretasexylingerie.com\/es\/wp-json\/wp\/v2\/media?parent=45336"}],"wp:term":[{"taxonomy":"product_brand","embeddable":true,"href":"https:\/\/gretasexylingerie.com\/es\/wp-json\/wp\/v2\/product_brand?post=45336"},{"taxonomy":"product_cat","embeddable":true,"href":"https:\/\/gretasexylingerie.com\/es\/wp-json\/wp\/v2\/product_cat?post=45336"},{"taxonomy":"product_tag","embeddable":true,"href":"https:\/\/gretasexylingerie.com\/es\/wp-json\/wp\/v2\/product_tag?post=45336"}],"curies":[{"name":"Gracias","href":"https:\/\/api.w.org\/{rel}","templated":true}]}}