{"id":45298,"date":"2023-09-18T01:15:14","date_gmt":"2023-09-17T17:15:14","guid":{"rendered":"https:\/\/gretasexylingerie.com\/?post_type=product&#038;p=45298"},"modified":"2023-09-18T01:16:54","modified_gmt":"2023-09-17T17:16:54","slug":"venta-al-por-mayor-elegante-conjunto-de-sujetador-de-liga-de-malla-transparente-con-tasse-sexy","status":"publish","type":"product","link":"https:\/\/gretasexylingerie.com\/es\/products\/wholesale-elegant-see-through-mesh-garter-bra-set-with-sexy-tasse\/","title":{"rendered":"Conjunto de sujetador de liga de malla transparente elegante al por mayor con Tasse sexy"},"content":{"rendered":"<ol class=\"wp-block-list\">\n<li>Nuestro conjunto de tres piezas de ropa interior sexy con liga y borlas de nuevo estilo fue elaborado meticulosamente a mano para garantizar un producto de primer nivel para su colecci\u00f3n. El exquisito detalle de borlas a\u00f1ade un aire de sofisticaci\u00f3n y estilo que distingue a este conjunto.<\/li>\n\n\n\n<li>\u00a1Este elegante conjunto de ropa interior de liga de malla transparente con borla sexy es hermoso y c\u00f3modo! Con material de malla para una comodidad delicada contra la piel y detalles sofisticados de borlas, que agregan otro nivel de sofisticaci\u00f3n, \u00a1perfecto para quienes buscan la combinaci\u00f3n ideal entre moda y comodidad!<\/li>\n\n\n\n<li>Nuestro moderno conjunto de liga de lencer\u00eda sexy con detalles de borlas ejemplifica una artesan\u00eda exquisita. Con detalles de malla transparente y borlas, este conjunto de tres piezas hace una declaraci\u00f3n impresionante en cualquier colecci\u00f3n de lencer\u00eda.<\/li>\n<\/ol>\n\n\n\n<p>\u00danase al mundo de la elegancia y el encanto con nuestro conjunto de tres piezas de ropa interior sexy con liga y borlas de nuevo estilo. No cualquier prenda de lencer\u00eda vieja; \u00a1Esta declaraci\u00f3n de estilo hace una declaraci\u00f3n audaz! No se pierda esta exquisita pieza; cont\u00e1ctenos ahora para realizar su pedido o realizar consultas. \u00a1Juntos, redefinamos la moda de la lencer\u00eda!<\/p>\n\n\n\n<figure class=\"wp-block-table is-style-stripes\"><table class=\"has-fixed-layout\"><tbody><tr><td>Gr\u00e1fico del sitio (CM)<\/td><td><\/td><td><\/td><td><\/td><td><\/td><\/tr><tr><td>Tama\u00f1o<\/td><td>Longitud<\/td><td>Busto inferior<\/td><td>Cintura<\/td><td>cintura de liga<\/td><\/tr><tr><td>S<\/td><td>16<\/td><td>61-88<\/td><td>67-96<\/td><td>60-92<\/td><\/tr><tr><td>METRO<\/td><td>17<\/td><td>65-92<\/td><td>71-100<\/td><td>60-92<\/td><\/tr><tr><td>L<\/td><td>18<\/td><td>69-96<\/td><td>75-104<\/td><td>60-92<\/td><\/tr><tr><td>Gr\u00e1fico del sitio (PULGADAS)<\/td><td><\/td><td><\/td><td><\/td><td><\/td><\/tr><tr><td>Tama\u00f1o<\/td><td>Longitud<\/td><td>Busto inferior<\/td><td>Cintura<\/td><td>cintura de liga<\/td><\/tr><tr><td>S<\/td><td>6.3<\/td><td>24.02-34.65<\/td><td>26.38-37.80<\/td><td>23.62-36.22<\/td><\/tr><tr><td>METRO<\/td><td>6.69<\/td><td>25.59-36.22<\/td><td>27.95-39.37<\/td><td>23.62-36.22<\/td><\/tr><tr><td>L<\/td><td>7.09<\/td><td>27.17-37.80<\/td><td>29.53-40.94<\/td><td>23.62-36.22<\/td><\/tr><\/tbody><\/table><\/figure>","protected":false},"excerpt":{"rendered":"<p>Con su atractivo dise\u00f1o de malla transparente, este conjunto logra el equilibrio ideal entre atractivo y elegancia: una pieza esencial para cualquier colecci\u00f3n de lencer\u00eda moderna. Los detalles de borlas a\u00f1aden sofisticaci\u00f3n y elementos divertidos que seguramente encantar\u00e1n.<\/p>","protected":false},"featured_media":45311,"template":"","meta":[],"product_brand":[],"product_cat":[368,367,375,376],"product_tag":[446,864,865,531],"class_list":{"0":"post-45298","1":"product","2":"type-product","3":"status-publish","4":"has-post-thumbnail","6":"product_cat-bra-panty-set","7":"product_cat-sexy-lingerie","8":"product_cat-whoelsale-sheer-bra-and-panty-sets","9":"product_cat-wholesale-ultra-sexy-bra-panty-set","10":"product_tag-wholesale-sexy-see-through-lingerie","11":"product_tag-sexy-petite-lingerie","12":"product_tag-sexy-skimpy-lingerie","13":"product_tag-tassel-lingerie","14":"pa_color-black","15":"pa_size-wholesale-large-size-women-sexy-lingerie","16":"pa_size-wholesale-medium-size-women-sexy-lingerie","17":"pa_size-wholesale-small-size-sexy-lingerie","19":"first","20":"instock","21":"taxable","22":"shipping-taxable","23":"purchasable","24":"product-type-variable"},"tiered_pricing_type":"fixed","tiered_pricing_fixed_rules":[],"tiered_pricing_product_settings":{"layout":"default","base_unit_name":{"singular":null,"plural":null},"default_variation":{}},"tiered_pricing_minimum_quantity":null,"tiered_pricing_roles_data":[],"tiered_pricing_percentage_rules":[],"tiered_pricing_maximum_quantity":null,"tiered_pricing_quantity_step":null,"_links":{"self":[{"href":"https:\/\/gretasexylingerie.com\/es\/wp-json\/wp\/v2\/product\/45298","targetHints":{"allow":["GET"]}}],"collection":[{"href":"https:\/\/gretasexylingerie.com\/es\/wp-json\/wp\/v2\/product"}],"about":[{"href":"https:\/\/gretasexylingerie.com\/es\/wp-json\/wp\/v2\/types\/product"}],"wp:featuredmedia":[{"embeddable":true,"href":"https:\/\/gretasexylingerie.com\/es\/wp-json\/wp\/v2\/media\/45311"}],"wp:attachment":[{"href":"https:\/\/gretasexylingerie.com\/es\/wp-json\/wp\/v2\/media?parent=45298"}],"wp:term":[{"taxonomy":"product_brand","embeddable":true,"href":"https:\/\/gretasexylingerie.com\/es\/wp-json\/wp\/v2\/product_brand?post=45298"},{"taxonomy":"product_cat","embeddable":true,"href":"https:\/\/gretasexylingerie.com\/es\/wp-json\/wp\/v2\/product_cat?post=45298"},{"taxonomy":"product_tag","embeddable":true,"href":"https:\/\/gretasexylingerie.com\/es\/wp-json\/wp\/v2\/product_tag?post=45298"}],"curies":[{"name":"Gracias","href":"https:\/\/api.w.org\/{rel}","templated":true}]}}