{"id":45281,"date":"2023-09-18T00:28:07","date_gmt":"2023-09-17T16:28:07","guid":{"rendered":"https:\/\/gretasexylingerie.com\/?post_type=product&#038;p=45281"},"modified":"2023-09-18T00:30:17","modified_gmt":"2023-09-17T16:30:17","slug":"al-por-mayor-ver-a-traves-de-malla-sexy-body-con-cuello-halter","status":"publish","type":"product","link":"https:\/\/gretasexylingerie.com\/es\/products\/wholesale-see-through-mesh-halterneck-sexy-bodysuit\/","title":{"rendered":"Body Sexy Con Cuello Halter De Malla Transparente Al Por Mayor"},"content":{"rendered":"<ol class=\"wp-block-list\">\n<li>Nuestro body sexy de malla transparente con cuello halter est\u00e1 cuidadosamente elaborado para resaltar todo su potencial, creando un producto exquisito para su colecci\u00f3n. Su distintivo dise\u00f1o de cuello halter muestra la calidad y el cuidado puesto en cada pieza.<\/li>\n\n\n\n<li>\u00a1Este elegante body con cuello halter en sexy malla transparente est\u00e1 a la moda y es c\u00f3modo! La delicada malla proporciona un toque ligero contra tu piel mientras que su cuello halter a\u00f1ade sofisticaci\u00f3n, ideal para quienes buscan la combinaci\u00f3n perfecta entre estilo y comodidad.<\/li>\n\n\n\n<li>Nuestro moderno body de lencer\u00eda sexy con dise\u00f1o de cuello halter es un testimonio de una artesan\u00eda exquisita. La malla transparente a\u00f1ade un elemento llamativo, garantizando que esta pieza destaque en cualquier colecci\u00f3n de lencer\u00eda.<\/li>\n<\/ol>\n\n\n\n<p>Explora un mundo de elegancia y encanto con nuestro body sexy de malla transparente con cuello halter, no solo lencer\u00eda; \u00a1Esta pieza es una declaraci\u00f3n de estilo y sofisticaci\u00f3n! No te lo pierdas; \u00a1Cont\u00e1ctenos ahora para realizar su pedido o cualquier consulta! \u00a1Juntos podemos revolucionar la moda de la lencer\u00eda!<\/p>\n\n\n\n<figure class=\"wp-block-table is-style-stripes\"><table class=\"has-fixed-layout\"><tbody><tr><td>Gr\u00e1fico del sitio (CM)<\/td><td><\/td><td><\/td><td><\/td><\/tr><tr><td>Tama\u00f1o<\/td><td>Longitud<\/td><td>Cintura<\/td><td>Busto inferior<\/td><\/tr><tr><td>S<\/td><td>50<\/td><td>56<\/td><td>59-88<\/td><\/tr><tr><td>METRO<\/td><td>51<\/td><td>60<\/td><td>63-92<\/td><\/tr><tr><td>L<\/td><td>52<\/td><td>64<\/td><td>67-96<\/td><\/tr><tr><td>Gr\u00e1fico del sitio (PULGADAS)<\/td><td><\/td><td><\/td><td><\/td><\/tr><tr><td>Tama\u00f1o<\/td><td>Longitud<\/td><td>Cintura<\/td><td>Busto inferior<\/td><\/tr><tr><td>S<\/td><td>19.69<\/td><td>22.05<\/td><td>23.23-34.65<\/td><\/tr><tr><td>METRO<\/td><td>20.08<\/td><td>23.62<\/td><td>24.80-36.22<\/td><\/tr><tr><td>L<\/td><td>20.47<\/td><td>25.2<\/td><td>26.38-37.80<\/td><\/tr><\/tbody><\/table><\/figure>","protected":false},"excerpt":{"rendered":"<p>A\u00f1ade un poco de glamour moderno a cualquier armario de lencer\u00eda con nuestro moderno body de lencer\u00eda sexy con dise\u00f1o de cuello halter, que ofrece estilo, comodidad y atractivo, todo en uno. Seguramente destacar\u00e1 entre cualquier colecci\u00f3n.<\/p>","protected":false},"featured_media":45291,"template":"","meta":[],"product_brand":[],"product_cat":[370,367,373],"product_tag":[448,446,447,504],"class_list":{"0":"post-45281","1":"product","2":"type-product","3":"status-publish","4":"has-post-thumbnail","6":"product_cat-bodysuit","7":"product_cat-sexy-lingerie","8":"product_cat-wholesale-sexy-mesh-bodysuit","9":"product_tag-wholesale-elegant-sexy-lingerie","10":"product_tag-wholesale-sexy-see-through-lingerie","11":"product_tag-wholesale-strappy-sexy-lingerie","12":"product_tag-ultra-sexy","13":"pa_color-black","14":"pa_size-wholesale-large-size-women-sexy-lingerie","15":"pa_size-wholesale-medium-size-women-sexy-lingerie","16":"pa_size-wholesale-small-size-sexy-lingerie","18":"first","19":"instock","20":"taxable","21":"shipping-taxable","22":"purchasable","23":"product-type-variable"},"tiered_pricing_type":"fixed","tiered_pricing_fixed_rules":[],"tiered_pricing_product_settings":{"layout":"default","base_unit_name":{"singular":null,"plural":null},"default_variation":{}},"tiered_pricing_minimum_quantity":null,"tiered_pricing_roles_data":[],"tiered_pricing_percentage_rules":[],"tiered_pricing_maximum_quantity":null,"tiered_pricing_quantity_step":null,"_links":{"self":[{"href":"https:\/\/gretasexylingerie.com\/es\/wp-json\/wp\/v2\/product\/45281","targetHints":{"allow":["GET"]}}],"collection":[{"href":"https:\/\/gretasexylingerie.com\/es\/wp-json\/wp\/v2\/product"}],"about":[{"href":"https:\/\/gretasexylingerie.com\/es\/wp-json\/wp\/v2\/types\/product"}],"wp:featuredmedia":[{"embeddable":true,"href":"https:\/\/gretasexylingerie.com\/es\/wp-json\/wp\/v2\/media\/45291"}],"wp:attachment":[{"href":"https:\/\/gretasexylingerie.com\/es\/wp-json\/wp\/v2\/media?parent=45281"}],"wp:term":[{"taxonomy":"product_brand","embeddable":true,"href":"https:\/\/gretasexylingerie.com\/es\/wp-json\/wp\/v2\/product_brand?post=45281"},{"taxonomy":"product_cat","embeddable":true,"href":"https:\/\/gretasexylingerie.com\/es\/wp-json\/wp\/v2\/product_cat?post=45281"},{"taxonomy":"product_tag","embeddable":true,"href":"https:\/\/gretasexylingerie.com\/es\/wp-json\/wp\/v2\/product_tag?post=45281"}],"curies":[{"name":"Gracias","href":"https:\/\/api.w.org\/{rel}","templated":true}]}}