{"id":45225,"date":"2023-09-17T22:18:21","date_gmt":"2023-09-17T14:18:21","guid":{"rendered":"https:\/\/gretasexylingerie.com\/?post_type=product&#038;p=45225"},"modified":"2023-09-17T22:20:00","modified_gmt":"2023-09-17T14:20:00","slug":"venta-al-por-mayor-elegante-conjunto-de-lenceria-de-cuatro-piezas-con-falda-que-cubre-la-cadera","status":"publish","type":"product","link":"https:\/\/gretasexylingerie.com\/es\/products\/wholesale-elegant-four-piece-lingerie-set-with-hip-covering-skirt\/","title":{"rendered":"Conjunto de lencer\u00eda elegante de cuatro piezas al por mayor con falda que cubre la cadera"},"content":{"rendered":"<ol class=\"wp-block-list\">\n<li>Nuestro conjunto de cuatro piezas de sujetador sexy con tirantes cruzados fue cuidadosamente elaborado con meticuloso cuidado para ofrecer productos de primer nivel para su colecci\u00f3n. Con nuestro caracter\u00edstico dise\u00f1o de tirantes cruzados y falda que cubre la cadera, cada pieza demuestra nuestra calidad y compromiso.<\/li>\n\n\n\n<li>El elegante conjunto de lencer\u00eda de cuatro piezas combina estilo y comodidad en un conjunto sin costuras. Con delicadas tiras cruzadas contra tu piel para toques delicados, mientras que la falda que cubre la cadera agrega sofisticaci\u00f3n para quienes buscan ambas cosas. Una gran pieza para quienes disfrutan tanto del estilo como de la comodidad en su ropa de lencer\u00eda.<\/li>\n\n\n\n<li>Nuestro conjunto de sujetador sexy con tirantes cruzados y falda muestra una artesan\u00eda exquisita. Con su distintivo dise\u00f1o de tiras cruzadas, este conjunto de cuatro piezas destaca en cualquier colecci\u00f3n de lencer\u00eda.<\/li>\n<\/ol>\n\n\n\n<p>Aporta elegancia y encanto a tu vida con nuestro conjunto de cuatro piezas de sujetador sexy con tirantes cruzados, que incluye una falda que cubre la cadera. No se pierda esta exquisita pieza; p\u00f3ngase en contacto con nosotros hoy para realizar su pedido o realizar m\u00e1s consultas. \u00a1Redefinamos juntos la moda de la lencer\u00eda!<\/p>\n\n\n\n<figure class=\"wp-block-table is-style-stripes\"><table class=\"has-fixed-layout\"><tbody><tr><td>Gr\u00e1fico del sitio (CM)<\/td><td><\/td><td><\/td><td><\/td><td><\/td><\/tr><tr><td>Tama\u00f1o<\/td><td>Longitud<\/td><td>Busto inferior<\/td><td>Cintura<\/td><td>cintura de liga<\/td><\/tr><tr><td>S<\/td><td>13<\/td><td>67-88<\/td><td>64-96<\/td><td>60-92<\/td><\/tr><tr><td>METRO<\/td><td>14<\/td><td>71-92<\/td><td>68-1007<\/td><td>64-96<\/td><\/tr><tr><td>L<\/td><td>15<\/td><td>75-96<\/td><td>72-104<\/td><td>68-100<\/td><\/tr><tr><td>Gr\u00e1fico del sitio (PULGADAS)<\/td><td><\/td><td><\/td><td><\/td><td><\/td><\/tr><tr><td>Tama\u00f1o<\/td><td>Longitud<\/td><td>Busto inferior<\/td><td>Cintura<\/td><td>cintura de liga<\/td><\/tr><tr><td>S<\/td><td>5.12<\/td><td>26.38-34.65<\/td><td>25.20-37.80<\/td><td>23.62-36.22<\/td><\/tr><tr><td>METRO<\/td><td>5.51<\/td><td>27.95-36.22<\/td><td>26.77-396.85<\/td><td>25.20-37.80<\/td><\/tr><tr><td>L<\/td><td>5.91<\/td><td>29.53-37.80<\/td><td>28.35-40.94<\/td><td>26.77-39.37<\/td><\/tr><\/tbody><\/table><\/figure>","protected":false},"excerpt":{"rendered":"<p>Crea lo \u00faltimo en moda de lencer\u00eda con nuestro elegante conjunto de sujetador sexy con tirantes cruzados y falda. Dise\u00f1ado para ofrecer comodidad, estilo y atractivo a partes iguales, este conjunto de cuatro piezas destacar\u00e1 en cualquier colecci\u00f3n de lencer\u00eda.<\/p>","protected":false},"featured_media":45238,"template":"","meta":[],"product_brand":[],"product_cat":[368,367,375],"product_tag":[868,964,448,447,972],"class_list":{"0":"post-45225","1":"product","2":"type-product","3":"status-publish","4":"has-post-thumbnail","6":"product_cat-bra-panty-set","7":"product_cat-sexy-lingerie","8":"product_cat-whoelsale-sheer-bra-and-panty-sets","9":"product_tag-4-piece-lingerie-set","10":"product_tag-christmas-lingerie","11":"product_tag-wholesale-elegant-sexy-lingerie","12":"product_tag-wholesale-strappy-sexy-lingerie","13":"product_tag-valentines-day-lingerie","14":"pa_color-red-women-sexy-lingerie","15":"pa_size-wholesale-large-size-women-sexy-lingerie","16":"pa_size-wholesale-medium-size-women-sexy-lingerie","17":"pa_size-wholesale-small-size-sexy-lingerie","19":"first","20":"instock","21":"taxable","22":"shipping-taxable","23":"purchasable","24":"product-type-variable"},"tiered_pricing_type":"fixed","tiered_pricing_fixed_rules":[],"tiered_pricing_product_settings":{"layout":"default","base_unit_name":{"singular":null,"plural":null},"default_variation":{}},"tiered_pricing_minimum_quantity":null,"tiered_pricing_roles_data":[],"tiered_pricing_percentage_rules":[],"tiered_pricing_maximum_quantity":null,"tiered_pricing_quantity_step":null,"_links":{"self":[{"href":"https:\/\/gretasexylingerie.com\/es\/wp-json\/wp\/v2\/product\/45225","targetHints":{"allow":["GET"]}}],"collection":[{"href":"https:\/\/gretasexylingerie.com\/es\/wp-json\/wp\/v2\/product"}],"about":[{"href":"https:\/\/gretasexylingerie.com\/es\/wp-json\/wp\/v2\/types\/product"}],"wp:featuredmedia":[{"embeddable":true,"href":"https:\/\/gretasexylingerie.com\/es\/wp-json\/wp\/v2\/media\/45238"}],"wp:attachment":[{"href":"https:\/\/gretasexylingerie.com\/es\/wp-json\/wp\/v2\/media?parent=45225"}],"wp:term":[{"taxonomy":"product_brand","embeddable":true,"href":"https:\/\/gretasexylingerie.com\/es\/wp-json\/wp\/v2\/product_brand?post=45225"},{"taxonomy":"product_cat","embeddable":true,"href":"https:\/\/gretasexylingerie.com\/es\/wp-json\/wp\/v2\/product_cat?post=45225"},{"taxonomy":"product_tag","embeddable":true,"href":"https:\/\/gretasexylingerie.com\/es\/wp-json\/wp\/v2\/product_tag?post=45225"}],"curies":[{"name":"Gracias","href":"https:\/\/api.w.org\/{rel}","templated":true}]}}