{"id":45205,"date":"2023-09-17T01:37:38","date_gmt":"2023-09-16T17:37:38","guid":{"rendered":"https:\/\/gretasexylingerie.com\/?post_type=product&#038;p=45205"},"modified":"2023-09-17T01:39:15","modified_gmt":"2023-09-16T17:39:15","slug":"venta-al-por-mayor-lenceria-sexy-con-bordado-de-llama-conjunto-de-cuatro-piezas-con-sujetador-de-cadena","status":"publish","type":"product","link":"https:\/\/gretasexylingerie.com\/es\/products\/wholesale-flame-embroidery-sexy-lingerie-four-piece-set-with-chain-bra\/","title":{"rendered":"Conjunto de cuatro piezas de lencer\u00eda sexy con bordado de llama al por mayor con sujetador de cadena"},"content":{"rendered":"<ol class=\"wp-block-list\">\n<li>Nuestro conjunto de cuatro piezas de lencer\u00eda sexy con bordado de llamas fue elaborado a mano con cuidado, lo que garantiza productos de primer nivel para su colecci\u00f3n. Con un dise\u00f1o de sujetador de cadena \u00fanico y caracter\u00edsticas huecas que muestran la calidad y la dedicaci\u00f3n puestas en cada pieza, \u00a1esta colecci\u00f3n se convertir\u00e1 en la estrella de tu guardarropa!<\/li>\n\n\n\n<li>El conjunto de lencer\u00eda con sujetador de cadena hueca especial Newlywed es elegante y c\u00f3modo, y presenta un exquisito bordado de llamas que acaricia suavemente la piel, mientras que el sujetador de cadena agrega un toque de nerviosismo, ideal para parejas que buscan estilo y comodidad en un solo paquete.<\/li>\n\n\n\n<li>Nuestro elegante conjunto de lencer\u00eda con bordado de llamas y sujetador de cadena sexy ejemplifica la artesan\u00eda fina. Su dise\u00f1o hueco a\u00f1ade un encanto \u00fanico, haciendo que este conjunto de cuatro piezas destaque en cualquier colecci\u00f3n de lencer\u00eda.<\/li>\n<\/ol>\n\n\n\n<p>Haz una declaraci\u00f3n impresionante con nuestro conjunto de cuatro piezas de lencer\u00eda sexy con bordado de llamas, completo con su llamativo sujetador de cadena. No cualquier prenda de lencer\u00eda vieja; \u00a1Esta pieza premium fue creada especialmente para los reci\u00e9n casados! No te lo pierdas; Cont\u00e1ctanos ahora para asegurar esta pieza de lujo: \u00a1juntos, estamos prendiendo fuego al mundo de la moda de lencer\u00eda!<\/p>\n\n\n\n<figure class=\"wp-block-table is-style-stripes\"><table class=\"has-fixed-layout\"><tbody><tr><td>Gr\u00e1fico del sitio (CM)<\/td><td><\/td><td><\/td><td><\/td><td><\/td><\/tr><tr><td>Tama\u00f1o<\/td><td>Longitud<\/td><td>Busto inferior<\/td><td>Cintura<\/td><td>cintura de liga<\/td><\/tr><tr><td>S<\/td><td>16<\/td><td>63-88<\/td><td>64-96<\/td><td>63-92<\/td><\/tr><tr><td>METRO<\/td><td>17<\/td><td>67-92<\/td><td>68-100<\/td><td>67-92<\/td><\/tr><tr><td>L<\/td><td>18<\/td><td>71-96<\/td><td>72-104<\/td><td>71-96<\/td><\/tr><tr><td>Gr\u00e1fico del sitio (PULGADAS)<\/td><td><\/td><td><\/td><td><\/td><td><\/td><\/tr><tr><td>Tama\u00f1o<\/td><td>Longitud<\/td><td>Busto inferior<\/td><td>Cintura<\/td><td>cintura de liga<\/td><\/tr><tr><td>S<\/td><td>6.3<\/td><td>24.80-34.65<\/td><td>25.20-37.80<\/td><td>24.80-36.22<\/td><\/tr><tr><td>METRO<\/td><td>6.69<\/td><td>26.38-36.22<\/td><td>26.77-39.37<\/td><td>26.38-36.22<\/td><\/tr><tr><td>L<\/td><td>7.09<\/td><td>27.95-37.80<\/td><td>28.35-40.94<\/td><td>27.95-37.80<\/td><\/tr><\/tbody><\/table><\/figure>","protected":false},"excerpt":{"rendered":"<p>Presentamos nuestro conjunto de cuatro piezas de lencer\u00eda sexy con bordado de llamas, cuidadosamente elaborado con su distintivo dise\u00f1o de sujetador de cadena para una apariencia llamativa y tentadora que es ideal para los reci\u00e9n casados que buscan agregar elegancia y atractivo a su conjunto.<\/p>","protected":false},"featured_media":45219,"template":"","meta":[],"product_brand":[],"product_cat":[368,369,367],"product_tag":[868,452,964,448,532,453,972],"class_list":{"0":"post-45205","1":"product","2":"type-product","3":"status-publish","4":"has-post-thumbnail","6":"product_cat-bra-panty-set","7":"product_cat-wholesale-lace-bra-and-panty-sets","8":"product_cat-sexy-lingerie","9":"product_tag-4-piece-lingerie-set","10":"product_tag-wholesale-boudoir-lingerie","11":"product_tag-christmas-lingerie","12":"product_tag-wholesale-elegant-sexy-lingerie","13":"product_tag-lingerie-suspender-set","14":"product_tag-wholesale-sexy-naughty-lingerie","15":"product_tag-valentines-day-lingerie","16":"pa_color-red-women-sexy-lingerie","17":"pa_size-wholesale-large-size-women-sexy-lingerie","18":"pa_size-wholesale-medium-size-women-sexy-lingerie","19":"pa_size-wholesale-small-size-sexy-lingerie","21":"first","22":"instock","23":"taxable","24":"shipping-taxable","25":"purchasable","26":"product-type-variable"},"tiered_pricing_type":"fixed","tiered_pricing_fixed_rules":[],"tiered_pricing_product_settings":{"layout":"default","base_unit_name":{"singular":null,"plural":null},"default_variation":{}},"tiered_pricing_minimum_quantity":null,"tiered_pricing_roles_data":[],"tiered_pricing_percentage_rules":[],"tiered_pricing_maximum_quantity":null,"tiered_pricing_quantity_step":null,"_links":{"self":[{"href":"https:\/\/gretasexylingerie.com\/es\/wp-json\/wp\/v2\/product\/45205","targetHints":{"allow":["GET"]}}],"collection":[{"href":"https:\/\/gretasexylingerie.com\/es\/wp-json\/wp\/v2\/product"}],"about":[{"href":"https:\/\/gretasexylingerie.com\/es\/wp-json\/wp\/v2\/types\/product"}],"wp:featuredmedia":[{"embeddable":true,"href":"https:\/\/gretasexylingerie.com\/es\/wp-json\/wp\/v2\/media\/45219"}],"wp:attachment":[{"href":"https:\/\/gretasexylingerie.com\/es\/wp-json\/wp\/v2\/media?parent=45205"}],"wp:term":[{"taxonomy":"product_brand","embeddable":true,"href":"https:\/\/gretasexylingerie.com\/es\/wp-json\/wp\/v2\/product_brand?post=45205"},{"taxonomy":"product_cat","embeddable":true,"href":"https:\/\/gretasexylingerie.com\/es\/wp-json\/wp\/v2\/product_cat?post=45205"},{"taxonomy":"product_tag","embeddable":true,"href":"https:\/\/gretasexylingerie.com\/es\/wp-json\/wp\/v2\/product_tag?post=45205"}],"curies":[{"name":"Gracias","href":"https:\/\/api.w.org\/{rel}","templated":true}]}}