{"id":45179,"date":"2023-09-16T00:39:07","date_gmt":"2023-09-15T16:39:07","guid":{"rendered":"https:\/\/gretasexylingerie.com\/?post_type=product&#038;p=45179"},"modified":"2023-10-22T22:52:41","modified_gmt":"2023-10-22T14:52:41","slug":"venta-al-por-mayor-conjunto-de-lenceria-sexy-para-mujer-de-nuevo-estilo-con-bordado-floral","status":"publish","type":"product","link":"https:\/\/gretasexylingerie.com\/es\/products\/wholesale-new-style-sexy-lingerie-womens-set-with-floral-embroidery\/","title":{"rendered":"Venta al por mayor Conjunto de mujeres de lencer\u00eda sexy de nuevo estilo con bordado floral"},"content":{"rendered":"<ol class=\"wp-block-list\">\n<li>Nuestro conjunto de lencer\u00eda sexy para mujer New Style ha sido meticulosamente elaborado a mano con inquebrantable atenci\u00f3n al detalle, lo que da como resultado un producto exquisito para su colecci\u00f3n, con una gran artesan\u00eda y bordados florales que muestran la calidad y dedicaci\u00f3n de cada pieza de este conjunto.<\/li>\n\n\n\n<li>El conjunto de lencer\u00eda sexy fashion con tirantes de patchwork combina estilo y comodidad a la perfecci\u00f3n, ofreciendo encaje suave contra tu piel mientras que el intrincado bordado agrega sofisticaci\u00f3n. Perfecto para quienes buscan elegancia y comodidad en uno.<\/li>\n\n\n\n<li>Nuestro elegante conjunto de lencer\u00eda bordada con encaje sexy y tirantes de patchwork ejemplifica una artesan\u00eda excepcional. Los tirantes de patchwork a\u00f1aden un toque distintivo, lo que garantiza que esta pieza destaque en cualquier colecci\u00f3n de lencer\u00eda.<\/li>\n<\/ol>\n\n\n\n<p>Sum\u00e9rgete en la elegancia y el encanto con nuestro conjunto de lencer\u00eda sexy para mujer New Style, con bordados florales. No te pierdas esta pieza premium; Cont\u00e1ctenos ahora para realizar su pedido o cualquier consulta: \u00a1juntos, redefinamos la moda de la lencer\u00eda!<\/p>\n\n\n\n<figure class=\"wp-block-table is-style-stripes\"><table class=\"has-fixed-layout\"><tbody><tr><td>Gr\u00e1fico del sitio (CM)<\/td><td><\/td><td><\/td><td><\/td><td><\/td><\/tr><tr><td>Tama\u00f1o<\/td><td>Longitud<\/td><td>Busto inferior<\/td><td>Cintura<\/td><td>cintura de liga<\/td><\/tr><tr><td>S<\/td><td>14<\/td><td>66-92<\/td><td>70-96<\/td><td>64-90<\/td><\/tr><tr><td>METRO<\/td><td>15<\/td><td>70-96<\/td><td>74-100<\/td><td>68-94<\/td><\/tr><tr><td>L<\/td><td>16<\/td><td>74-100<\/td><td>78-104<\/td><td>72-98<\/td><\/tr><tr><td>Gr\u00e1fico del sitio (PULGADAS)<\/td><td><\/td><td><\/td><td><\/td><td><\/td><\/tr><tr><td>Tama\u00f1o<\/td><td>Longitud<\/td><td>Busto inferior<\/td><td>Cintura<\/td><td>cintura de liga<\/td><\/tr><tr><td>S<\/td><td>5.51<\/td><td>25.98-36.22<\/td><td>27.56-37.80<\/td><td>25.20-35.43<\/td><\/tr><tr><td>METRO<\/td><td>5.91<\/td><td>27.56-37.80<\/td><td>29.13-39.37<\/td><td>26.77-37.01<\/td><\/tr><tr><td>L<\/td><td>6.3<\/td><td>29.13-39.37<\/td><td>30.71-40.94<\/td><td>28.35-38.58<\/td><\/tr><\/tbody><\/table><\/figure>","protected":false},"excerpt":{"rendered":"<p>Bienvenido a nuestro nuevo conjunto de lencer\u00eda sexy para mujer, meticulosamente elaborado a mano con gran destreza y con bordados florales para una apariencia encantadora y cautivadora: \u00a1ideal para clientes que buscan lo \u00faltimo en moda de lencer\u00eda! Este conjunto promete sofisticaci\u00f3n y looks tentadores; \u00a1Haciendo de esta una excelente adici\u00f3n a tu guardarropa de lencer\u00eda!<\/p>\n<p>https:\/\/youtu.be\/iB6wQcDs-qg<\/p>","protected":false},"featured_media":45195,"template":"","meta":[],"product_brand":[],"product_cat":[368,367,375],"product_tag":[868,870,446,453,865],"class_list":{"0":"post-45179","1":"product","2":"type-product","3":"status-publish","4":"has-post-thumbnail","6":"product_cat-bra-panty-set","7":"product_cat-sexy-lingerie","8":"product_cat-whoelsale-sheer-bra-and-panty-sets","9":"product_tag-4-piece-lingerie-set","10":"product_tag-floral-lingerie","11":"product_tag-wholesale-sexy-see-through-lingerie","12":"product_tag-wholesale-sexy-naughty-lingerie","13":"product_tag-sexy-skimpy-lingerie","14":"pa_color-light-purple","15":"pa_size-wholesale-large-size-women-sexy-lingerie","16":"pa_size-wholesale-medium-size-women-sexy-lingerie","17":"pa_size-wholesale-small-size-sexy-lingerie","19":"first","20":"instock","21":"taxable","22":"shipping-taxable","23":"purchasable","24":"product-type-variable"},"tiered_pricing_type":"fixed","tiered_pricing_fixed_rules":[],"tiered_pricing_product_settings":{"layout":"default","base_unit_name":{"singular":null,"plural":null},"default_variation":{}},"tiered_pricing_minimum_quantity":null,"tiered_pricing_roles_data":[],"tiered_pricing_percentage_rules":[],"tiered_pricing_maximum_quantity":null,"tiered_pricing_quantity_step":null,"_links":{"self":[{"href":"https:\/\/gretasexylingerie.com\/es\/wp-json\/wp\/v2\/product\/45179","targetHints":{"allow":["GET"]}}],"collection":[{"href":"https:\/\/gretasexylingerie.com\/es\/wp-json\/wp\/v2\/product"}],"about":[{"href":"https:\/\/gretasexylingerie.com\/es\/wp-json\/wp\/v2\/types\/product"}],"wp:featuredmedia":[{"embeddable":true,"href":"https:\/\/gretasexylingerie.com\/es\/wp-json\/wp\/v2\/media\/45195"}],"wp:attachment":[{"href":"https:\/\/gretasexylingerie.com\/es\/wp-json\/wp\/v2\/media?parent=45179"}],"wp:term":[{"taxonomy":"product_brand","embeddable":true,"href":"https:\/\/gretasexylingerie.com\/es\/wp-json\/wp\/v2\/product_brand?post=45179"},{"taxonomy":"product_cat","embeddable":true,"href":"https:\/\/gretasexylingerie.com\/es\/wp-json\/wp\/v2\/product_cat?post=45179"},{"taxonomy":"product_tag","embeddable":true,"href":"https:\/\/gretasexylingerie.com\/es\/wp-json\/wp\/v2\/product_tag?post=45179"}],"curies":[{"name":"Gracias","href":"https:\/\/api.w.org\/{rel}","templated":true}]}}