{"id":45124,"date":"2023-09-15T01:17:26","date_gmt":"2023-09-14T17:17:26","guid":{"rendered":"https:\/\/gretasexylingerie.com\/?post_type=product&#038;p=45124"},"modified":"2023-10-22T23:16:41","modified_gmt":"2023-10-22T15:16:41","slug":"conjunto-de-lenceria-bordada-de-artesania-pesada-lenceria-al-por-mayor","status":"publish","type":"product","link":"https:\/\/gretasexylingerie.com\/es\/products\/heavy-craftsmanship-embroidered-lingerie-set-wholesale-lingerie\/","title":{"rendered":"Conjunto de lencer\u00eda bordada de artesan\u00eda pesada - Lencer\u00eda al por mayor"},"content":{"rendered":"<ol class=\"wp-block-list\">\n<li>Nuestro conjunto de lencer\u00eda sexy para mujer New Style ha sido meticulosamente elaborado a mano, lo que garantiza un producto excepcional para su colecci\u00f3n. La gran artesan\u00eda y el bordado muestran la calidad y la dedicaci\u00f3n puestas en cada pieza del conjunto.<\/li>\n\n\n\n<li>El conjunto de lencer\u00eda bordada Heavy Craftsmanship combina estilo y comodidad para una combinaci\u00f3n ideal. El encaje sexy brinda un toque delicado contra la piel, mientras que los bordados intrincados agregan un nivel de sofisticaci\u00f3n: \u00a1la combinaci\u00f3n ideal para quienes buscan estilo y comodidad en un solo paquete!<\/li>\n\n\n\n<li>Nuestro elegante conjunto de lencer\u00eda sexy de encaje con bordado premium es un testimonio de una artesan\u00eda superior. Con impresionantes detalles bordados que a\u00f1aden un aire de sofisticaci\u00f3n, esta pieza destaca en cualquier colecci\u00f3n de lencer\u00eda.<\/li>\n<\/ol>\n\n\n\n<p>Entra en un mundo de elegancia y encanto con nuestro conjunto de lencer\u00eda sexy para mujer New Style, que cuenta con un bordado exquisito. No cualquier prenda de lencer\u00eda, no se pierda esta pieza premium, cont\u00e1ctenos ahora para realizar su pedido o realizar cualquier consulta, trabajemos juntos para redefinir juntos la moda de la lencer\u00eda.<\/p>\n\n\n\n<figure class=\"wp-block-table is-style-stripes\"><table class=\"has-fixed-layout\"><tbody><tr><td>Gr\u00e1fico del sitio (CM)<\/td><td><\/td><td><\/td><td><\/td><td><\/td><\/tr><tr><td>Tama\u00f1o<\/td><td>Longitud<\/td><td>Busto inferior<\/td><td>Cintura<\/td><td>cintura de liga<\/td><\/tr><tr><td>S<\/td><td>27<\/td><td>64-86<\/td><td>70-896<\/td><td>64-86<\/td><\/tr><tr><td>METRO<\/td><td>28<\/td><td>68-90<\/td><td>74-100<\/td><td>68-90<\/td><\/tr><tr><td>L<\/td><td>29<\/td><td>72-94<\/td><td>78-104<\/td><td>72-94<\/td><\/tr><tr><td>Gr\u00e1fico del sitio (PULGADAS)<\/td><td><\/td><td><\/td><td><\/td><td><\/td><\/tr><tr><td>Tama\u00f1o<\/td><td>Longitud<\/td><td>Busto inferior<\/td><td>Cintura<\/td><td>cintura de liga<\/td><\/tr><tr><td>S<\/td><td>10.63<\/td><td>25.20-33.86<\/td><td>27.56-352.76<\/td><td>25.20-33.86<\/td><\/tr><tr><td>METRO<\/td><td>11.02<\/td><td>26.77-35.43<\/td><td>29.13-39.37<\/td><td>26.77-35.43<\/td><\/tr><tr><td>L<\/td><td>11.42<\/td><td>28.35-37.01<\/td><td>30.71-40.94<\/td><td>28.35-37.01<\/td><\/tr><\/tbody><\/table><\/figure>","protected":false},"excerpt":{"rendered":"<p>Descubra nuestro conjunto de lencer\u00eda sexy para mujer de nuevo estilo, meticulosamente confeccionado a mano con bordados exquisitos para una apariencia sofisticada y seductora: \u00a1ideal para clientes que buscan lo \u00faltimo en moda de lencer\u00eda!<\/p>\n<p>https:\/\/youtu.be\/BtIVaoCX1LA<\/p>","protected":false},"featured_media":45159,"template":"","meta":[],"product_brand":[],"product_cat":[368,369,367],"product_tag":[868,875,532,510,865],"class_list":{"0":"post-45124","1":"product","2":"type-product","3":"status-publish","4":"has-post-thumbnail","6":"product_cat-bra-panty-set","7":"product_cat-wholesale-lace-bra-and-panty-sets","8":"product_cat-sexy-lingerie","9":"product_tag-4-piece-lingerie-set","10":"product_tag-lace-sexy-lingerie","11":"product_tag-lingerie-suspender-set","12":"product_tag-ruffles-lingerie","13":"product_tag-sexy-skimpy-lingerie","14":"pa_color-black","15":"pa_color-green","16":"pa_color-red-women-sexy-lingerie","17":"pa_size-wholesale-large-size-women-sexy-lingerie","18":"pa_size-wholesale-medium-size-women-sexy-lingerie","19":"pa_size-wholesale-small-size-sexy-lingerie","21":"first","22":"instock","23":"taxable","24":"shipping-taxable","25":"purchasable","26":"product-type-variable"},"tiered_pricing_type":"fixed","tiered_pricing_fixed_rules":[],"tiered_pricing_product_settings":{"layout":"default","base_unit_name":{"singular":null,"plural":null},"default_variation":{}},"tiered_pricing_minimum_quantity":null,"tiered_pricing_roles_data":[],"tiered_pricing_percentage_rules":[],"tiered_pricing_maximum_quantity":null,"tiered_pricing_quantity_step":null,"_links":{"self":[{"href":"https:\/\/gretasexylingerie.com\/es\/wp-json\/wp\/v2\/product\/45124","targetHints":{"allow":["GET"]}}],"collection":[{"href":"https:\/\/gretasexylingerie.com\/es\/wp-json\/wp\/v2\/product"}],"about":[{"href":"https:\/\/gretasexylingerie.com\/es\/wp-json\/wp\/v2\/types\/product"}],"wp:featuredmedia":[{"embeddable":true,"href":"https:\/\/gretasexylingerie.com\/es\/wp-json\/wp\/v2\/media\/45159"}],"wp:attachment":[{"href":"https:\/\/gretasexylingerie.com\/es\/wp-json\/wp\/v2\/media?parent=45124"}],"wp:term":[{"taxonomy":"product_brand","embeddable":true,"href":"https:\/\/gretasexylingerie.com\/es\/wp-json\/wp\/v2\/product_brand?post=45124"},{"taxonomy":"product_cat","embeddable":true,"href":"https:\/\/gretasexylingerie.com\/es\/wp-json\/wp\/v2\/product_cat?post=45124"},{"taxonomy":"product_tag","embeddable":true,"href":"https:\/\/gretasexylingerie.com\/es\/wp-json\/wp\/v2\/product_tag?post=45124"}],"curies":[{"name":"Gracias","href":"https:\/\/api.w.org\/{rel}","templated":true}]}}