{"id":44193,"date":"2023-08-07T21:08:04","date_gmt":"2023-08-07T13:08:04","guid":{"rendered":"https:\/\/gretasexylingerie.com\/?post_type=product&#038;p=44193"},"modified":"2023-10-22T22:57:47","modified_gmt":"2023-10-22T14:57:47","slug":"atractivo-conjunto-de-sujetador-con-escote-halter-borlas-y-escote-halter","status":"publish","type":"product","link":"https:\/\/gretasexylingerie.com\/es\/products\/alluring-cutout-bra-set-with-tassels-and-halter-neck\/","title":{"rendered":"Juego de sujetador con recorte seductor con borlas y cuello halter"},"content":{"rendered":"<ol class=\"wp-block-list\">\n<li>Nuestro conjunto de sujetador sexy abierto con borlas y cuello halter est\u00e1 dise\u00f1ado teniendo en cuenta las \u00faltimas tendencias de la moda. El dise\u00f1o recortado a\u00f1ade un toque de audacia, mientras que las borlas aseguran un look irresistible. Este conjunto seguramente ser\u00e1 un \u00e9xito entre sus clientes.<\/li>\n\n\n\n<li>El Alluring Cutout Bra Set con borlas y cuello halter es elegante y c\u00f3modo. El dise\u00f1o abierto a\u00f1ade un toque de elegancia, mientras que el cuello halter ofrece un ajuste personalizado. Este conjunto es perfecto para clientes que buscan estilo y comodidad en su lencer\u00eda.<\/li>\n\n\n\n<li>Nuestro impresionante conjunto de sujetador y panty abierto con borlas es \u00fanico en dise\u00f1o y de alta calidad. El dise\u00f1o abierto agrega un toque de nerviosismo, mientras que las borlas aseguran una sensaci\u00f3n de lujo. Este conjunto seguramente se destacar\u00e1 en cualquier colecci\u00f3n de lencer\u00eda.<\/li>\n<\/ol>\n\n\n\n<p>Abrace lo atrevido y hermoso con nuestro Sexy Open Bra Set, con borlas y cuello halter. Este conjunto no es solo un producto; es una declaraci\u00f3n de estilo que a sus clientes les encantar\u00e1. Por favor, no espere; cont\u00e1ctenos hoy para hacer su pedido o para hacer cualquier pregunta. \u00a1Redefinamos juntos la moda de la lencer\u00eda!<\/p>\n\n\n\n<figure class=\"wp-block-table is-style-stripes\"><table class=\"has-fixed-layout\"><tbody><tr><td>Gr\u00e1fico del sitio (CM)<\/td><td><\/td><td><\/td><td><\/td><\/tr><tr><td>Tama\u00f1o<\/td><td>Longitud<\/td><td>Cintura<\/td><td>Busto inferior<\/td><\/tr><tr><td>S<\/td><td>22<\/td><td>66-88<\/td><td>68-80<\/td><\/tr><tr><td>METRO<\/td><td>23<\/td><td>70-92<\/td><td>72-84<\/td><\/tr><tr><td>L<\/td><td>24<\/td><td>74-96<\/td><td>76-88<\/td><\/tr><tr><td>Gr\u00e1fico del sitio (PULGADAS)<\/td><td><\/td><td><\/td><td><\/td><\/tr><tr><td>Tama\u00f1o<\/td><td>Longitud<\/td><td>Cintura<\/td><td>Busto inferior<\/td><\/tr><tr><td>S<\/td><td>8.66<\/td><td>25.98-34.65<\/td><td>26.77-31.50<\/td><\/tr><tr><td>METRO<\/td><td>9.06<\/td><td>27.56-36.22<\/td><td>28.35-33.07<\/td><\/tr><tr><td>L<\/td><td>9.45<\/td><td>29.13-37.80<\/td><td>29.92-34.65<\/td><\/tr><\/tbody><\/table><\/figure>","protected":false},"excerpt":{"rendered":"<p>Mant\u00e9ngase a la vanguardia de la tendencia de la ropa interior con nuestro conjunto de sujetador con corte seductor con borlas y cuello halter. Este conjunto combina el encanto de un dise\u00f1o abierto con la elegancia de las borlas. Fabricado con una artesan\u00eda exquisita, es una adici\u00f3n impresionante a cualquier colecci\u00f3n de lencer\u00eda.<\/p>\n<p>https:\/\/youtu.be\/09GQ3-4c6Gs<\/p>","protected":false},"featured_media":44209,"template":"","meta":[],"product_brand":[],"product_cat":[368,380,367,376],"product_tag":[446,880,449,533,453],"class_list":{"0":"post-44193","1":"product","2":"type-product","3":"status-publish","4":"has-post-thumbnail","6":"product_cat-bra-panty-set","7":"product_cat-wholesale-harness-bra-and-panty-set","8":"product_cat-sexy-lingerie","9":"product_cat-wholesale-ultra-sexy-bra-panty-set","10":"product_tag-wholesale-sexy-see-through-lingerie","11":"product_tag-sexy-2-piece-lingerie","12":"product_tag-wholesale-sexy-crotchless-lingerie","13":"product_tag-sexy-cupless-lingerie","14":"product_tag-wholesale-sexy-naughty-lingerie","15":"pa_color-black","16":"pa_color-red-women-sexy-lingerie","17":"pa_size-wholesale-large-size-women-sexy-lingerie","18":"pa_size-wholesale-medium-size-women-sexy-lingerie","19":"pa_size-wholesale-small-size-sexy-lingerie","21":"first","22":"instock","23":"taxable","24":"shipping-taxable","25":"purchasable","26":"product-type-variable"},"tiered_pricing_type":"fixed","tiered_pricing_fixed_rules":[],"tiered_pricing_product_settings":{"layout":"default","base_unit_name":{"singular":null,"plural":null},"default_variation":{}},"tiered_pricing_minimum_quantity":null,"tiered_pricing_roles_data":{"default_wholesaler":{"product_id":44193,"role":"default_wholesaler","pricing_type":"flat","regular_price":null,"sale_price":null,"discount":null,"discount_type":"sale_price","tiered_pricing_type":"fixed","percentage_rules":[],"fixed_rules":{"2":"7.89","30":"6.69","500":"5.89"},"minimum":null},"dropshippinger":{"product_id":44193,"role":"dropshippinger","pricing_type":"flat","regular_price":null,"sale_price":null,"discount":null,"discount_type":"sale_price","tiered_pricing_type":"fixed","percentage_rules":[],"fixed_rules":{"1":"9.39","5":"7.89","30":"5.89"},"minimum":null}},"tiered_pricing_percentage_rules":[],"tiered_pricing_maximum_quantity":null,"tiered_pricing_quantity_step":null,"_links":{"self":[{"href":"https:\/\/gretasexylingerie.com\/es\/wp-json\/wp\/v2\/product\/44193","targetHints":{"allow":["GET"]}}],"collection":[{"href":"https:\/\/gretasexylingerie.com\/es\/wp-json\/wp\/v2\/product"}],"about":[{"href":"https:\/\/gretasexylingerie.com\/es\/wp-json\/wp\/v2\/types\/product"}],"wp:featuredmedia":[{"embeddable":true,"href":"https:\/\/gretasexylingerie.com\/es\/wp-json\/wp\/v2\/media\/44209"}],"wp:attachment":[{"href":"https:\/\/gretasexylingerie.com\/es\/wp-json\/wp\/v2\/media?parent=44193"}],"wp:term":[{"taxonomy":"product_brand","embeddable":true,"href":"https:\/\/gretasexylingerie.com\/es\/wp-json\/wp\/v2\/product_brand?post=44193"},{"taxonomy":"product_cat","embeddable":true,"href":"https:\/\/gretasexylingerie.com\/es\/wp-json\/wp\/v2\/product_cat?post=44193"},{"taxonomy":"product_tag","embeddable":true,"href":"https:\/\/gretasexylingerie.com\/es\/wp-json\/wp\/v2\/product_tag?post=44193"}],"curies":[{"name":"Gracias","href":"https:\/\/api.w.org\/{rel}","templated":true}]}}