{"id":44091,"date":"2023-08-05T00:23:38","date_gmt":"2023-08-04T16:23:38","guid":{"rendered":"https:\/\/gretasexylingerie.com\/?post_type=product&#038;p=44091"},"modified":"2023-10-22T22:47:36","modified_gmt":"2023-10-22T14:47:36","slug":"conjunto-de-tres-piezas-de-sujetador-con-cadena-de-metal-sin-copas-y-cintura-con-plumas","status":"publish","type":"product","link":"https:\/\/gretasexylingerie.com\/es\/products\/cupless-metal-chain-bra-three-piece-set-with-feather-waist\/","title":{"rendered":"Conjunto de tres piezas de sujetador de cadena de metal sin copa con cintura de plumas"},"content":{"rendered":"<ol class=\"wp-block-list\">\n<li>Nuestro juego de tres piezas de sujetador de cadena de metal sin copa con cintur\u00f3n de plumas est\u00e1 dise\u00f1ado teniendo en cuenta las \u00faltimas tendencias de la moda. Las bragas de encaje transparente agregan un toque de elegancia, mientras que el dise\u00f1o s\u00faper sexy asegura una apariencia irresistible. Este conjunto seguramente ser\u00e1 un \u00e9xito entre sus clientes.<\/li>\n\n\n\n<li>El conjunto de sujetador de tres piezas Super Sexy Black con bragas de encaje transparente es elegante y c\u00f3modo. El dise\u00f1o sin copa agrega un toque de audacia, mientras que la cadena de metal ofrece un ajuste personalizado. Este conjunto es perfecto para clientes que buscan estilo y comodidad en su lencer\u00eda.<\/li>\n\n\n\n<li>Nuestro conjunto de sujetador de cadena de metal sin copa con cintur\u00f3n de plumas y bragas de encaje transparente es \u00fanico en dise\u00f1o y de alta calidad. El dise\u00f1o s\u00faper sexy agrega un toque de nerviosismo, mientras que el color negro asegura una sensaci\u00f3n de lujo. Este conjunto seguramente se destacar\u00e1 en cualquier colecci\u00f3n de lencer\u00eda.<\/li>\n<\/ol>\n\n\n\n<p>Abrace lo atrevido y hermoso con nuestro juego de tres piezas de sujetador de cadena de metal sin copa, que presenta un cintur\u00f3n de plumas, bragas de encaje transparente y un dise\u00f1o s\u00faper sexy. Este conjunto de color negro no es solo un producto; es una declaraci\u00f3n de estilo que a sus clientes les encantar\u00e1. No espere; cont\u00e1ctenos hoy para hacer su pedido o para hacer cualquier pregunta. \u00a1Redefinamos juntos la moda de la lencer\u00eda!<\/p>\n\n\n\n<figure class=\"wp-block-table is-style-stripes\"><table class=\"has-fixed-layout\"><tbody><tr><td>Gr\u00e1fico del sitio (CM)<\/td><td><\/td><td><\/td><td><\/td><td><\/td><\/tr><tr><td>Tama\u00f1o<\/td><td>Longitud<\/td><td>Busto inferior<\/td><td>Cintura<\/td><td>cintura de liga<\/td><\/tr><tr><td>S<\/td><td>11.5<\/td><td>66<\/td><td>68<\/td><td>64<\/td><\/tr><tr><td>METRO<\/td><td>12<\/td><td>70<\/td><td>72<\/td><td>68<\/td><\/tr><tr><td>L<\/td><td>12.5<\/td><td>74<\/td><td>76<\/td><td>72<\/td><\/tr><tr><td>Gr\u00e1fico del sitio (PULGADAS)<\/td><td><\/td><td><\/td><td><\/td><td><\/td><\/tr><tr><td>Tama\u00f1o<\/td><td>Longitud<\/td><td>Busto inferior<\/td><td>Cintura<\/td><td>cintura de liga<\/td><\/tr><tr><td>S<\/td><td>4.53<\/td><td>25.98<\/td><td>26.77<\/td><td>25.2<\/td><\/tr><tr><td>METRO<\/td><td>4.72<\/td><td>27.56<\/td><td>28.35<\/td><td>26.77<\/td><\/tr><tr><td>L<\/td><td>4.92<\/td><td>29.13<\/td><td>29.92<\/td><td>28.35<\/td><\/tr><\/tbody><\/table><\/figure>","protected":false},"excerpt":{"rendered":"<p>Nuestro juego de tres piezas de sujetador de cadena de metal sin copa con cintur\u00f3n de plumas es imprescindible para cualquier minorista de lencer\u00eda. Este conjunto presenta bragas de encaje transparente y un dise\u00f1o s\u00faper sexy, que ofrece un estilo audaz y tentador. Perfecto para clientes que buscan lo \u00faltimo en moda de lencer\u00eda.<\/p>\n<p>https:\/\/youtu.be\/6Us3taxB0qQ<\/p>","protected":false},"featured_media":44104,"template":"","meta":[],"product_brand":[],"product_cat":[368,380,367,376],"product_tag":[507,861,516,524,446,504],"class_list":{"0":"post-44091","1":"product","2":"type-product","3":"status-publish","4":"has-post-thumbnail","6":"product_cat-bra-panty-set","7":"product_cat-wholesale-harness-bra-and-panty-set","8":"product_cat-sexy-lingerie","9":"product_cat-wholesale-ultra-sexy-bra-panty-set","10":"product_tag-three-pcs-set","11":"product_tag-brunette-lingerie","12":"product_tag-lace-lingerie","13":"product_tag-metal-lingerie","14":"product_tag-wholesale-sexy-see-through-lingerie","15":"product_tag-ultra-sexy","16":"pa_color-black","17":"pa_size-wholesale-large-size-women-sexy-lingerie","18":"pa_size-wholesale-medium-size-women-sexy-lingerie","19":"pa_size-wholesale-small-size-sexy-lingerie","21":"first","22":"instock","23":"taxable","24":"shipping-taxable","25":"purchasable","26":"product-type-variable"},"tiered_pricing_type":"fixed","tiered_pricing_fixed_rules":[],"tiered_pricing_product_settings":{"layout":"default","base_unit_name":{"singular":null,"plural":null},"default_variation":{}},"tiered_pricing_minimum_quantity":null,"tiered_pricing_roles_data":{"default_wholesaler":{"product_id":44091,"role":"default_wholesaler","pricing_type":"flat","regular_price":null,"sale_price":null,"discount":null,"discount_type":"sale_price","tiered_pricing_type":"fixed","percentage_rules":[],"fixed_rules":{"2":"8.89","30":"7.59","500":"6.69"},"minimum":null},"dropshippinger":{"product_id":44091,"role":"dropshippinger","pricing_type":"flat","regular_price":null,"sale_price":10.69,"discount":null,"discount_type":"sale_price","tiered_pricing_type":"fixed","percentage_rules":[],"fixed_rules":{"1":"10.69","5":"8.89","30":"6.69"},"minimum":null}},"tiered_pricing_percentage_rules":[],"tiered_pricing_maximum_quantity":null,"tiered_pricing_quantity_step":null,"_links":{"self":[{"href":"https:\/\/gretasexylingerie.com\/es\/wp-json\/wp\/v2\/product\/44091","targetHints":{"allow":["GET"]}}],"collection":[{"href":"https:\/\/gretasexylingerie.com\/es\/wp-json\/wp\/v2\/product"}],"about":[{"href":"https:\/\/gretasexylingerie.com\/es\/wp-json\/wp\/v2\/types\/product"}],"wp:featuredmedia":[{"embeddable":true,"href":"https:\/\/gretasexylingerie.com\/es\/wp-json\/wp\/v2\/media\/44104"}],"wp:attachment":[{"href":"https:\/\/gretasexylingerie.com\/es\/wp-json\/wp\/v2\/media?parent=44091"}],"wp:term":[{"taxonomy":"product_brand","embeddable":true,"href":"https:\/\/gretasexylingerie.com\/es\/wp-json\/wp\/v2\/product_brand?post=44091"},{"taxonomy":"product_cat","embeddable":true,"href":"https:\/\/gretasexylingerie.com\/es\/wp-json\/wp\/v2\/product_cat?post=44091"},{"taxonomy":"product_tag","embeddable":true,"href":"https:\/\/gretasexylingerie.com\/es\/wp-json\/wp\/v2\/product_tag?post=44091"}],"curies":[{"name":"Gracias","href":"https:\/\/api.w.org\/{rel}","templated":true}]}}