{"id":44071,"date":"2023-08-04T23:25:21","date_gmt":"2023-08-04T15:25:21","guid":{"rendered":"https:\/\/gretasexylingerie.com\/?post_type=product&#038;p=44071"},"modified":"2023-10-22T22:52:02","modified_gmt":"2023-10-22T14:52:02","slug":"conjunto-de-ropa-interior-sexy-transparente-de-tres-piezas-con-parte-delantera-desmontable","status":"publish","type":"product","link":"https:\/\/gretasexylingerie.com\/es\/products\/sexy-transparent-three-piece-underwear-set-with-front-detachable\/","title":{"rendered":"Conjunto de ropa interior sexy transparente de tres piezas con frente desmontable"},"content":{"rendered":"<ol class=\"wp-block-list\">\n<li>Nuestro conjunto de ropa interior rosa p\u00farpura de tres piezas con encaje bordado est\u00e1 dise\u00f1ado teniendo en cuenta las \u00faltimas tendencias de la moda. El sost\u00e9n frontal desmontable agrega un toque de funcionalidad, mientras que el sexy dise\u00f1o transparente asegura una apariencia irresistible. Este conjunto seguramente ser\u00e1 un \u00e9xito entre sus clientes.<\/li>\n\n\n\n<li>El conjunto de ropa interior sexy transparente de tres piezas con sujetador frontal desmontable es elegante y c\u00f3modo. El encaje bordado a\u00f1ade un toque de elegancia, mientras que el color rosa p\u00farpura ofrece un ajuste personalizado. Este conjunto es perfecto para clientes que buscan estilo y comodidad en su lencer\u00eda.<\/li>\n\n\n\n<li>Nuestro conjunto de ropa interior rosa p\u00farpura de tres piezas con dise\u00f1o sexy transparente es \u00fanico y de alta calidad. El sost\u00e9n delantero desmontable agrega un toque de conveniencia, mientras que el encaje bordado asegura una sensaci\u00f3n lujosa. Este conjunto seguramente se destacar\u00e1 en cualquier colecci\u00f3n de lencer\u00eda.<\/li>\n<\/ol>\n\n\n\n<p>Abraza la elegancia y el encanto con nuestro conjunto de ropa interior de tres piezas rosa y morado, que presenta encaje bordado, un sost\u00e9n desmontable en la parte delantera y un dise\u00f1o sexy transparente. Este conjunto no es solo un producto; es una declaraci\u00f3n de estilo que a sus clientes les encantar\u00e1. No espere; cont\u00e1ctenos hoy para hacer su pedido o para hacer cualquier pregunta. \u00a1Redefinamos juntos la moda de la lencer\u00eda!<\/p>\n\n\n\n<figure class=\"wp-block-table is-style-stripes\"><table class=\"has-fixed-layout\"><tbody><tr><td>Gr\u00e1fico del sitio (CM)<\/td><td><\/td><td><\/td><td><\/td><td><\/td><\/tr><tr><td>Tama\u00f1o<\/td><td>Longitud<\/td><td>Busto inferior<\/td><td>Cintura<\/td><td>cintura de liga<\/td><\/tr><tr><td>S<\/td><td>13<\/td><td>64<\/td><td>72<\/td><td>62<\/td><\/tr><tr><td>METRO<\/td><td>14<\/td><td>68<\/td><td>76<\/td><td>64<\/td><\/tr><tr><td>L<\/td><td>15<\/td><td>72<\/td><td>80<\/td><td>68<\/td><\/tr><tr><td>Gr\u00e1fico del sitio (PULGADAS)<\/td><td><\/td><td><\/td><td><\/td><td><\/td><\/tr><tr><td>Tama\u00f1o<\/td><td>Longitud<\/td><td>Busto inferior<\/td><td>Cintura<\/td><td>cintura de liga<\/td><\/tr><tr><td>S<\/td><td>5.12<\/td><td>25.2<\/td><td>28.35<\/td><td>24.41<\/td><\/tr><tr><td>METRO<\/td><td>5.51<\/td><td>26.77<\/td><td>29.92<\/td><td>25.2<\/td><\/tr><tr><td>L<\/td><td>5.91<\/td><td>28.35<\/td><td>31.5<\/td><td>26.77<\/td><\/tr><\/tbody><\/table><\/figure>","protected":false},"excerpt":{"rendered":"<p>Mant\u00e9ngase a la vanguardia de la tendencia de la lencer\u00eda con nuestro conjunto de ropa interior sexy transparente de tres piezas con sujetador frontal desmontable. Este conjunto combina el encanto del color rosa p\u00farpura con la elegancia del encaje bordado. Fabricado con una artesan\u00eda exquisita, es una adici\u00f3n impresionante a cualquier colecci\u00f3n de lencer\u00eda.<\/p>\n<p>https:\/\/youtu.be\/TI-1vrz42go<\/p>","protected":false},"featured_media":44089,"template":"","meta":[],"product_brand":[],"product_cat":[368,369,367,375],"product_tag":[507,452,448,446,863],"class_list":{"0":"post-44071","1":"product","2":"type-product","3":"status-publish","4":"has-post-thumbnail","6":"product_cat-bra-panty-set","7":"product_cat-wholesale-lace-bra-and-panty-sets","8":"product_cat-sexy-lingerie","9":"product_cat-whoelsale-sheer-bra-and-panty-sets","10":"product_tag-three-pcs-set","11":"product_tag-wholesale-boudoir-lingerie","12":"product_tag-wholesale-elegant-sexy-lingerie","13":"product_tag-wholesale-sexy-see-through-lingerie","14":"product_tag-sexy-thong-lingerie","15":"pa_color-light-purple","16":"pa_size-wholesale-large-size-women-sexy-lingerie","17":"pa_size-wholesale-medium-size-women-sexy-lingerie","18":"pa_size-wholesale-small-size-sexy-lingerie","20":"first","21":"instock","22":"taxable","23":"shipping-taxable","24":"purchasable","25":"product-type-variable"},"tiered_pricing_type":"fixed","tiered_pricing_fixed_rules":[],"tiered_pricing_product_settings":{"layout":"default","base_unit_name":{"singular":null,"plural":null},"default_variation":{}},"tiered_pricing_minimum_quantity":null,"tiered_pricing_roles_data":{"default_wholesaler":{"product_id":44071,"role":"default_wholesaler","pricing_type":"flat","regular_price":null,"sale_price":null,"discount":null,"discount_type":"sale_price","tiered_pricing_type":"fixed","percentage_rules":[],"fixed_rules":{"2":"9.38","30":"8.09","500":"7.09"},"minimum":null},"dropshippinger":{"product_id":44071,"role":"dropshippinger","pricing_type":"flat","regular_price":null,"sale_price":null,"discount":null,"discount_type":"sale_price","tiered_pricing_type":"fixed","percentage_rules":[],"fixed_rules":{"1":"11.29","5":"9.39","30":"7.09"},"minimum":null}},"tiered_pricing_percentage_rules":[],"tiered_pricing_maximum_quantity":null,"tiered_pricing_quantity_step":null,"_links":{"self":[{"href":"https:\/\/gretasexylingerie.com\/es\/wp-json\/wp\/v2\/product\/44071","targetHints":{"allow":["GET"]}}],"collection":[{"href":"https:\/\/gretasexylingerie.com\/es\/wp-json\/wp\/v2\/product"}],"about":[{"href":"https:\/\/gretasexylingerie.com\/es\/wp-json\/wp\/v2\/types\/product"}],"wp:featuredmedia":[{"embeddable":true,"href":"https:\/\/gretasexylingerie.com\/es\/wp-json\/wp\/v2\/media\/44089"}],"wp:attachment":[{"href":"https:\/\/gretasexylingerie.com\/es\/wp-json\/wp\/v2\/media?parent=44071"}],"wp:term":[{"taxonomy":"product_brand","embeddable":true,"href":"https:\/\/gretasexylingerie.com\/es\/wp-json\/wp\/v2\/product_brand?post=44071"},{"taxonomy":"product_cat","embeddable":true,"href":"https:\/\/gretasexylingerie.com\/es\/wp-json\/wp\/v2\/product_cat?post=44071"},{"taxonomy":"product_tag","embeddable":true,"href":"https:\/\/gretasexylingerie.com\/es\/wp-json\/wp\/v2\/product_tag?post=44071"}],"curies":[{"name":"Gracias","href":"https:\/\/api.w.org\/{rel}","templated":true}]}}