{"id":43893,"date":"2023-07-31T22:36:16","date_gmt":"2023-07-31T14:36:16","guid":{"rendered":"https:\/\/gretasexylingerie.com\/?post_type=product&#038;p=43893"},"modified":"2023-10-22T23:03:26","modified_gmt":"2023-10-22T15:03:26","slug":"elegante-conjunto-de-sujetador-y-braguita-negros-con-abertura-en-el-pecho","status":"publish","type":"product","link":"https:\/\/gretasexylingerie.com\/es\/products\/elegant-black-bra-and-panties-set-with-chest-cutout\/","title":{"rendered":"Elegante conjunto de sujetador y bragas negros con abertura en el pecho: ideal para minoristas de lencer\u00eda B2B"},"content":{"rendered":"<ol class=\"wp-block-list\">\n<li>Nuestro conjunto de sujetador y bragas negros con recorte en el pecho est\u00e1 dise\u00f1ado teniendo en cuenta las \u00faltimas tendencias de la moda. El cintur\u00f3n de doble ancho a\u00f1ade un toque de audacia, mientras que los tirantes ajustables aseguran un ajuste perfecto. Este conjunto seguramente ser\u00e1 un \u00e9xito entre sus clientes.<\/li>\n\n\n\n<li>El conjunto de sujetador negro con cintur\u00f3n ancho doble y tirantes ajustables es elegante y c\u00f3modo. La decoraci\u00f3n colgante de pedrer\u00eda agrega un toque de elegancia, mientras que el corte en el cofre ofrece una tentadora visi\u00f3n de lo que hay debajo. Este conjunto es perfecto para clientes que buscan estilo y comodidad en su lencer\u00eda.<\/li>\n\n\n\n<li>Nuestro conjunto de sujetador y panty de encaje negro con decoraci\u00f3n colgante de diamantes de imitaci\u00f3n es \u00fanico en dise\u00f1o y de alta calidad. El corte en el pecho y el cintur\u00f3n ancho doble agregan un toque de nerviosismo, mientras que las correas ajustables con cuello halter aseguran un ajuste perfecto. Este conjunto seguramente se destacar\u00e1 en cualquier colecci\u00f3n de lencer\u00eda.<\/li>\n<\/ol>\n\n\n\n<p>D\u00e9 rienda suelta a lo atrevido y hermoso con nuestro conjunto de sujetador negro, que presenta un corte en el pecho, un cintur\u00f3n ancho doble, correas ajustables con cuello halter y una decoraci\u00f3n colgante de pedrer\u00eda. Este conjunto no es solo un producto. Es una declaraci\u00f3n de estilo y encanto que a sus clientes les encantar\u00e1. No esperes. Cont\u00e1ctenos hoy para hacer su pedido o para hacer cualquier pregunta. \u00a1Redefinamos juntos la moda de la lencer\u00eda!<\/p>\n\n\n\n<figure class=\"wp-block-table is-style-stripes\"><table class=\"has-fixed-layout\"><tbody><tr><td colspan=\"5\">Gr\u00e1fico del sitio (CM)<\/td><\/tr><tr><td>Tama\u00f1o<\/td><td>Longitud<\/td><td>Busto inferior<\/td><td>Cintura<\/td><td>cintura de liga<\/td><\/tr><tr><td>S<\/td><td>11<\/td><td>64-86<\/td><td>65<\/td><td>64-90<\/td><\/tr><tr><td>METRO<\/td><td>12<\/td><td>68-90<\/td><td>69<\/td><td>68-94<\/td><\/tr><tr><td>L<\/td><td>13<\/td><td>72-94<\/td><td>73<\/td><td>72-98<\/td><\/tr><tr><td colspan=\"5\">Gr\u00e1fico del sitio (PULGADAS)<\/td><\/tr><tr><td>Tama\u00f1o<\/td><td>Longitud<\/td><td>Busto inferior<\/td><td>Cintura<\/td><td>cintura de liga<\/td><\/tr><tr><td>S<\/td><td>4.33<\/td><td>25.20-33.86<\/td><td>25.59<\/td><td>25.20-35.43<\/td><\/tr><tr><td>METRO<\/td><td>4.72<\/td><td>26.77-35.43<\/td><td>27.17<\/td><td>26.77-37.01<\/td><\/tr><tr><td>L<\/td><td>5.12<\/td><td>28.35-37.01<\/td><td>28.74<\/td><td>28.35-38.58<\/td><\/tr><\/tbody><\/table><\/figure>","protected":false},"excerpt":{"rendered":"<p>Mant\u00e9ngase a la vanguardia de la tendencia de la ropa interior con nuestro conjunto de sujetador negro con cintur\u00f3n ancho doble y tirantes ajustables tipo halter. Este conjunto combina el encanto de una abertura en el pecho con la elegancia de una decoraci\u00f3n colgante de diamantes de imitaci\u00f3n. Fabricado con una artesan\u00eda exquisita, es una adici\u00f3n impresionante a cualquier colecci\u00f3n de lencer\u00eda.<\/p>\n<p>https:\/\/youtu.be\/ZFmegpKdHCQ<\/p>","protected":false},"featured_media":43902,"template":"","meta":[],"product_brand":[],"product_cat":[368,367,375],"product_tag":[868,861,448,518,446,863],"class_list":{"0":"post-43893","1":"product","2":"type-product","3":"status-publish","4":"has-post-thumbnail","6":"product_cat-bra-panty-set","7":"product_cat-sexy-lingerie","8":"product_cat-whoelsale-sheer-bra-and-panty-sets","9":"product_tag-4-piece-lingerie-set","10":"product_tag-brunette-lingerie","11":"product_tag-wholesale-elegant-sexy-lingerie","12":"product_tag-mesh-lingerie","13":"product_tag-wholesale-sexy-see-through-lingerie","14":"product_tag-sexy-thong-lingerie","15":"pa_color-black","16":"pa_size-wholesale-large-size-women-sexy-lingerie","17":"pa_size-wholesale-medium-size-women-sexy-lingerie","18":"pa_size-wholesale-small-size-sexy-lingerie","20":"first","21":"instock","22":"taxable","23":"shipping-taxable","24":"purchasable","25":"product-type-variable"},"tiered_pricing_type":"fixed","tiered_pricing_fixed_rules":[],"tiered_pricing_product_settings":{"layout":"default","base_unit_name":{"singular":null,"plural":null},"default_variation":{}},"tiered_pricing_minimum_quantity":null,"tiered_pricing_roles_data":{"default_wholesaler":{"product_id":43893,"role":"default_wholesaler","pricing_type":"flat","regular_price":null,"sale_price":null,"discount":null,"discount_type":"sale_price","tiered_pricing_type":"fixed","percentage_rules":[],"fixed_rules":{"2":"10.49","30":"8.99","500":"7.89"},"minimum":null},"dropshippinger":{"product_id":43893,"role":"dropshippinger","pricing_type":"flat","regular_price":null,"sale_price":null,"discount":null,"discount_type":"sale_price","tiered_pricing_type":"fixed","percentage_rules":[],"fixed_rules":{"1":"12.49","5":"10.49","30":"7.89"},"minimum":null}},"tiered_pricing_percentage_rules":[],"tiered_pricing_maximum_quantity":null,"tiered_pricing_quantity_step":null,"_links":{"self":[{"href":"https:\/\/gretasexylingerie.com\/es\/wp-json\/wp\/v2\/product\/43893","targetHints":{"allow":["GET"]}}],"collection":[{"href":"https:\/\/gretasexylingerie.com\/es\/wp-json\/wp\/v2\/product"}],"about":[{"href":"https:\/\/gretasexylingerie.com\/es\/wp-json\/wp\/v2\/types\/product"}],"wp:featuredmedia":[{"embeddable":true,"href":"https:\/\/gretasexylingerie.com\/es\/wp-json\/wp\/v2\/media\/43902"}],"wp:attachment":[{"href":"https:\/\/gretasexylingerie.com\/es\/wp-json\/wp\/v2\/media?parent=43893"}],"wp:term":[{"taxonomy":"product_brand","embeddable":true,"href":"https:\/\/gretasexylingerie.com\/es\/wp-json\/wp\/v2\/product_brand?post=43893"},{"taxonomy":"product_cat","embeddable":true,"href":"https:\/\/gretasexylingerie.com\/es\/wp-json\/wp\/v2\/product_cat?post=43893"},{"taxonomy":"product_tag","embeddable":true,"href":"https:\/\/gretasexylingerie.com\/es\/wp-json\/wp\/v2\/product_tag?post=43893"}],"curies":[{"name":"Gracias","href":"https:\/\/api.w.org\/{rel}","templated":true}]}}