{"id":43826,"date":"2023-07-30T01:05:03","date_gmt":"2023-07-29T17:05:03","guid":{"rendered":"https:\/\/gretasexylingerie.com\/?post_type=product&#038;p=43826"},"modified":"2023-10-22T22:44:49","modified_gmt":"2023-10-22T14:44:49","slug":"conjunto-de-sujetador-y-braguita-sexy-con-bordado","status":"publish","type":"product","link":"https:\/\/gretasexylingerie.com\/es\/products\/sexy-bra-and-panty-set-with-embroidery\/","title":{"rendered":"Impresionante conjunto de sujetador y bragas sexy con bordado morado - Proveedor de lencer\u00eda B2B"},"content":{"rendered":"<ol class=\"wp-block-list\">\n<li>Nuestro conjunto de sujetador sexy con flores moradas bordadas est\u00e1 dise\u00f1ado teniendo en cuenta las \u00faltimas tendencias de la moda. El sost\u00e9n, las bragas y las ligas est\u00e1n hechos de un material de malla transparente, lo que ofrece un vistazo tentador de lo que hay debajo. El hermoso bordado morado le da un toque de elegancia. Este conjunto seguramente ser\u00e1 un \u00e9xito entre sus clientes.<\/li>\n\n\n\n<li>El conjunto de sujetador sexy de malla transparente con ligas es elegante y c\u00f3modo. El material de malla transparente es suave y c\u00f3modo, mientras que las ligas a\u00f1aden un toque de elegancia. Este conjunto es perfecto para clientes que buscan estilo y comodidad en su lencer\u00eda.<\/li>\n\n\n\n<li>Nuestro conjunto de sujetador y bragas sexy con bordado morado es \u00fanico en dise\u00f1o y de alta calidad. La tela de malla transparente es suave y c\u00f3moda, mientras que el bordado morado le da un toque de elegancia. Este conjunto seguramente se destacar\u00e1 en cualquier colecci\u00f3n de lencer\u00eda.<\/li>\n<\/ol>\n\n\n\n<p>Mejora tu juego de lencer\u00eda con nuestro conjunto de sujetador sexy, que incluye un sujetador, bragas y ligas hechos de malla transparente y adornados con hermosos bordados morados. Este conjunto no es solo un producto. Es una declaraci\u00f3n de estilo y comodidad que a sus clientes les encantar\u00e1. No esperes. Cont\u00e1ctenos hoy para hacer su pedido o para hacer cualquier pregunta. \u00a1Redefinamos juntos la moda de la lencer\u00eda!<\/p>\n\n\n\n<figure class=\"wp-block-table is-style-stripes\"><table class=\"has-fixed-layout\"><tbody><tr><td colspan=\"5\">Gr\u00e1fico del sitio (CM)<\/td><\/tr><tr><td>Tama\u00f1o<\/td><td>Longitud<\/td><td>Busto inferior<\/td><td>Cintura<\/td><td>cintura de liga<\/td><\/tr><tr><td>S<\/td><td>21<\/td><td>64-86<\/td><td>70<\/td><td>64-90<\/td><\/tr><tr><td>METRO<\/td><td>22<\/td><td>68-90<\/td><td>74<\/td><td>68-94<\/td><\/tr><tr><td>L<\/td><td>23<\/td><td>72-94<\/td><td>78<\/td><td>72-98<\/td><\/tr><tr><td colspan=\"5\">Gr\u00e1fico del sitio (PULGADAS)<\/td><\/tr><tr><td>Tama\u00f1o<\/td><td>Longitud<\/td><td>Busto inferior<\/td><td>Cintura<\/td><td>cintura de liga<\/td><\/tr><tr><td>S<\/td><td>8.27<\/td><td>25.20-33.86<\/td><td>27.56<\/td><td>25.20-35.43<\/td><\/tr><tr><td>METRO<\/td><td>8.66<\/td><td>26.77-35.43<\/td><td>29.13<\/td><td>26.77-37.01<\/td><\/tr><tr><td>L<\/td><td>9.06<\/td><td>28.35-37.01<\/td><td>30.71<\/td><td>28.35-38.58<\/td><\/tr><\/tbody><\/table><\/figure>","protected":false},"excerpt":{"rendered":"<p>Mant\u00e9ngase a la vanguardia de la tendencia de lencer\u00eda con nuestro conjunto de sujetador sexy de malla transparente con ligas. Este conjunto combina el encanto de un sujetador y bragas sexys con la elegancia de las ligas. Confeccionado con tela de malla transparente y decorado con bordados morados, es un complemento impresionante para cualquier colecci\u00f3n de lencer\u00eda.<\/p>\n<p>https:\/\/youtu.be\/JDZnbJcDUQo<\/p>","protected":false},"featured_media":43840,"template":"","meta":[],"product_brand":[],"product_cat":[368,367,375],"product_tag":[507,452,448,454,870,446,864,863],"class_list":{"0":"post-43826","1":"product","2":"type-product","3":"status-publish","4":"has-post-thumbnail","6":"product_cat-bra-panty-set","7":"product_cat-sexy-lingerie","8":"product_cat-whoelsale-sheer-bra-and-panty-sets","9":"product_tag-three-pcs-set","10":"product_tag-wholesale-boudoir-lingerie","11":"product_tag-wholesale-elegant-sexy-lingerie","12":"product_tag-wholesale-sexy-embroidered-lingerie","13":"product_tag-floral-lingerie","14":"product_tag-wholesale-sexy-see-through-lingerie","15":"product_tag-sexy-petite-lingerie","16":"product_tag-sexy-thong-lingerie","17":"pa_color-pink-women-sexy-lingerie","18":"pa_size-wholesale-large-size-women-sexy-lingerie","19":"pa_size-wholesale-medium-size-women-sexy-lingerie","20":"pa_size-wholesale-small-size-sexy-lingerie","22":"first","23":"instock","24":"taxable","25":"shipping-taxable","26":"purchasable","27":"product-type-variable"},"tiered_pricing_type":"fixed","tiered_pricing_fixed_rules":[],"tiered_pricing_product_settings":{"layout":"default","base_unit_name":{"singular":null,"plural":null},"default_variation":{}},"tiered_pricing_minimum_quantity":null,"tiered_pricing_roles_data":{"default_wholesaler":{"product_id":43826,"role":"default_wholesaler","pricing_type":"flat","regular_price":null,"sale_price":null,"discount":null,"discount_type":"sale_price","tiered_pricing_type":"fixed","percentage_rules":[],"fixed_rules":{"2":"9.39","30":"8.09","500":"7.09"},"minimum":null},"dropshippinger":{"product_id":43826,"role":"dropshippinger","pricing_type":"flat","regular_price":null,"sale_price":11.29,"discount":null,"discount_type":"sale_price","tiered_pricing_type":"fixed","percentage_rules":[],"fixed_rules":{"1":"11.29","5":"9.39","30":"7.09"},"minimum":null}},"tiered_pricing_percentage_rules":[],"tiered_pricing_maximum_quantity":null,"tiered_pricing_quantity_step":null,"_links":{"self":[{"href":"https:\/\/gretasexylingerie.com\/es\/wp-json\/wp\/v2\/product\/43826","targetHints":{"allow":["GET"]}}],"collection":[{"href":"https:\/\/gretasexylingerie.com\/es\/wp-json\/wp\/v2\/product"}],"about":[{"href":"https:\/\/gretasexylingerie.com\/es\/wp-json\/wp\/v2\/types\/product"}],"wp:featuredmedia":[{"embeddable":true,"href":"https:\/\/gretasexylingerie.com\/es\/wp-json\/wp\/v2\/media\/43840"}],"wp:attachment":[{"href":"https:\/\/gretasexylingerie.com\/es\/wp-json\/wp\/v2\/media?parent=43826"}],"wp:term":[{"taxonomy":"product_brand","embeddable":true,"href":"https:\/\/gretasexylingerie.com\/es\/wp-json\/wp\/v2\/product_brand?post=43826"},{"taxonomy":"product_cat","embeddable":true,"href":"https:\/\/gretasexylingerie.com\/es\/wp-json\/wp\/v2\/product_cat?post=43826"},{"taxonomy":"product_tag","embeddable":true,"href":"https:\/\/gretasexylingerie.com\/es\/wp-json\/wp\/v2\/product_tag?post=43826"}],"curies":[{"name":"Gracias","href":"https:\/\/api.w.org\/{rel}","templated":true}]}}