{"id":43530,"date":"2023-07-13T00:29:02","date_gmt":"2023-07-12T16:29:02","guid":{"rendered":"https:\/\/gretasexylingerie.com\/?post_type=product&#038;p=43530"},"modified":"2024-01-17T22:42:08","modified_gmt":"2024-01-17T14:42:08","slug":"conjunto-de-sujetador-y-braguita-de-malla-moteada-transparente-con-copa-cruzada","status":"publish","type":"product","link":"https:\/\/gretasexylingerie.com\/es\/products\/sheer-speckled-mesh-bra-and-panty-set-with-crossover-cup\/","title":{"rendered":"Conjunto de sujetador y panty de malla transparente moteada con copa cruzada"},"content":{"rendered":"<p>Malla moteada: el dise\u00f1o de malla moteada transparente de este conjunto presenta una est\u00e9tica \u00fanica y vanguardista, que brinda una cobertura ligera y se mantiene elegante sin esfuerzo.<\/p>\n\n\n\n<p>Copas cruzadas: el innovador dise\u00f1o de copa cruzada agrega un toque moderno a los conjuntos de lencer\u00eda tradicionales, ofreciendo una silueta de apoyo y favorecedora.<\/p>\n\n\n\n<p>Acento de anillo de metal: el llamativo anillo de metal en la parte delantera aporta un toque de sofisticaci\u00f3n elegante, lo que distingue a este conjunto de sujetador y panty de los dise\u00f1os est\u00e1ndar.<\/p>\n\n\n\n<p>Comodidad y estilo: con su tela de malla liviana y su dise\u00f1o innovador, este conjunto logra un equilibrio perfecto entre comodidad y estilo.<\/p>\n\n\n\n<p>Atractivo vers\u00e1til: el dise\u00f1o elegante y moderno hace que este conjunto sea una opci\u00f3n vers\u00e1til que se puede dise\u00f1ar para cualquier ocasi\u00f3n, lo que lo convierte en un complemento imprescindible para cualquier guardarropa.<\/p>\n\n\n\n<p>En resumen, nuestro conjunto de sujetador y panty de malla moteada transparente con copas cruzadas y anillo de metal es donde la comodidad se encuentra con la modernidad. Esta pieza llamativa te asegura que te sientas seguro y elegante en todo momento. Mejora tu colecci\u00f3n de lencer\u00eda con este cautivador conjunto.<\/p>\n\n\n\n<figure class=\"wp-block-table is-style-stripes\"><table class=\"has-fixed-layout\"><tbody><tr><td colspan=\"5\">Gr\u00e1fico del sitio (CM)<\/td><\/tr><tr><td>Tama\u00f1o<\/td><td>Longitud<\/td><td>Busto inferior<\/td><td>Cintura<\/td><td>Longitud del pantal\u00f3n<\/td><\/tr><tr><td>S<\/td><td>12.5<\/td><td>63<\/td><td>64<\/td><td>21.5<\/td><\/tr><tr><td>METRO<\/td><td>13.5<\/td><td>67<\/td><td>68<\/td><td>22.5<\/td><\/tr><tr><td>L<\/td><td>14.5<\/td><td>71<\/td><td>72<\/td><td>23.5<\/td><\/tr><tr><td>SG<\/td><td>15.5<\/td><td>75<\/td><td>76<\/td><td>24.5<\/td><\/tr><tr><td colspan=\"5\">Gr\u00e1fico del sitio (PULGADAS)<\/td><\/tr><tr><td>Tama\u00f1o<\/td><td>Longitud<\/td><td>Busto inferior<\/td><td>Cintura<\/td><td>Longitud del pantal\u00f3n<\/td><\/tr><tr><td>S<\/td><td>4.92<\/td><td>24.8<\/td><td>25.2<\/td><td>8.46<\/td><\/tr><tr><td>METRO<\/td><td>5.31<\/td><td>26.38<\/td><td>26.77<\/td><td>8.86<\/td><\/tr><tr><td>L<\/td><td>5.71<\/td><td>27.95<\/td><td>28.35<\/td><td>9.25<\/td><\/tr><tr><td>SG<\/td><td>6.1<\/td><td>29.53<\/td><td>29.92<\/td><td>9.65<\/td><\/tr><\/tbody><\/table><\/figure>","protected":false},"excerpt":{"rendered":"<p>Experimente la fusi\u00f3n de comodidad y estilo con nuestro conjunto de bra y panty de malla moteada transparente. Las copas cruzadas y el detalle del anillo de metal le dan un toque elegante y contempor\u00e1neo a este cl\u00e1sico b\u00e1sico de lencer\u00eda.<\/p>","protected":false},"featured_media":43540,"template":"","meta":[],"product_brand":[],"product_cat":[368,367,375],"product_tag":[452,518,973,446,864],"class_list":{"0":"post-43530","1":"product","2":"type-product","3":"status-publish","4":"has-post-thumbnail","6":"product_cat-bra-panty-set","7":"product_cat-sexy-lingerie","8":"product_cat-whoelsale-sheer-bra-and-panty-sets","9":"product_tag-wholesale-boudoir-lingerie","10":"product_tag-mesh-lingerie","11":"product_tag-oem","12":"product_tag-wholesale-sexy-see-through-lingerie","13":"product_tag-sexy-petite-lingerie","14":"pa_color-black","15":"pa_size-wholesale-large-size-women-sexy-lingerie","16":"pa_size-wholesale-medium-size-women-sexy-lingerie","17":"pa_size-wholesale-small-size-sexy-lingerie","18":"pa_size-wholesale-extra-large-sexy-lingerie","20":"first","21":"outofstock","22":"taxable","23":"shipping-taxable","24":"purchasable","25":"product-type-variable"},"tiered_pricing_type":"fixed","tiered_pricing_fixed_rules":[],"tiered_pricing_product_settings":{"layout":"default","base_unit_name":{"singular":null,"plural":null},"default_variation":null},"tiered_pricing_minimum_quantity":null,"tiered_pricing_roles_data":{"default_wholesaler":{"product_id":43530,"role":"default_wholesaler","pricing_type":"flat","regular_price":null,"sale_price":null,"discount":null,"discount_type":"sale_price","tiered_pricing_type":"fixed","percentage_rules":[],"fixed_rules":{"2":"9.39","30":"8.09","500":"7.09"},"minimum":null},"dropshippinger":{"product_id":43530,"role":"dropshippinger","pricing_type":"flat","regular_price":null,"sale_price":null,"discount":null,"discount_type":"sale_price","tiered_pricing_type":"fixed","percentage_rules":[],"fixed_rules":{"1":"11.29","5":"9.39","30":"7.09"},"minimum":null}},"tiered_pricing_percentage_rules":[],"tiered_pricing_maximum_quantity":null,"tiered_pricing_quantity_step":null,"_links":{"self":[{"href":"https:\/\/gretasexylingerie.com\/es\/wp-json\/wp\/v2\/product\/43530","targetHints":{"allow":["GET"]}}],"collection":[{"href":"https:\/\/gretasexylingerie.com\/es\/wp-json\/wp\/v2\/product"}],"about":[{"href":"https:\/\/gretasexylingerie.com\/es\/wp-json\/wp\/v2\/types\/product"}],"wp:featuredmedia":[{"embeddable":true,"href":"https:\/\/gretasexylingerie.com\/es\/wp-json\/wp\/v2\/media\/43540"}],"wp:attachment":[{"href":"https:\/\/gretasexylingerie.com\/es\/wp-json\/wp\/v2\/media?parent=43530"}],"wp:term":[{"taxonomy":"product_brand","embeddable":true,"href":"https:\/\/gretasexylingerie.com\/es\/wp-json\/wp\/v2\/product_brand?post=43530"},{"taxonomy":"product_cat","embeddable":true,"href":"https:\/\/gretasexylingerie.com\/es\/wp-json\/wp\/v2\/product_cat?post=43530"},{"taxonomy":"product_tag","embeddable":true,"href":"https:\/\/gretasexylingerie.com\/es\/wp-json\/wp\/v2\/product_tag?post=43530"}],"curies":[{"name":"Gracias","href":"https:\/\/api.w.org\/{rel}","templated":true}]}}