{"id":43492,"date":"2023-07-12T22:44:25","date_gmt":"2023-07-12T14:44:25","guid":{"rendered":"https:\/\/gretasexylingerie.com\/?post_type=product&#038;p=43492"},"modified":"2023-12-09T20:55:02","modified_gmt":"2023-12-09T12:55:02","slug":"conjunto-de-sujetador-de-malla-moteada-transparente-con-copa-recortada","status":"publish","type":"product","link":"https:\/\/gretasexylingerie.com\/es\/products\/sheer-speckled-mesh-bra-set-with-cutout-cup\/","title":{"rendered":"Conjunto de sujetador de malla moteada transparente con copa recortada"},"content":{"rendered":"<ol class=\"wp-block-list\">\n<li>Malla transparente moteada: la malla transparente moteada le da un toque inesperado y moderno a este conjunto de sujetadores, que permite vislumbrar la piel para lograr un atractivo provocativo pero elegante.<\/li>\n\n\n\n<li>Copas recortadas: las atrevidas copas recortadas agregan un toque coqueto mientras mantienen la sofisticaci\u00f3n general. Crean un contraste visualmente agradable con la malla transparente, realzando la intriga de la prenda.<\/li>\n\n\n\n<li>Metal Ring Link-Belt: un toque innovador, el cintur\u00f3n de metal ring link agrega una dimensi\u00f3n elegante y vanguardista al conjunto de sujetador. Proporciona una capa adicional de estilo y garantiza un ajuste seguro y ajustable.<\/li>\n\n\n\n<li>Comodidad y estilo: este conjunto de sujetadores est\u00e1 dise\u00f1ado para brindar la m\u00e1xima comodidad y no compromete el estilo. El dise\u00f1o \u00fanico lo convierte en una pieza destacada en cualquier colecci\u00f3n de lencer\u00eda.<\/li>\n\n\n\n<li>Versatilidad: ya sea que se vista para una ocasi\u00f3n especial o quiera sentirse lujosa en su uso diario, este conjunto de sujetadores es una opci\u00f3n vers\u00e1til. Su dise\u00f1o elegante y materiales c\u00f3modos lo hacen adecuado para cualquier situaci\u00f3n.<\/li>\n<\/ol>\n\n\n\n<p>En conclusi\u00f3n, nuestro conjunto de sujetadores de malla moteada transparente con copas recortadas y cintur\u00f3n de eslabones de anillo de metal personifica el lujo, la comodidad y el estilo. Esta sofisticada pieza seguramente agregar\u00e1 un toque \u00fanico a tu colecci\u00f3n de lencer\u00eda. Experimenta la combinaci\u00f3n perfecta de encanto y comodidad con este conjunto destacado.<\/p>\n\n\n\n<figure class=\"wp-block-table is-style-stripes\"><table class=\"has-fixed-layout\"><tbody><tr><td colspan=\"5\">Gr\u00e1fico del sitio (CM)<\/td><\/tr><tr><td>Tama\u00f1o<\/td><td>Longitud<\/td><td>Busto inferior<\/td><td>Cintura<\/td><td>Longitud del pantal\u00f3n<\/td><\/tr><tr><td>S<\/td><td>11.5<\/td><td>68<\/td><td>72<\/td><td>23.5<\/td><\/tr><tr><td>METRO<\/td><td>12.5<\/td><td>72<\/td><td>76<\/td><td>24.5<\/td><\/tr><tr><td>L<\/td><td>13.5<\/td><td>76<\/td><td>80<\/td><td>25.5<\/td><\/tr><tr><td>SG<\/td><td>14.5<\/td><td>80<\/td><td>84<\/td><td>26.5<\/td><\/tr><tr><td colspan=\"5\">Gr\u00e1fico del sitio (PULGADAS)<\/td><\/tr><tr><td>Tama\u00f1o<\/td><td>Longitud<\/td><td>Busto inferior<\/td><td>Cintura<\/td><td>Longitud del pantal\u00f3n<\/td><\/tr><tr><td>S<\/td><td>4.53<\/td><td>26.77<\/td><td>28.35<\/td><td>9.25<\/td><\/tr><tr><td>METRO<\/td><td>4.92<\/td><td>28.35<\/td><td>29.92<\/td><td>9.65<\/td><\/tr><tr><td>L<\/td><td>5.31<\/td><td>29.92<\/td><td>31.5<\/td><td>10.04<\/td><\/tr><tr><td><\/td><td>5.71<\/td><td>31.5<\/td><td>33.07<\/td><td>10.43<\/td><\/tr><\/tbody><\/table><\/figure>","protected":false},"excerpt":{"rendered":"<p>Experimenta un toque de encanto moderno con nuestro juego de sujetadores de malla transparente con motas. Este conjunto combina comodidad y sofisticaci\u00f3n en un paquete elegante, con copas recortadas y un cintur\u00f3n de eslabones de anillos de metal.<\/p>","protected":false},"featured_media":43504,"template":"","meta":[],"product_brand":[],"product_cat":[368,367,375],"product_tag":[507,518,973,446],"class_list":{"0":"post-43492","1":"product","2":"type-product","3":"status-publish","4":"has-post-thumbnail","6":"product_cat-bra-panty-set","7":"product_cat-sexy-lingerie","8":"product_cat-whoelsale-sheer-bra-and-panty-sets","9":"product_tag-three-pcs-set","10":"product_tag-mesh-lingerie","11":"product_tag-oem","12":"product_tag-wholesale-sexy-see-through-lingerie","13":"pa_color-black","14":"pa_size-wholesale-large-size-women-sexy-lingerie","15":"pa_size-wholesale-medium-size-women-sexy-lingerie","16":"pa_size-wholesale-small-size-sexy-lingerie","17":"pa_size-wholesale-extra-large-sexy-lingerie","19":"first","20":"outofstock","21":"taxable","22":"shipping-taxable","23":"purchasable","24":"product-type-variable"},"tiered_pricing_type":"fixed","tiered_pricing_fixed_rules":[],"tiered_pricing_product_settings":{"layout":"default","base_unit_name":{"singular":null,"plural":null},"default_variation":{}},"tiered_pricing_minimum_quantity":null,"tiered_pricing_roles_data":{"default_wholesaler":{"product_id":43492,"role":"default_wholesaler","pricing_type":"flat","regular_price":null,"sale_price":null,"discount":null,"discount_type":"sale_price","tiered_pricing_type":"fixed","percentage_rules":[],"fixed_rules":{"2":"13.89","30":"9.39","500":"8.09"},"minimum":null},"dropshippinger":{"product_id":43492,"role":"dropshippinger","pricing_type":"flat","regular_price":null,"sale_price":11.29,"discount":null,"discount_type":"sale_price","tiered_pricing_type":"fixed","percentage_rules":[],"fixed_rules":{"1":"11.29","5":"9.39","30":"7.09"},"minimum":null}},"tiered_pricing_percentage_rules":[],"tiered_pricing_maximum_quantity":null,"tiered_pricing_quantity_step":null,"_links":{"self":[{"href":"https:\/\/gretasexylingerie.com\/es\/wp-json\/wp\/v2\/product\/43492","targetHints":{"allow":["GET"]}}],"collection":[{"href":"https:\/\/gretasexylingerie.com\/es\/wp-json\/wp\/v2\/product"}],"about":[{"href":"https:\/\/gretasexylingerie.com\/es\/wp-json\/wp\/v2\/types\/product"}],"wp:featuredmedia":[{"embeddable":true,"href":"https:\/\/gretasexylingerie.com\/es\/wp-json\/wp\/v2\/media\/43504"}],"wp:attachment":[{"href":"https:\/\/gretasexylingerie.com\/es\/wp-json\/wp\/v2\/media?parent=43492"}],"wp:term":[{"taxonomy":"product_brand","embeddable":true,"href":"https:\/\/gretasexylingerie.com\/es\/wp-json\/wp\/v2\/product_brand?post=43492"},{"taxonomy":"product_cat","embeddable":true,"href":"https:\/\/gretasexylingerie.com\/es\/wp-json\/wp\/v2\/product_cat?post=43492"},{"taxonomy":"product_tag","embeddable":true,"href":"https:\/\/gretasexylingerie.com\/es\/wp-json\/wp\/v2\/product_tag?post=43492"}],"curies":[{"name":"Gracias","href":"https:\/\/api.w.org\/{rel}","templated":true}]}}