{"id":43213,"date":"2023-07-01T00:32:57","date_gmt":"2023-06-30T16:32:57","guid":{"rendered":"https:\/\/gretasexylingerie.com\/?post_type=product&#038;p=43213"},"modified":"2023-10-22T23:20:51","modified_gmt":"2023-10-22T15:20:51","slug":"body-de-malla-transparente-bordada-con-espalda-abierta","status":"publish","type":"product","link":"https:\/\/gretasexylingerie.com\/es\/products\/embroidered-sheer-mesh-bodysuit-with-open-back\/","title":{"rendered":"Body de malla transparente bordado con espalda abierta"},"content":{"rendered":"<ol class=\"wp-block-list\">\n<li>Bordado exquisito: este body est\u00e1 adornado con un bordado intrincado que eleva su atractivo est\u00e9tico. Cuidadosamente cosido, agrega un elemento art\u00edstico al dise\u00f1o general, brindando una dimensi\u00f3n de textura \u00fanica.<\/li>\n\n\n\n<li>Tela de malla moteada: Confeccionado con una tela de malla moteada, este body combina de manera \u00fanica transparencia y patr\u00f3n. Ligero y transpirable, garantiza un confort \u00f3ptimo sin renunciar al estilo.<\/li>\n\n\n\n<li>Pecho y espalda abiertos: el atrevido dise\u00f1o de pecho y espalda abiertos a\u00f1ade un toque provocativo a este body. Esta caracter\u00edstica audaz realza la sensualidad general de la prenda, equilibrando perfectamente la elegancia y el encanto.<\/li>\n\n\n\n<li>Sheer Delight: la composici\u00f3n pura de este body ofrece un vistazo tentador a lo que hay debajo, agregando un toque divertido pero de buen gusto a su colecci\u00f3n de ropa \u00edntima.<\/li>\n\n\n\n<li>Variedad de colores y tama\u00f1os: Dise\u00f1ado para adaptarse a tu estilo y ajuste, este body viene en 10 colores y cuatro tama\u00f1os. Elige el que mejor represente tu personalidad y tipo de cuerpo, asegur\u00e1ndote de que te sientas c\u00f3modo y seguro.<\/li>\n<\/ol>\n\n\n\n<p>En conclusi\u00f3n, el Body de malla transparente bordado ofrece una combinaci\u00f3n irresistible de comodidad, estilo y sensualidad. Sus diversas opciones de color y tama\u00f1o atraen a cualquiera que busque elevar su colecci\u00f3n de ropa \u00edntima. H\u00e1galo hoy mismo y celebre su encanto femenino con un toque de refinamiento.<\/p>\n\n\n\n<figure class=\"wp-block-table is-style-stripes\"><table class=\"has-fixed-layout\"><tbody><tr><td>Gr\u00e1fico del sitio (CM)<\/td><td><\/td><td><\/td><td><\/td><\/tr><tr><td>Tama\u00f1o<\/td><td>Busto inferior<\/td><td>Longitud<\/td><td>Cintura<\/td><\/tr><tr><td>S<\/td><td>68<\/td><td>54<\/td><td>64<\/td><\/tr><tr><td>METRO<\/td><td>72<\/td><td>56<\/td><td>68<\/td><\/tr><tr><td>L<\/td><td>76<\/td><td>68<\/td><td>72<\/td><\/tr><tr><td>SG<\/td><td>80<\/td><td>60<\/td><td>76<\/td><\/tr><tr><td>Gr\u00e1fico del sitio (PULGADAS)<\/td><td><\/td><td><\/td><td><\/td><\/tr><tr><td>Tama\u00f1o<\/td><td>Longitud<\/td><td>Busto superior<\/td><td>Busto inferior<\/td><\/tr><tr><td>S<\/td><td>26.77<\/td><td>21.26<\/td><td>25.2<\/td><\/tr><tr><td>METRO<\/td><td>28.35<\/td><td>22.05<\/td><td>26.77<\/td><\/tr><tr><td>L<\/td><td>29.92<\/td><td>26.77<\/td><td>28.35<\/td><\/tr><tr><td>SG<\/td><td>31.5<\/td><td>23.62<\/td><td>29.92<\/td><\/tr><\/tbody><\/table><\/figure>","protected":false},"excerpt":{"rendered":"<p>Disfrute de la sofisticaci\u00f3n y el encanto con nuestro Body de malla transparente bordado. Con un pecho y una espalda abiertos y un tejido de malla moteado, este body acent\u00faa tu figura con elegancia femenina.<\/p>\n<p>https:\/\/youtu.be\/nwujgMHYYSk<\/p>","protected":false},"featured_media":43308,"template":"","meta":[],"product_brand":[],"product_cat":[370,367,373],"product_tag":[521,448,454,518,446],"class_list":{"0":"post-43213","1":"product","2":"type-product","3":"status-publish","4":"has-post-thumbnail","6":"product_cat-bodysuit","7":"product_cat-sexy-lingerie","8":"product_cat-wholesale-sexy-mesh-bodysuit","9":"product_tag-deep-v-lingerie","10":"product_tag-wholesale-elegant-sexy-lingerie","11":"product_tag-wholesale-sexy-embroidered-lingerie","12":"product_tag-mesh-lingerie","13":"product_tag-wholesale-sexy-see-through-lingerie","14":"pa_color-black","15":"pa_color-blue-women-sexy-lingerie","16":"pa_color-green-yellow-women-sexy-lingerie","17":"pa_color-hot-pink-women-sexy-lingerie","18":"pa_color-pink-women-sexy-lingerie","19":"pa_color-purple-women-sexy-lingerie","20":"pa_color-red-women-sexy-lingerie","21":"pa_color-sea-green-women-sexy-lingerie","22":"pa_color-white","23":"pa_color-yellow","24":"pa_size-wholesale-large-size-women-sexy-lingerie","25":"pa_size-wholesale-medium-size-women-sexy-lingerie","26":"pa_size-wholesale-small-size-sexy-lingerie","27":"pa_size-wholesale-extra-large-sexy-lingerie","29":"first","30":"instock","31":"taxable","32":"shipping-taxable","33":"purchasable","34":"product-type-variable"},"tiered_pricing_type":"fixed","tiered_pricing_fixed_rules":[],"tiered_pricing_product_settings":{"layout":"default","base_unit_name":{"singular":null,"plural":null},"default_variation":{}},"tiered_pricing_minimum_quantity":null,"tiered_pricing_roles_data":{"default_wholesaler":{"product_id":43213,"role":"default_wholesaler","pricing_type":"flat","regular_price":null,"sale_price":null,"discount":null,"discount_type":"sale_price","tiered_pricing_type":"fixed","percentage_rules":[],"fixed_rules":{"2":"9.39","30":"8.19","500":"7.29"},"minimum":null},"dropshippinger":{"product_id":43213,"role":"dropshippinger","pricing_type":"flat","regular_price":null,"sale_price":null,"discount":null,"discount_type":"sale_price","tiered_pricing_type":"fixed","percentage_rules":[],"fixed_rules":{"1":"10.99","5":"9.39","30":"7.29"},"minimum":null}},"tiered_pricing_percentage_rules":[],"tiered_pricing_maximum_quantity":null,"tiered_pricing_quantity_step":null,"_links":{"self":[{"href":"https:\/\/gretasexylingerie.com\/es\/wp-json\/wp\/v2\/product\/43213","targetHints":{"allow":["GET"]}}],"collection":[{"href":"https:\/\/gretasexylingerie.com\/es\/wp-json\/wp\/v2\/product"}],"about":[{"href":"https:\/\/gretasexylingerie.com\/es\/wp-json\/wp\/v2\/types\/product"}],"wp:featuredmedia":[{"embeddable":true,"href":"https:\/\/gretasexylingerie.com\/es\/wp-json\/wp\/v2\/media\/43308"}],"wp:attachment":[{"href":"https:\/\/gretasexylingerie.com\/es\/wp-json\/wp\/v2\/media?parent=43213"}],"wp:term":[{"taxonomy":"product_brand","embeddable":true,"href":"https:\/\/gretasexylingerie.com\/es\/wp-json\/wp\/v2\/product_brand?post=43213"},{"taxonomy":"product_cat","embeddable":true,"href":"https:\/\/gretasexylingerie.com\/es\/wp-json\/wp\/v2\/product_cat?post=43213"},{"taxonomy":"product_tag","embeddable":true,"href":"https:\/\/gretasexylingerie.com\/es\/wp-json\/wp\/v2\/product_tag?post=43213"}],"curies":[{"name":"Gracias","href":"https:\/\/api.w.org\/{rel}","templated":true}]}}