{"id":43101,"date":"2023-06-29T22:05:47","date_gmt":"2023-06-29T14:05:47","guid":{"rendered":"https:\/\/gretasexylingerie.com\/?post_type=product&#038;p=43101"},"modified":"2023-10-22T23:01:21","modified_gmt":"2023-10-22T15:01:21","slug":"camisola-de-malla-transparente-con-espalda-abierta","status":"publish","type":"product","link":"https:\/\/gretasexylingerie.com\/es\/products\/see-through-mesh-chemise-with-open-back\/","title":{"rendered":"Camis\u00f3n de malla transparente con espalda abierta"},"content":{"rendered":"<ol class=\"wp-block-list\">\n<li>Dise\u00f1o transparente cautivador: nuestra camisa est\u00e1 dise\u00f1ada para cautivar. Su tela de malla transparente y transparente es seductora y elegante, creando una silueta sensual que es tan impresionante como c\u00f3moda. Ya sea que lo uses para una noche especial o quieras sentirte exquisita, esta camisola agrega un toque de encanto a cualquier ocasi\u00f3n.<\/li>\n\n\n\n<li>Elegante espalda abierta: un dise\u00f1o de espalda abierta agrega un elemento inesperado de intriga a esta camisa. Revela lo suficiente para seducir, mientras que la tela de malla suave te mantiene c\u00f3modo durante toda la noche. Esta llamativa caracter\u00edstica le garantiza un aspecto tan deslumbrante al salir de la habitaci\u00f3n como al entrar.<\/li>\n\n\n\n<li>Corbata Desmontable: La versatilidad es vital, y nuestra camisola ofrece justamente eso. El lazo desmontable en la parte posterior agrega un elemento elegante al dise\u00f1o y le permite personalizar el ajuste a su gusto. \u00daselo para ajustar su cintura o d\u00e9jelo suelto para un ajuste m\u00e1s relajado: la elecci\u00f3n es suya.<\/li>\n\n\n\n<li>La comodidad se une al estilo: confeccionada con una tela de malla suave y transpirable, nuestra camisa no sacrifica la comodidad por el estilo. El material liviano asegura un ajuste relajado, perfecto para descansar y ocasiones especiales. Puede disfrutar de lo mejor de ambos mundos: lucir fabulosa mientras se siente c\u00f3moda.<\/li>\n\n\n\n<li>Perfecto para cualquier ocasi\u00f3n: esta camisa es una opci\u00f3n elegante para varias ocasiones. Su dise\u00f1o equilibra a la perfecci\u00f3n la comodidad y el estilo, lo que lo hace adecuado para todo, desde una velada rom\u00e1ntica hasta una noche de cuidado personal.<\/li>\n<\/ol>\n\n\n\n<p>En conclusi\u00f3n, nuestra camisola de malla transparente con espalda abierta y corbata desmontable es la combinaci\u00f3n perfecta de sofisticaci\u00f3n, comodidad y versatilidad. Es una adici\u00f3n esencial a cualquier colecci\u00f3n de lencer\u00eda y promete elevar cada ocasi\u00f3n.<\/p>\n\n\n\n<figure class=\"wp-block-table is-style-stripes\"><table class=\"has-fixed-layout\"><tbody><tr><td>Gr\u00e1fico del sitio (CM)<\/td><td><\/td><td><\/td><td><\/td><\/tr><tr><td>Tama\u00f1o<\/td><td>Faja Pectoral<\/td><td>Cinta<\/td><td>Largo<\/td><\/tr><tr><td>S<\/td><td>62<\/td><td>420<\/td><td>62<\/td><\/tr><tr><td>METRO<\/td><td>62<\/td><td>420<\/td><td>63.5<\/td><\/tr><tr><td>L<\/td><td>62<\/td><td>420<\/td><td>65<\/td><\/tr><tr><td>Gr\u00e1fico del sitio (PULGADAS)<\/td><td><\/td><td><\/td><td><\/td><\/tr><tr><td>Tama\u00f1o<\/td><td>Longitud<\/td><td>Busto superior<\/td><td>Busto inferior<\/td><\/tr><tr><td>S<\/td><td>24.41<\/td><td>165.35<\/td><td>24.41<\/td><\/tr><tr><td>METRO<\/td><td>24.41<\/td><td>165.35<\/td><td>25<\/td><\/tr><tr><td>L<\/td><td>24.41<\/td><td>165.35<\/td><td>25.59<\/td><\/tr><\/tbody><\/table><\/figure>","protected":false},"excerpt":{"rendered":"<p>Presentamos nuestra camisola de malla transparente, una mezcla encantadora de encanto y sofisticaci\u00f3n. Su dise\u00f1o de espalda abierta se complementa maravillosamente con una corbata desmontable, lo que lo hace tan vers\u00e1til como atractivo.<\/p>\n<p>https:\/\/youtu.be\/ywwmvM-_gR0<\/p>","protected":false},"featured_media":43118,"template":"","meta":[],"product_brand":[],"product_cat":[394,422,367],"product_tag":[518,446,866,447],"class_list":{"0":"post-43101","1":"product","2":"type-product","3":"status-publish","4":"has-post-thumbnail","6":"product_cat-wholesale-mesh-chemise","7":"product_cat-sexy-chemise","8":"product_cat-sexy-lingerie","9":"product_tag-mesh-lingerie","10":"product_tag-wholesale-sexy-see-through-lingerie","11":"product_tag-sexy-romper-lingerie","12":"product_tag-wholesale-strappy-sexy-lingerie","13":"pa_color-black","14":"pa_color-green","15":"pa_color-red-women-sexy-lingerie","16":"pa_color-white","17":"pa_size-wholesale-large-size-women-sexy-lingerie","18":"pa_size-wholesale-medium-size-women-sexy-lingerie","19":"pa_size-wholesale-small-size-sexy-lingerie","21":"first","22":"instock","23":"taxable","24":"shipping-taxable","25":"purchasable","26":"product-type-variable"},"tiered_pricing_type":"fixed","tiered_pricing_fixed_rules":[],"tiered_pricing_product_settings":{"layout":"default","base_unit_name":{"singular":null,"plural":null},"default_variation":{}},"tiered_pricing_minimum_quantity":null,"tiered_pricing_roles_data":{"default_wholesaler":{"product_id":43101,"role":"default_wholesaler","pricing_type":"flat","regular_price":null,"sale_price":null,"discount":null,"discount_type":"sale_price","tiered_pricing_type":"fixed","percentage_rules":[],"fixed_rules":{"2":"8.39","30":"7.19","500":"6.29"},"minimum":null},"dropshippinger":{"product_id":43101,"role":"dropshippinger","pricing_type":"flat","regular_price":null,"sale_price":null,"discount":null,"discount_type":"sale_price","tiered_pricing_type":"fixed","percentage_rules":[],"fixed_rules":{"1":"9.99","5":"8.39","30":"7.19"},"minimum":null}},"tiered_pricing_percentage_rules":[],"tiered_pricing_maximum_quantity":null,"tiered_pricing_quantity_step":null,"_links":{"self":[{"href":"https:\/\/gretasexylingerie.com\/es\/wp-json\/wp\/v2\/product\/43101","targetHints":{"allow":["GET"]}}],"collection":[{"href":"https:\/\/gretasexylingerie.com\/es\/wp-json\/wp\/v2\/product"}],"about":[{"href":"https:\/\/gretasexylingerie.com\/es\/wp-json\/wp\/v2\/types\/product"}],"wp:featuredmedia":[{"embeddable":true,"href":"https:\/\/gretasexylingerie.com\/es\/wp-json\/wp\/v2\/media\/43118"}],"wp:attachment":[{"href":"https:\/\/gretasexylingerie.com\/es\/wp-json\/wp\/v2\/media?parent=43101"}],"wp:term":[{"taxonomy":"product_brand","embeddable":true,"href":"https:\/\/gretasexylingerie.com\/es\/wp-json\/wp\/v2\/product_brand?post=43101"},{"taxonomy":"product_cat","embeddable":true,"href":"https:\/\/gretasexylingerie.com\/es\/wp-json\/wp\/v2\/product_cat?post=43101"},{"taxonomy":"product_tag","embeddable":true,"href":"https:\/\/gretasexylingerie.com\/es\/wp-json\/wp\/v2\/product_tag?post=43101"}],"curies":[{"name":"Gracias","href":"https:\/\/api.w.org\/{rel}","templated":true}]}}