{"id":43041,"date":"2023-06-27T22:28:54","date_gmt":"2023-06-27T14:28:54","guid":{"rendered":"https:\/\/gretasexylingerie.com\/?post_type=product&#038;p=43041"},"modified":"2024-01-17T22:27:30","modified_gmt":"2024-01-17T14:27:30","slug":"conjunto-de-sujetador-y-braguita-con-bordado-de-ondas-doradas-y-marco-rojo","status":"publish","type":"product","link":"https:\/\/gretasexylingerie.com\/es\/products\/gold-wave-embroidered-bra-panty-set-with-red-frame\/","title":{"rendered":"Conjunto de sujetador y panty con bordado de ondas doradas y marco rojo"},"content":{"rendered":"<ol class=\"wp-block-list\">\n<li>Lujoso bordado dorado: el intrincado bordado de ondas doradas agrega un toque de lujo y refinamiento, lo que hace que este conjunto se destaque.<\/li>\n\n\n\n<li>Marco rojo vibrante: el marco rojo vibrante agrega color y contraste, mejorando el atractivo general del dise\u00f1o.<\/li>\n\n\n\n<li>Adorables minilazos: los minilazos que adornan el sujetador y las bragas a\u00f1aden un toque juguet\u00f3n y coqueto al conjunto.<\/li>\n\n\n\n<li>Pura elegancia: el material transparente emana un encanto que es a la vez elegante e irresistible.<\/li>\n\n\n\n<li>Perfecto para ocasiones especiales: con sus caracter\u00edsticas llamativas y su dise\u00f1o sofisticado, este conjunto de sujetador y panty es ideal para crear momentos inolvidables.<\/li>\n<\/ol>\n\n\n\n<p>En conclusi\u00f3n, nuestro conjunto de sujetador y panty bordados Gold Wave con armaz\u00f3n rojo y minilazos es la combinaci\u00f3n perfecta de elegancia, comodidad y estilo. Es un complemento esencial para cualquier colecci\u00f3n de lencer\u00eda sofisticada.<\/p>\n\n\n\n<figure class=\"wp-block-table is-style-stripes\"><table class=\"has-fixed-layout\"><tbody><tr><td colspan=\"5\">Gr\u00e1fico del sitio (CM)<\/td><\/tr><tr><td>Tama\u00f1o<\/td><td>Longitud<\/td><td>Busto superior<\/td><td>Busto inferior<\/td><td>l\u00ednea de la cintura<\/td><\/tr><tr><td>S<\/td><td>23<\/td><td>70-88<\/td><td>68-88<\/td><td>68-96<\/td><\/tr><tr><td>METRO<\/td><td>24<\/td><td>74-92<\/td><td>72-92<\/td><td>72-100<\/td><\/tr><tr><td>L<\/td><td>25<\/td><td>78-96<\/td><td>76-96<\/td><td>76-104<\/td><\/tr><tr><td colspan=\"5\">Gr\u00e1fico del sitio (PULGADAS)<\/td><\/tr><tr><td>Tama\u00f1o<\/td><td>Longitud<\/td><td>Busto superior<\/td><td>Busto inferior<\/td><td>l\u00ednea de la cintura<\/td><\/tr><tr><td>S<\/td><td>9.06<\/td><td>27.56-34.65<\/td><td>26.77-34.65<\/td><td>26.77-37.80<\/td><\/tr><tr><td>METRO<\/td><td>9.45<\/td><td>29.13-36.22<\/td><td>28.35-36.22<\/td><td>28.35-39.37<\/td><\/tr><tr><td>L<\/td><td>9.84<\/td><td>30.71-37.80<\/td><td>29.92-37.80<\/td><td>29.92-40.94<\/td><\/tr><\/tbody><\/table><\/figure>","protected":false},"excerpt":{"rendered":"<p>Sum\u00e9rgete en el encanto de nuestro conjunto de brasier y braguitas bordado Gold Wave. Complementado con un cautivador marco rojo y adorables mini lazos, este conjunto personifica la sofisticaci\u00f3n femenina.<\/p>\n<p>https:\/\/youtu.be\/-pjDyUZ_rbU<\/p>","protected":false},"featured_media":43052,"template":"","meta":[],"product_brand":[],"product_cat":[368,367,375],"product_tag":[448,518,973,453,864],"class_list":{"0":"post-43041","1":"product","2":"type-product","3":"status-publish","4":"has-post-thumbnail","6":"product_cat-bra-panty-set","7":"product_cat-sexy-lingerie","8":"product_cat-whoelsale-sheer-bra-and-panty-sets","9":"product_tag-wholesale-elegant-sexy-lingerie","10":"product_tag-mesh-lingerie","11":"product_tag-oem","12":"product_tag-wholesale-sexy-naughty-lingerie","13":"product_tag-sexy-petite-lingerie","14":"pa_color-yellow","15":"pa_size-wholesale-large-size-women-sexy-lingerie","16":"pa_size-wholesale-medium-size-women-sexy-lingerie","17":"pa_size-wholesale-small-size-sexy-lingerie","19":"first","20":"outofstock","21":"taxable","22":"shipping-taxable","23":"purchasable","24":"product-type-variable"},"tiered_pricing_type":"fixed","tiered_pricing_fixed_rules":[],"tiered_pricing_product_settings":{"layout":"default","base_unit_name":{"singular":null,"plural":null},"default_variation":{}},"tiered_pricing_minimum_quantity":null,"tiered_pricing_roles_data":{"default_wholesaler":{"product_id":43041,"role":"default_wholesaler","pricing_type":"flat","regular_price":null,"sale_price":null,"discount":null,"discount_type":"sale_price","tiered_pricing_type":"fixed","percentage_rules":[],"fixed_rules":{"2":"9.39","30":"8.09","500":"7.09"},"minimum":null},"dropshippinger":{"product_id":43041,"role":"dropshippinger","pricing_type":"flat","regular_price":null,"sale_price":null,"discount":null,"discount_type":"sale_price","tiered_pricing_type":"fixed","percentage_rules":[],"fixed_rules":{"1":"11.29","5":"9.39","30":"8.09"},"minimum":null}},"tiered_pricing_percentage_rules":[],"tiered_pricing_maximum_quantity":null,"tiered_pricing_quantity_step":null,"_links":{"self":[{"href":"https:\/\/gretasexylingerie.com\/es\/wp-json\/wp\/v2\/product\/43041","targetHints":{"allow":["GET"]}}],"collection":[{"href":"https:\/\/gretasexylingerie.com\/es\/wp-json\/wp\/v2\/product"}],"about":[{"href":"https:\/\/gretasexylingerie.com\/es\/wp-json\/wp\/v2\/types\/product"}],"wp:featuredmedia":[{"embeddable":true,"href":"https:\/\/gretasexylingerie.com\/es\/wp-json\/wp\/v2\/media\/43052"}],"wp:attachment":[{"href":"https:\/\/gretasexylingerie.com\/es\/wp-json\/wp\/v2\/media?parent=43041"}],"wp:term":[{"taxonomy":"product_brand","embeddable":true,"href":"https:\/\/gretasexylingerie.com\/es\/wp-json\/wp\/v2\/product_brand?post=43041"},{"taxonomy":"product_cat","embeddable":true,"href":"https:\/\/gretasexylingerie.com\/es\/wp-json\/wp\/v2\/product_cat?post=43041"},{"taxonomy":"product_tag","embeddable":true,"href":"https:\/\/gretasexylingerie.com\/es\/wp-json\/wp\/v2\/product_tag?post=43041"}],"curies":[{"name":"Gracias","href":"https:\/\/api.w.org\/{rel}","templated":true}]}}