{"id":42991,"date":"2023-06-27T21:06:27","date_gmt":"2023-06-27T13:06:27","guid":{"rendered":"https:\/\/gretasexylingerie.com\/?post_type=product&#038;p=42991"},"modified":"2024-04-04T13:57:25","modified_gmt":"2024-04-04T05:57:25","slug":"conjunto-de-sujetador-con-cuello-halter-bordado-y-hebilla-de-corazon-de-diamantes","status":"publish","type":"product","link":"https:\/\/gretasexylingerie.com\/es\/products\/embroidered-halterneck-bra-set-with-diamond-heart-buckle\/","title":{"rendered":"Conjunto de sujetador con cuello halter bordado y hebilla de coraz\u00f3n de diamantes"},"content":{"rendered":"<ol class=\"wp-block-list\">\n<li>Impresionante bordado: el hermoso bordado agrega un toque de encanto femenino, lo que hace que este sujetador sea una pieza destacada.<\/li>\n\n\n\n<li>Estilo de cuello halter: el dise\u00f1o de cuello halter garantiza un ajuste perfecto al tiempo que agrega un elemento de elegancia cl\u00e1sica al conjunto.<\/li>\n\n\n\n<li>Deslumbrante hebilla con forma de coraz\u00f3n de diamantes: la hebilla con forma de coraz\u00f3n de diamantes a\u00f1ade un toque de glamour y garantiza que te sientas lujoso.<\/li>\n\n\n\n<li>Dise\u00f1o recortado seductor: el atractivo dise\u00f1o recortado a\u00f1ade un elemento de sorpresa y dramatismo a este impresionante conjunto.<\/li>\n\n\n\n<li>Perfecto para crear momentos memorables: con sus caracter\u00edsticas llamativas y su dise\u00f1o sofisticado, este conjunto de sujetadores es ideal para ocasiones especiales.<\/li>\n<\/ol>\n\n\n\n<p>En conclusi\u00f3n, nuestro conjunto de sujetador con cuello halter bordado con hebilla de coraz\u00f3n de diamante y dise\u00f1o recortado combina a la perfecci\u00f3n el encanto, la comodidad y el estilo elegante. Es imprescindible para cualquier colecci\u00f3n de lencer\u00eda.<\/p>\n\n\n\n<figure class=\"wp-block-table is-style-stripes\"><table class=\"has-fixed-layout\"><tbody><tr><td colspan=\"5\">Gr\u00e1fico del sitio (CM)<\/td><\/tr><tr><td>Tama\u00f1o<\/td><td>Longitud<\/td><td>Busto superior<\/td><td>Busto inferior<\/td><td>l\u00ednea de la cintura<\/td><\/tr><tr><td>S<\/td><td>20<\/td><td>68-88<\/td><td>66-88<\/td><td>66-92<\/td><\/tr><tr><td>METRO<\/td><td>21<\/td><td>72-92<\/td><td>70-92<\/td><td>70-96<\/td><\/tr><tr><td>L<\/td><td>22<\/td><td>76-96<\/td><td>74-96<\/td><td>74-100<\/td><\/tr><tr><td colspan=\"5\">Gr\u00e1fico del sitio (PULGADAS)<\/td><\/tr><tr><td>Tama\u00f1o<\/td><td>Longitud<\/td><td>Busto superior<\/td><td>Busto inferior<\/td><td>l\u00ednea de la cintura<\/td><\/tr><tr><td>S<\/td><td>7.87<\/td><td>26.77-34.65<\/td><td>25.98-34.65<\/td><td>25.98-36.22<\/td><\/tr><tr><td>METRO<\/td><td>8.27<\/td><td>28.35-36.22<\/td><td>27.56-36.22<\/td><td>27.56-37.80<\/td><\/tr><tr><td>L<\/td><td>8.66<\/td><td>29.92-37.80<\/td><td>29.13-37.80<\/td><td>29.13-39.37<\/td><\/tr><\/tbody><\/table><\/figure>","protected":false},"excerpt":{"rendered":"<p>Entra en un mundo de estilo chic con nuestro juego de sujetador con cuello halter bordado. Adornado con una hebilla de coraz\u00f3n de diamantes y un cautivador dise\u00f1o recortado, este conjunto es una combinaci\u00f3n ideal de encanto y sofisticaci\u00f3n.<\/p>","protected":false},"featured_media":43009,"template":"","meta":[],"product_brand":[],"product_cat":[368,367,375],"product_tag":[507,452,528,524,453,864],"class_list":{"0":"post-42991","1":"product","2":"type-product","3":"status-publish","4":"has-post-thumbnail","6":"product_cat-bra-panty-set","7":"product_cat-sexy-lingerie","8":"product_cat-whoelsale-sheer-bra-and-panty-sets","9":"product_tag-three-pcs-set","10":"product_tag-wholesale-boudoir-lingerie","11":"product_tag-halter-lingerie","12":"product_tag-metal-lingerie","13":"product_tag-wholesale-sexy-naughty-lingerie","14":"product_tag-sexy-petite-lingerie","15":"pa_color-black","16":"pa_color-pink-women-sexy-lingerie","17":"pa_color-red-women-sexy-lingerie","18":"pa_size-wholesale-large-size-women-sexy-lingerie","19":"pa_size-wholesale-medium-size-women-sexy-lingerie","20":"pa_size-wholesale-small-size-sexy-lingerie","22":"first","23":"instock","24":"taxable","25":"shipping-taxable","26":"purchasable","27":"product-type-variable"},"tiered_pricing_type":"fixed","tiered_pricing_fixed_rules":[],"tiered_pricing_product_settings":{"layout":"table","base_unit_name":{"singular":null,"plural":null},"default_variation":null},"tiered_pricing_minimum_quantity":null,"tiered_pricing_roles_data":{"default_wholesaler":{"product_id":42991,"role":"default_wholesaler","pricing_type":"flat","regular_price":null,"sale_price":null,"discount":null,"discount_type":"sale_price","tiered_pricing_type":"fixed","percentage_rules":[],"fixed_rules":{"2":"12.29","30":"10.49","500":"9.19"},"minimum":null},"dropshippinger":{"product_id":42991,"role":"dropshippinger","pricing_type":"flat","regular_price":null,"sale_price":null,"discount":null,"discount_type":"sale_price","tiered_pricing_type":"fixed","percentage_rules":[],"fixed_rules":{"1":"14.69","5":"12.29","30":"10.49"},"minimum":null}},"tiered_pricing_percentage_rules":[],"tiered_pricing_maximum_quantity":null,"tiered_pricing_quantity_step":null,"_links":{"self":[{"href":"https:\/\/gretasexylingerie.com\/es\/wp-json\/wp\/v2\/product\/42991","targetHints":{"allow":["GET"]}}],"collection":[{"href":"https:\/\/gretasexylingerie.com\/es\/wp-json\/wp\/v2\/product"}],"about":[{"href":"https:\/\/gretasexylingerie.com\/es\/wp-json\/wp\/v2\/types\/product"}],"wp:featuredmedia":[{"embeddable":true,"href":"https:\/\/gretasexylingerie.com\/es\/wp-json\/wp\/v2\/media\/43009"}],"wp:attachment":[{"href":"https:\/\/gretasexylingerie.com\/es\/wp-json\/wp\/v2\/media?parent=42991"}],"wp:term":[{"taxonomy":"product_brand","embeddable":true,"href":"https:\/\/gretasexylingerie.com\/es\/wp-json\/wp\/v2\/product_brand?post=42991"},{"taxonomy":"product_cat","embeddable":true,"href":"https:\/\/gretasexylingerie.com\/es\/wp-json\/wp\/v2\/product_cat?post=42991"},{"taxonomy":"product_tag","embeddable":true,"href":"https:\/\/gretasexylingerie.com\/es\/wp-json\/wp\/v2\/product_tag?post=42991"}],"curies":[{"name":"Gracias","href":"https:\/\/api.w.org\/{rel}","templated":true}]}}