{"id":42940,"date":"2023-06-26T21:55:33","date_gmt":"2023-06-26T13:55:33","guid":{"rendered":"https:\/\/gretasexylingerie.com\/?post_type=product&#038;p=42940"},"modified":"2023-09-05T20:56:27","modified_gmt":"2023-09-05T12:56:27","slug":"body-de-malla-de-un-solo-hombro-con-manga-larga","status":"publish","type":"product","link":"https:\/\/gretasexylingerie.com\/es\/products\/one-shoulder-mesh-bodysuit-with-long-sleeve\/","title":{"rendered":"Body de malla de un hombro con manga larga"},"content":{"rendered":"<ol class=\"wp-block-list\">\n<li>Estilo contempor\u00e1neo: el dise\u00f1o de un solo hombro le da un giro moderno al traje tradicional, ofreciendo un atractivo est\u00e9tico \u00fanico.<\/li>\n\n\n\n<li>Transparencia seductora: el material de malla transparente brinda un toque seductor y ofrece la provocaci\u00f3n adecuada.<\/li>\n\n\n\n<li>Manga larga \u00fanica: la manga larga \u00fanica agrega un toque de elegancia y hace que este body sea vers\u00e1til para usar en interiores y exteriores.<\/li>\n\n\n\n<li>Dise\u00f1o sexy de tanga: el dise\u00f1o de tanga en la entrepierna agrega un elemento chispeante al body, asegurando que te veas y te sientas irresistible.<\/li>\n\n\n\n<li>Perfecto para varias ocasiones: ya sea una aventura privada o una salida nocturna, este sexy body lo tiene cubierto.<\/li>\n<\/ol>\n\n\n\n<p>En conclusi\u00f3n, nuestro Body de malla de un solo hombro con manga larga y dise\u00f1o de tanga es la combinaci\u00f3n perfecta de estilo contempor\u00e1neo y seducci\u00f3n cl\u00e1sica. Sus caracter\u00edsticas \u00fanicas y su versatilidad lo convierten en una opci\u00f3n irresistible para diversas ocasiones.<\/p>\n\n\n\n<figure class=\"wp-block-table is-style-stripes\"><table class=\"has-fixed-layout\"><tbody><tr><td colspan=\"5\">Gr\u00e1fico del sitio (CM)<\/td><\/tr><tr><td>Tama\u00f1o<\/td><td>Longitud<\/td><td>Busto superior<\/td><td>Busto inferior<\/td><td>l\u00ednea de la cintura<\/td><\/tr><tr><td>S<\/td><td>65<\/td><td>62-88<\/td><td>60-88<\/td><td>60-96<\/td><\/tr><tr><td>METRO<\/td><td>66<\/td><td>66-92<\/td><td>64-92<\/td><td>64-100<\/td><\/tr><tr><td>L<\/td><td>67<\/td><td>70-96<\/td><td>68-96<\/td><td>68-104<\/td><\/tr><tr><td colspan=\"5\">Gr\u00e1fico del sitio (PULGADAS)<\/td><\/tr><tr><td>Tama\u00f1o<\/td><td>Longitud<\/td><td>Busto superior<\/td><td>Busto inferior<\/td><td>l\u00ednea de la cintura<\/td><\/tr><tr><td>S<\/td><td>25.59<\/td><td>24.41-34.65<\/td><td>23.62-34.65<\/td><td>23.62-37.80<\/td><\/tr><tr><td>METRO<\/td><td>25.98<\/td><td>25.98-36.22<\/td><td>25.20-36.22<\/td><td>25.20-39.37<\/td><\/tr><tr><td>L<\/td><td>26.38<\/td><td>27.56-37.80<\/td><td>26.77-37.80<\/td><td>26.77-40.94<\/td><\/tr><\/tbody><\/table><\/figure>","protected":false},"excerpt":{"rendered":"<p>Nuestro body de malla de un solo hombro le da un toque moderno a la lencer\u00eda cl\u00e1sica. Esta pieza transparente, completa con una manga larga en un lado y un sexy corte de tanga, ofrece una combinaci\u00f3n \u00fanica de seducci\u00f3n y sofisticaci\u00f3n.<\/p>","protected":false},"featured_media":42949,"template":"","meta":[],"product_brand":[],"product_cat":[370,367,372,373],"product_tag":[452,518,446,864,863],"class_list":{"0":"post-42940","1":"product","2":"type-product","3":"status-publish","4":"has-post-thumbnail","6":"product_cat-bodysuit","7":"product_cat-sexy-lingerie","8":"product_cat-wholesale-sexy-long-sleeve-bodysuit","9":"product_cat-wholesale-sexy-mesh-bodysuit","10":"product_tag-wholesale-boudoir-lingerie","11":"product_tag-mesh-lingerie","12":"product_tag-wholesale-sexy-see-through-lingerie","13":"product_tag-sexy-petite-lingerie","14":"product_tag-sexy-thong-lingerie","15":"pa_color-black","16":"pa_size-wholesale-large-size-women-sexy-lingerie","17":"pa_size-wholesale-medium-size-women-sexy-lingerie","18":"pa_size-wholesale-small-size-sexy-lingerie","20":"first","21":"instock","22":"taxable","23":"shipping-taxable","24":"purchasable","25":"product-type-variable"},"tiered_pricing_type":"fixed","tiered_pricing_fixed_rules":[],"tiered_pricing_product_settings":{"layout":"default","base_unit_name":{"singular":null,"plural":null},"default_variation":null},"tiered_pricing_minimum_quantity":null,"tiered_pricing_roles_data":{"default_wholesaler":{"product_id":42940,"role":"default_wholesaler","pricing_type":"flat","regular_price":null,"sale_price":null,"discount":null,"discount_type":"sale_price","tiered_pricing_type":"fixed","percentage_rules":[],"fixed_rules":{"2":"8.39","30":"7.19","500":"6.29"},"minimum":null},"dropshippinger":{"product_id":42940,"role":"dropshippinger","pricing_type":"flat","regular_price":null,"sale_price":null,"discount":null,"discount_type":"sale_price","tiered_pricing_type":"fixed","percentage_rules":[],"fixed_rules":{"1":"9.99","5":"8.35","30":"7.19"},"minimum":null}},"tiered_pricing_percentage_rules":[],"tiered_pricing_maximum_quantity":null,"tiered_pricing_quantity_step":null,"_links":{"self":[{"href":"https:\/\/gretasexylingerie.com\/es\/wp-json\/wp\/v2\/product\/42940","targetHints":{"allow":["GET"]}}],"collection":[{"href":"https:\/\/gretasexylingerie.com\/es\/wp-json\/wp\/v2\/product"}],"about":[{"href":"https:\/\/gretasexylingerie.com\/es\/wp-json\/wp\/v2\/types\/product"}],"wp:featuredmedia":[{"embeddable":true,"href":"https:\/\/gretasexylingerie.com\/es\/wp-json\/wp\/v2\/media\/42949"}],"wp:attachment":[{"href":"https:\/\/gretasexylingerie.com\/es\/wp-json\/wp\/v2\/media?parent=42940"}],"wp:term":[{"taxonomy":"product_brand","embeddable":true,"href":"https:\/\/gretasexylingerie.com\/es\/wp-json\/wp\/v2\/product_brand?post=42940"},{"taxonomy":"product_cat","embeddable":true,"href":"https:\/\/gretasexylingerie.com\/es\/wp-json\/wp\/v2\/product_cat?post=42940"},{"taxonomy":"product_tag","embeddable":true,"href":"https:\/\/gretasexylingerie.com\/es\/wp-json\/wp\/v2\/product_tag?post=42940"}],"curies":[{"name":"Gracias","href":"https:\/\/api.w.org\/{rel}","templated":true}]}}