{"id":42891,"date":"2023-06-25T23:25:47","date_gmt":"2023-06-25T15:25:47","guid":{"rendered":"https:\/\/gretasexylingerie.com\/?post_type=product&#038;p=42891"},"modified":"2024-04-04T13:52:33","modified_gmt":"2024-04-04T05:52:33","slug":"conjunto-de-3-piezas-de-sujetador-de-malla-negra-con-cuello-halter-y-ligas-para-cubrir-la-cadera","status":"publish","type":"product","link":"https:\/\/gretasexylingerie.com\/es\/products\/3-piece-set-black-mesh-halterneck-bra-with-hip-cover-garters\/","title":{"rendered":"Conjunto de 3 piezas Sujetador de cuello halter de malla negra con ligas para cubrir la cadera"},"content":{"rendered":"<ol class=\"wp-block-list\">\n<li>El factor sorpresa: el sujetador de cuello halter con m\u00faltiples correas es una declaraci\u00f3n. Se trata de atreverse a ser diferente.<\/li>\n\n\n\n<li>Revela el encanto: las ligas de malla que cubren la cadera a\u00f1aden un toque de intriga, complementan el sujetador y realzan tu encanto natural.<\/li>\n\n\n\n<li>Sin disculpas a la moda: este conjunto no solo est\u00e1 a la moda; es un creador de tendencias. Es para los que lideran, no para los que siguen.<\/li>\n\n\n\n<li>Comodidad con estilo: este conjunto se trata de hacer una declaraci\u00f3n audaz, pero a\u00fan recordamos la comodidad. El tejido de malla suave garantiza un ajuste c\u00f3modo.<\/li>\n\n\n\n<li>Perfecto para cada ocasi\u00f3n: ya sea una cita nocturna o simplemente un d\u00eda en el que quieras sentirte especial, este conjunto es tu compa\u00f1ero perfecto.<\/li>\n<\/ol>\n\n\n\n<p>En conclusi\u00f3n, nuestro Black Mesh Extravaganza de 3 piezas es una celebraci\u00f3n que celebra las elecciones audaces y el estilo individual. No es solo una adici\u00f3n de moda a tu colecci\u00f3n de lencer\u00eda; es una experiencia que promete comodidad, estilo y misterio.<\/p>\n\n\n\n<figure class=\"wp-block-table is-style-stripes\"><table class=\"has-fixed-layout\"><tbody><tr><td colspan=\"5\">Gr\u00e1fico del sitio (CM)<\/td><\/tr><tr><td>Tama\u00f1o<\/td><td>Longitud<\/td><td>Busto superior<\/td><td>Busto inferior<\/td><td>l\u00ednea de la cintura<\/td><\/tr><tr><td>S<\/td><td>19<\/td><td>72-88<\/td><td>65-88<\/td><td>66-96<\/td><\/tr><tr><td>METRO<\/td><td>20<\/td><td>76-92<\/td><td>69-92<\/td><td>70-100<\/td><\/tr><tr><td>L<\/td><td>21<\/td><td>80-96<\/td><td>73-96<\/td><td>74-104<\/td><\/tr><tr><td colspan=\"5\">Gr\u00e1fico del sitio (PULGADAS)<\/td><\/tr><tr><td>Tama\u00f1o<\/td><td>Longitud<\/td><td>Busto superior<\/td><td>Busto inferior<\/td><td>l\u00ednea de la cintura<\/td><\/tr><tr><td>S<\/td><td>7.48<\/td><td>28.35-34.65<\/td><td>25.59-34.65<\/td><td>25.98-37.80<\/td><\/tr><tr><td>METRO<\/td><td>7.87<\/td><td>29.92-36.22<\/td><td>27.17-36.22<\/td><td>27.56-39.37<\/td><\/tr><tr><td>L<\/td><td>8.27<\/td><td>31.50-37.80<\/td><td>28.74-37.80<\/td><td>29.13-40.94<\/td><\/tr><\/tbody><\/table><\/figure>","protected":false},"excerpt":{"rendered":"<p>Ponte en el centro de atenci\u00f3n con nuestro Black Mesh Extravaganza de 3 piezas. Este conjunto presenta un sost\u00e9n de cuello halter con m\u00faltiples correas divertidas y ligas de malla sexy que cubren con gracia las caderas. Es la mezcla perfecta de misterio y encanto.<\/p>","protected":false},"featured_media":42903,"template":"","meta":[],"product_brand":[],"product_cat":[368,367,375],"product_tag":[507,452,448,528,518,865],"class_list":{"0":"post-42891","1":"product","2":"type-product","3":"status-publish","4":"has-post-thumbnail","6":"product_cat-bra-panty-set","7":"product_cat-sexy-lingerie","8":"product_cat-whoelsale-sheer-bra-and-panty-sets","9":"product_tag-three-pcs-set","10":"product_tag-wholesale-boudoir-lingerie","11":"product_tag-wholesale-elegant-sexy-lingerie","12":"product_tag-halter-lingerie","13":"product_tag-mesh-lingerie","14":"product_tag-sexy-skimpy-lingerie","15":"pa_color-black","16":"pa_size-wholesale-large-size-women-sexy-lingerie","17":"pa_size-wholesale-medium-size-women-sexy-lingerie","18":"pa_size-wholesale-small-size-sexy-lingerie","20":"first","21":"instock","22":"taxable","23":"shipping-taxable","24":"purchasable","25":"product-type-variable"},"tiered_pricing_type":"fixed","tiered_pricing_fixed_rules":[],"tiered_pricing_product_settings":{"layout":"table","base_unit_name":{"singular":null,"plural":null},"default_variation":null},"tiered_pricing_minimum_quantity":null,"tiered_pricing_roles_data":{"default_wholesaler":{"product_id":42891,"role":"default_wholesaler","pricing_type":"flat","regular_price":null,"sale_price":null,"discount":null,"discount_type":"sale_price","tiered_pricing_type":"fixed","percentage_rules":[],"fixed_rules":{"2":"10.69","30":"9.19","500":"8.09"},"minimum":null},"dropshippinger":{"product_id":42891,"role":"dropshippinger","pricing_type":"flat","regular_price":null,"sale_price":null,"discount":null,"discount_type":"sale_price","tiered_pricing_type":"fixed","percentage_rules":[],"fixed_rules":{"1":"12.89","5":"10.69","30":"9.19"},"minimum":null}},"tiered_pricing_percentage_rules":[],"tiered_pricing_maximum_quantity":null,"tiered_pricing_quantity_step":null,"_links":{"self":[{"href":"https:\/\/gretasexylingerie.com\/es\/wp-json\/wp\/v2\/product\/42891","targetHints":{"allow":["GET"]}}],"collection":[{"href":"https:\/\/gretasexylingerie.com\/es\/wp-json\/wp\/v2\/product"}],"about":[{"href":"https:\/\/gretasexylingerie.com\/es\/wp-json\/wp\/v2\/types\/product"}],"wp:featuredmedia":[{"embeddable":true,"href":"https:\/\/gretasexylingerie.com\/es\/wp-json\/wp\/v2\/media\/42903"}],"wp:attachment":[{"href":"https:\/\/gretasexylingerie.com\/es\/wp-json\/wp\/v2\/media?parent=42891"}],"wp:term":[{"taxonomy":"product_brand","embeddable":true,"href":"https:\/\/gretasexylingerie.com\/es\/wp-json\/wp\/v2\/product_brand?post=42891"},{"taxonomy":"product_cat","embeddable":true,"href":"https:\/\/gretasexylingerie.com\/es\/wp-json\/wp\/v2\/product_cat?post=42891"},{"taxonomy":"product_tag","embeddable":true,"href":"https:\/\/gretasexylingerie.com\/es\/wp-json\/wp\/v2\/product_tag?post=42891"}],"curies":[{"name":"Gracias","href":"https:\/\/api.w.org\/{rel}","templated":true}]}}