{"id":42800,"date":"2023-06-24T21:45:29","date_gmt":"2023-06-24T13:45:29","guid":{"rendered":"https:\/\/gretasexylingerie.com\/?post_type=product&#038;p=42800"},"modified":"2024-01-17T22:22:43","modified_gmt":"2024-01-17T14:22:43","slug":"conjunto-de-sujetador-y-tanga-de-encaje-con-escote-en-el-busto-y-cadena","status":"publish","type":"product","link":"https:\/\/gretasexylingerie.com\/es\/products\/lace-bra-thong-set-with-bust-cutout-and-chain\/","title":{"rendered":"Conjunto de sujetador y tanga de encaje con abertura en el busto y cadena"},"content":{"rendered":"<ol class=\"wp-block-list\">\n<li>Dise\u00f1o atrevido: el corte del busto y la cadena de metal ofrecen una est\u00e9tica audaz, perfecta para aquellas que buscan lencer\u00eda atrevida.<\/li>\n\n\n\n<li>Caracter\u00edsticas \u00fanicas: la cadena de metal introduce un elemento vanguardista en el conjunto, lo que lo hace destacar en dise\u00f1o y atractivo.<\/li>\n\n\n\n<li>Alineado a la tendencia: el dise\u00f1o se alinea con las tendencias actuales de lencer\u00eda, atrayendo a las personas conscientes del estilo.<\/li>\n\n\n\n<li>Comodidad y Calce: A pesar de sus atrevidos detalles, el conjunto asegura un calce c\u00f3modo, gracias a su delicada tela de encaje.<\/li>\n\n\n\n<li>Detalles atrevidos: el corte del busto, la cadena de metal y la tanga resaltan el dise\u00f1o atrevido y la atenci\u00f3n al detalle del conjunto.<\/li>\n<\/ol>\n\n\n\n<p>En conclusi\u00f3n, el conjunto de sujetador de encaje con abertura en el busto, cadena de metal y tanga ofrece una combinaci\u00f3n perfecta de dise\u00f1o atrevido, comodidad y detalles meticulosos. Sus caracter\u00edsticas \u00fanicas y su estilo alineado con las tendencias lo convierten en una adici\u00f3n destacada a cualquier colecci\u00f3n de lencer\u00eda.<\/p>\n\n\n\n<figure class=\"wp-block-table is-style-stripes\"><table class=\"has-fixed-layout\"><tbody><tr><td colspan=\"5\">Gr\u00e1fico del sitio (CM)<\/td><\/tr><tr><td>Tama\u00f1o<\/td><td>Longitud<\/td><td>Busto superior<\/td><td>Busto inferior<\/td><td>l\u00ednea de la cintura<\/td><\/tr><tr><td>S<\/td><td>21<\/td><td>68-88<\/td><td>62<\/td><td>68<\/td><\/tr><tr><td>METRO<\/td><td>22<\/td><td>72-92<\/td><td>66<\/td><td>72<\/td><\/tr><tr><td>L<\/td><td>23<\/td><td>76-96<\/td><td>70<\/td><td>76<\/td><\/tr><tr><td colspan=\"5\">Gr\u00e1fico del sitio (PULGADAS)<\/td><\/tr><tr><td>Tama\u00f1o<\/td><td>Longitud<\/td><td>Busto superior<\/td><td>Busto inferior<\/td><td>l\u00ednea de la cintura<\/td><\/tr><tr><td>S<\/td><td>8.27<\/td><td>26.77-34.65<\/td><td>24.41<\/td><td>26.77<\/td><\/tr><tr><td>METRO<\/td><td>8.66<\/td><td>28.35-36.22<\/td><td>25.98<\/td><td>28.35<\/td><\/tr><tr><td>L<\/td><td>9.06<\/td><td>29.92-37.80<\/td><td>27.56<\/td><td>29.92<\/td><\/tr><\/tbody><\/table><\/figure>","protected":false},"excerpt":{"rendered":"<p>Encienda el encanto con nuestro conjunto de sujetadores de encaje que presenta un busto recortado, una cadena de metal y una tanga. Este conjunto combina detalles atrevidos con comodidad absoluta, creando una pieza de lencer\u00eda tan atrevida como c\u00f3moda.<\/p>\n<p>https:\/\/youtu.be\/wNiGtvRWrc0<\/p>","protected":false},"featured_media":42821,"template":"","meta":[],"product_brand":[],"product_cat":[368,369,367],"product_tag":[507,861,870,516,973,446,864,863],"class_list":{"0":"post-42800","1":"product","2":"type-product","3":"status-publish","4":"has-post-thumbnail","6":"product_cat-bra-panty-set","7":"product_cat-wholesale-lace-bra-and-panty-sets","8":"product_cat-sexy-lingerie","9":"product_tag-three-pcs-set","10":"product_tag-brunette-lingerie","11":"product_tag-floral-lingerie","12":"product_tag-lace-lingerie","13":"product_tag-oem","14":"product_tag-wholesale-sexy-see-through-lingerie","15":"product_tag-sexy-petite-lingerie","16":"product_tag-sexy-thong-lingerie","17":"pa_color-black","18":"pa_color-green","19":"pa_size-wholesale-large-size-women-sexy-lingerie","20":"pa_size-wholesale-medium-size-women-sexy-lingerie","21":"pa_size-wholesale-small-size-sexy-lingerie","23":"first","24":"outofstock","25":"taxable","26":"shipping-taxable","27":"purchasable","28":"product-type-variable"},"tiered_pricing_type":"fixed","tiered_pricing_fixed_rules":[],"tiered_pricing_product_settings":{"layout":"default","base_unit_name":{"singular":null,"plural":null},"default_variation":{}},"tiered_pricing_minimum_quantity":null,"tiered_pricing_roles_data":{"default_wholesaler":{"product_id":42800,"role":"default_wholesaler","pricing_type":"flat","regular_price":null,"sale_price":null,"discount":null,"discount_type":"sale_price","tiered_pricing_type":"fixed","percentage_rules":[],"fixed_rules":{"2":"9.39","30":"8.09","500":"7.09"},"minimum":null},"dropshippinger":{"product_id":42800,"role":"dropshippinger","pricing_type":"flat","regular_price":null,"sale_price":null,"discount":null,"discount_type":"sale_price","tiered_pricing_type":"fixed","percentage_rules":[],"fixed_rules":{"1":"11.29","5":"9.39","30":"8.09"},"minimum":null}},"tiered_pricing_percentage_rules":[],"tiered_pricing_maximum_quantity":null,"tiered_pricing_quantity_step":null,"_links":{"self":[{"href":"https:\/\/gretasexylingerie.com\/es\/wp-json\/wp\/v2\/product\/42800","targetHints":{"allow":["GET"]}}],"collection":[{"href":"https:\/\/gretasexylingerie.com\/es\/wp-json\/wp\/v2\/product"}],"about":[{"href":"https:\/\/gretasexylingerie.com\/es\/wp-json\/wp\/v2\/types\/product"}],"wp:featuredmedia":[{"embeddable":true,"href":"https:\/\/gretasexylingerie.com\/es\/wp-json\/wp\/v2\/media\/42821"}],"wp:attachment":[{"href":"https:\/\/gretasexylingerie.com\/es\/wp-json\/wp\/v2\/media?parent=42800"}],"wp:term":[{"taxonomy":"product_brand","embeddable":true,"href":"https:\/\/gretasexylingerie.com\/es\/wp-json\/wp\/v2\/product_brand?post=42800"},{"taxonomy":"product_cat","embeddable":true,"href":"https:\/\/gretasexylingerie.com\/es\/wp-json\/wp\/v2\/product_cat?post=42800"},{"taxonomy":"product_tag","embeddable":true,"href":"https:\/\/gretasexylingerie.com\/es\/wp-json\/wp\/v2\/product_tag?post=42800"}],"curies":[{"name":"Gracias","href":"https:\/\/api.w.org\/{rel}","templated":true}]}}