{"id":42778,"date":"2023-06-23T01:26:14","date_gmt":"2023-06-22T17:26:14","guid":{"rendered":"https:\/\/gretasexylingerie.com\/?post_type=product&#038;p=42778"},"modified":"2023-10-22T22:59:57","modified_gmt":"2023-10-22T14:59:57","slug":"precioso-conjunto-de-sujetador-de-malla-con-bordado-floral","status":"publish","type":"product","link":"https:\/\/gretasexylingerie.com\/es\/products\/gorgeous-floral-embroidered-mesh-bra-set\/","title":{"rendered":"Precioso conjunto de sujetador de malla con bordado floral"},"content":{"rendered":"<ol class=\"wp-block-list\">\n<li>Dise\u00f1o elegante: el bordado floral en malla delicada ofrece una est\u00e9tica elegante, perfecta para quienes buscan lencer\u00eda elegante.<\/li>\n\n\n\n<li>Caracter\u00edsticas \u00fanicas: la malla bordada introduce un elemento de lujo en el conjunto, lo que lo hace destacar en dise\u00f1o y atractivo.<\/li>\n\n\n\n<li>Alineado a la tendencia: el dise\u00f1o se alinea con las tendencias actuales de lencer\u00eda, lo que lo convierte en un art\u00edculo imprescindible para quienes buscan estilo.<\/li>\n\n\n\n<li>Comodidad y Ajuste: A pesar de su elegante dise\u00f1o, el conjunto garantiza un ajuste c\u00f3modo, gracias a su tejido de malla suave.<\/li>\n\n\n\n<li>Detalles elegantes: el intrincado bordado muestra la artesan\u00eda de alta calidad y la atenci\u00f3n al detalle del conjunto.<\/li>\n<\/ol>\n\n\n\n<p>En conclusi\u00f3n, el conjunto de sujetador de malla con bordado floral magn\u00edfico ofrece una combinaci\u00f3n perfecta de elegancia, comodidad y detalles meticulosos. Sus caracter\u00edsticas \u00fanicas y su estilo alineado con las tendencias lo convierten en una valiosa adici\u00f3n a cualquier colecci\u00f3n de lencer\u00eda.<\/p>\n\n\n\n<figure class=\"wp-block-table is-style-stripes\"><table class=\"has-fixed-layout\"><tbody><tr><td colspan=\"5\">Gr\u00e1fico del sitio (CM)<\/td><\/tr><tr><td>Tama\u00f1o<\/td><td>Longitud<\/td><td>Busto superior<\/td><td>Busto inferior<\/td><td>l\u00ednea de la cintura<\/td><\/tr><tr><td>S<\/td><td>20<\/td><td>71-88<\/td><td>66<\/td><td>70<\/td><\/tr><tr><td>METRO<\/td><td>21<\/td><td>75-92<\/td><td>70<\/td><td>74<\/td><\/tr><tr><td>L<\/td><td>22<\/td><td>79-96<\/td><td>74<\/td><td>78<\/td><\/tr><tr><td colspan=\"5\">Gr\u00e1fico del sitio (PULGADAS)<\/td><\/tr><tr><td>Tama\u00f1o<\/td><td>Longitud<\/td><td>Busto superior<\/td><td>Busto inferior<\/td><td>l\u00ednea de la cintura<\/td><\/tr><tr><td>S<\/td><td>7.87<\/td><td>27.95-34.65<\/td><td>25.98<\/td><td>27.56<\/td><\/tr><tr><td>METRO<\/td><td>8.27<\/td><td>29.53-36.22<\/td><td>27.56<\/td><td>29.13<\/td><\/tr><tr><td>L<\/td><td>8.66<\/td><td>31.10-37.80<\/td><td>29.13<\/td><td>30.71<\/td><\/tr><\/tbody><\/table><\/figure>","protected":false},"excerpt":{"rendered":"<p>Adopta la elegancia con nuestro hermoso juego de sujetadores de malla con bordado floral. Este conjunto exquisito combina detalles intrincados y una comodidad suprema, lo que la convierte en una pieza de lencer\u00eda tan elegante como c\u00f3moda.<\/p>\n<p>https:\/\/youtu.be\/Xkdkpk-YHpU<\/p>","protected":false},"featured_media":42791,"template":"","meta":[],"product_brand":[],"product_cat":[367,375],"product_tag":[448,454,870,880,864,863],"class_list":{"0":"post-42778","1":"product","2":"type-product","3":"status-publish","4":"has-post-thumbnail","6":"product_cat-sexy-lingerie","7":"product_cat-whoelsale-sheer-bra-and-panty-sets","8":"product_tag-wholesale-elegant-sexy-lingerie","9":"product_tag-wholesale-sexy-embroidered-lingerie","10":"product_tag-floral-lingerie","11":"product_tag-sexy-2-piece-lingerie","12":"product_tag-sexy-petite-lingerie","13":"product_tag-sexy-thong-lingerie","14":"pa_color-purple-women-sexy-lingerie","15":"pa_color-yellow","16":"pa_size-wholesale-large-size-women-sexy-lingerie","17":"pa_size-wholesale-medium-size-women-sexy-lingerie","18":"pa_size-wholesale-small-size-sexy-lingerie","20":"first","21":"instock","22":"taxable","23":"shipping-taxable","24":"purchasable","25":"product-type-variable"},"tiered_pricing_type":"fixed","tiered_pricing_fixed_rules":[],"tiered_pricing_product_settings":{"layout":"default","base_unit_name":{"singular":null,"plural":null},"default_variation":{}},"tiered_pricing_minimum_quantity":null,"tiered_pricing_roles_data":{"default_wholesaler":{"product_id":42778,"role":"default_wholesaler","pricing_type":"flat","regular_price":null,"sale_price":null,"discount":null,"discount_type":"sale_price","tiered_pricing_type":"fixed","percentage_rules":[],"fixed_rules":{"2":"8.09","30":"6.99","500":"8.09"},"minimum":null},"dropshippinger":{"product_id":42778,"role":"dropshippinger","pricing_type":"flat","regular_price":null,"sale_price":null,"discount":null,"discount_type":"sale_price","tiered_pricing_type":"fixed","percentage_rules":[],"fixed_rules":{"1":"9.69","5":"8.09","30":"6.99"},"minimum":null}},"tiered_pricing_percentage_rules":[],"tiered_pricing_maximum_quantity":null,"tiered_pricing_quantity_step":null,"_links":{"self":[{"href":"https:\/\/gretasexylingerie.com\/es\/wp-json\/wp\/v2\/product\/42778","targetHints":{"allow":["GET"]}}],"collection":[{"href":"https:\/\/gretasexylingerie.com\/es\/wp-json\/wp\/v2\/product"}],"about":[{"href":"https:\/\/gretasexylingerie.com\/es\/wp-json\/wp\/v2\/types\/product"}],"wp:featuredmedia":[{"embeddable":true,"href":"https:\/\/gretasexylingerie.com\/es\/wp-json\/wp\/v2\/media\/42791"}],"wp:attachment":[{"href":"https:\/\/gretasexylingerie.com\/es\/wp-json\/wp\/v2\/media?parent=42778"}],"wp:term":[{"taxonomy":"product_brand","embeddable":true,"href":"https:\/\/gretasexylingerie.com\/es\/wp-json\/wp\/v2\/product_brand?post=42778"},{"taxonomy":"product_cat","embeddable":true,"href":"https:\/\/gretasexylingerie.com\/es\/wp-json\/wp\/v2\/product_cat?post=42778"},{"taxonomy":"product_tag","embeddable":true,"href":"https:\/\/gretasexylingerie.com\/es\/wp-json\/wp\/v2\/product_tag?post=42778"}],"curies":[{"name":"Gracias","href":"https:\/\/api.w.org\/{rel}","templated":true}]}}