{"id":42702,"date":"2023-06-22T01:15:16","date_gmt":"2023-06-21T17:15:16","guid":{"rendered":"https:\/\/gretasexylingerie.com\/?post_type=product&#038;p=42702"},"modified":"2024-04-04T13:47:41","modified_gmt":"2024-04-04T05:47:41","slug":"conjunto-de-sujetador-y-braguita-con-abertura-de-malla-y-entrepierna-abierta","status":"publish","type":"product","link":"https:\/\/gretasexylingerie.com\/es\/products\/mesh-cutout-bra-panty-set-with-open-crotch\/","title":{"rendered":"Conjunto de sujetador y panty de malla con abertura en la entrepierna"},"content":{"rendered":"<ol class=\"wp-block-list\">\n<li>Dise\u00f1o provocativo: el corte de malla y la entrepierna abierta ofrecen una est\u00e9tica convincente, perfecta para quienes buscan lencer\u00eda atrevida.<\/li>\n\n\n\n<li>Caracter\u00edsticas \u00fanicas: el anillo de metal introduce un elemento audaz en el conjunto, lo que lo hace destacar en dise\u00f1o y atractivo.<\/li>\n\n\n\n<li>Alineado a la tendencia: el dise\u00f1o se alinea con las tendencias actuales de lencer\u00eda, atrayendo a las personas conscientes del estilo.<\/li>\n\n\n\n<li>Comodidad y Ajuste: A pesar de sus detalles llamativos, el conjunto asegura un ajuste c\u00f3modo, gracias a su delicada tela de malla.<\/li>\n\n\n\n<li>Detalles atrevidos: el dise\u00f1o de entrepierna abierta agrega un toque atrevido para aquellos que desean expresar su estilo audaz.<\/li>\n<\/ol>\n\n\n\n<p>En conclusi\u00f3n, el conjunto de sujetador y panty con recorte de malla con aro de metal y entrepierna abierta ofrece una atractiva combinaci\u00f3n de dise\u00f1o provocativo, comodidad y detalles meticulosos. Sus caracter\u00edsticas \u00fanicas y su estilo alineado con las tendencias lo convierten en una adici\u00f3n destacada a cualquier colecci\u00f3n de lencer\u00eda.<\/p>\n\n\n\n<figure class=\"wp-block-table is-style-stripes\"><table class=\"has-fixed-layout\"><tbody><tr><td colspan=\"5\">Gr\u00e1fico del sitio (CM)<\/td><\/tr><tr><td>Tama\u00f1o<\/td><td>Longitud<\/td><td>Busto superior<\/td><td>Busto inferior<\/td><td>l\u00ednea de la cintura<\/td><\/tr><tr><td>S<\/td><td>29<\/td><td>72-88<\/td><td>68-88<\/td><td>68-96<\/td><\/tr><tr><td>METRO<\/td><td>30<\/td><td>76-92<\/td><td>72-92<\/td><td>72-100<\/td><\/tr><tr><td>L<\/td><td>31<\/td><td>80-96<\/td><td>76-96<\/td><td>76-104<\/td><\/tr><tr><td colspan=\"5\">Gr\u00e1fico del sitio (PULGADAS)<\/td><\/tr><tr><td>Tama\u00f1o<\/td><td>Longitud<\/td><td>Busto superior<\/td><td>Busto inferior<\/td><td>l\u00ednea de la cintura<\/td><\/tr><tr><td>S<\/td><td>11.42<\/td><td>28.35-34.65<\/td><td>26.77-34.65<\/td><td>26.77-37.80<\/td><\/tr><tr><td>METRO<\/td><td>11.81<\/td><td>29.92-36.22<\/td><td>28.35-36.22<\/td><td>28.35-39.37<\/td><\/tr><tr><td>L<\/td><td>12.2<\/td><td>31.50-37.80<\/td><td>29.92-37.80<\/td><td>29.92-40.94<\/td><\/tr><\/tbody><\/table><\/figure>","protected":false},"excerpt":{"rendered":"<p>Experimente un encanto audaz con nuestro conjunto de brasier y panty con abertura de malla, que presenta un anillo de metal y un dise\u00f1o de entrepierna abierta. Este atrevido conjunto combina detalles provocativos con una comodidad suprema, lo que lo convierte en una pieza de lencer\u00eda tan cautivadora como c\u00f3moda.<\/p>","protected":false},"featured_media":42721,"template":"","meta":[],"product_brand":[],"product_cat":[368,367,375],"product_tag":[452,880,449,864],"class_list":{"0":"post-42702","1":"product","2":"type-product","3":"status-publish","4":"has-post-thumbnail","6":"product_cat-bra-panty-set","7":"product_cat-sexy-lingerie","8":"product_cat-whoelsale-sheer-bra-and-panty-sets","9":"product_tag-wholesale-boudoir-lingerie","10":"product_tag-sexy-2-piece-lingerie","11":"product_tag-wholesale-sexy-crotchless-lingerie","12":"product_tag-sexy-petite-lingerie","13":"pa_color-black","14":"pa_color-red-women-sexy-lingerie","15":"pa_size-wholesale-large-size-women-sexy-lingerie","16":"pa_size-wholesale-medium-size-women-sexy-lingerie","17":"pa_size-wholesale-small-size-sexy-lingerie","19":"first","20":"instock","21":"taxable","22":"shipping-taxable","23":"purchasable","24":"product-type-variable"},"tiered_pricing_type":"fixed","tiered_pricing_fixed_rules":[],"tiered_pricing_product_settings":{"layout":"table","base_unit_name":{"singular":null,"plural":null},"default_variation":{}},"tiered_pricing_minimum_quantity":null,"tiered_pricing_roles_data":{"default_wholesaler":{"product_id":42702,"role":"default_wholesaler","pricing_type":"flat","regular_price":null,"sale_price":null,"discount":null,"discount_type":"sale_price","tiered_pricing_type":"fixed","percentage_rules":[],"fixed_rules":{"2":"7.89","30":"6.79","500":"5.89"},"minimum":null},"dropshippinger":{"product_id":42702,"role":"dropshippinger","pricing_type":"flat","regular_price":null,"sale_price":null,"discount":null,"discount_type":"sale_price","tiered_pricing_type":"fixed","percentage_rules":[],"fixed_rules":{"1":"9.39","5":"7.89","30":"6.79"},"minimum":null}},"tiered_pricing_percentage_rules":[],"tiered_pricing_maximum_quantity":null,"tiered_pricing_quantity_step":null,"_links":{"self":[{"href":"https:\/\/gretasexylingerie.com\/es\/wp-json\/wp\/v2\/product\/42702","targetHints":{"allow":["GET"]}}],"collection":[{"href":"https:\/\/gretasexylingerie.com\/es\/wp-json\/wp\/v2\/product"}],"about":[{"href":"https:\/\/gretasexylingerie.com\/es\/wp-json\/wp\/v2\/types\/product"}],"wp:featuredmedia":[{"embeddable":true,"href":"https:\/\/gretasexylingerie.com\/es\/wp-json\/wp\/v2\/media\/42721"}],"wp:attachment":[{"href":"https:\/\/gretasexylingerie.com\/es\/wp-json\/wp\/v2\/media?parent=42702"}],"wp:term":[{"taxonomy":"product_brand","embeddable":true,"href":"https:\/\/gretasexylingerie.com\/es\/wp-json\/wp\/v2\/product_brand?post=42702"},{"taxonomy":"product_cat","embeddable":true,"href":"https:\/\/gretasexylingerie.com\/es\/wp-json\/wp\/v2\/product_cat?post=42702"},{"taxonomy":"product_tag","embeddable":true,"href":"https:\/\/gretasexylingerie.com\/es\/wp-json\/wp\/v2\/product_tag?post=42702"}],"curies":[{"name":"Gracias","href":"https:\/\/api.w.org\/{rel}","templated":true}]}}