{"id":42613,"date":"2023-06-21T23:58:04","date_gmt":"2023-06-21T15:58:04","guid":{"rendered":"https:\/\/gretasexylingerie.com\/?post_type=product&#038;p=42613"},"modified":"2023-09-05T20:55:01","modified_gmt":"2023-09-05T12:55:01","slug":"conjunto-de-sujetador-sexy-de-encaje-transparente-con-liga-con-volantes","status":"publish","type":"product","link":"https:\/\/gretasexylingerie.com\/es\/products\/sexy-sheer-lace-bra-set-with-ruffled-garter\/","title":{"rendered":"Conjunto de sujetador de encaje transparente sexy con liga con volantes"},"content":{"rendered":"<ol class=\"wp-block-list\">\n<li>Dise\u00f1o provocativo: el bordado de encaje transparente ofrece una est\u00e9tica atractiva para aquellas que buscan lencer\u00eda atrevida.<\/li>\n\n\n\n<li>Caracter\u00edsticas \u00fanicas: las cadenas de metal y las ligas con volantes introducen elementos audaces en el conjunto, asegurando que se destaque en dise\u00f1o y atractivo.<\/li>\n\n\n\n<li>Alineado a la tendencia: el dise\u00f1o se adhiere a las tendencias actuales de lencer\u00eda, apelando a la moda vanguardista.<\/li>\n\n\n\n<li>Comodidad y Calce: A pesar de sus llamativos detalles, el conjunto asegura un calce c\u00f3modo, gracias a su delicada tela de encaje.<\/li>\n\n\n\n<li>Detalles atrevidos: las cadenas de metal y las ligas con volantes a\u00f1aden un toque atrevido para aquellos que desean expresar su estilo audaz.<\/li>\n<\/ol>\n\n\n\n<p>En conclusi\u00f3n, el conjunto de sujetador de encaje transparente sexy con cadenas de metal y ligas con volantes ofrece una combinaci\u00f3n atractiva de dise\u00f1o audaz, comodidad y detalles meticulosos. Sus caracter\u00edsticas \u00fanicas y su dise\u00f1o alineado con las tendencias lo convierten en una adici\u00f3n destacada a cualquier colecci\u00f3n de lencer\u00eda.<\/p>\n\n\n\n<figure class=\"wp-block-table is-style-stripes\"><table class=\"has-fixed-layout\"><tbody><tr><td colspan=\"5\">Gr\u00e1fico del sitio (CM)<\/td><\/tr><tr><td>Tama\u00f1o<\/td><td>Longitud<\/td><td>Busto superior<\/td><td>Banda de la cintura<\/td><td>l\u00ednea de la cintura<\/td><\/tr><tr><td>S<\/td><td>22<\/td><td>70-88<\/td><td>64-92<\/td><td>68-96<\/td><\/tr><tr><td>METRO<\/td><td>23<\/td><td>74-92<\/td><td>68-96<\/td><td>72-100<\/td><\/tr><tr><td>L<\/td><td>24<\/td><td>78-96<\/td><td>72-100<\/td><td>76-104<\/td><\/tr><tr><td colspan=\"5\">Gr\u00e1fico del sitio (PULGADAS)<\/td><\/tr><tr><td>Tama\u00f1o<\/td><td>Longitud<\/td><td>Busto superior<\/td><td>Busto inferior<\/td><td>l\u00ednea de la cintura<\/td><\/tr><tr><td>S<\/td><td>8.46<\/td><td>27.56-34.65<\/td><td>25.20-36.22<\/td><td>26.77-37.80<\/td><\/tr><tr><td>METRO<\/td><td>8.86<\/td><td>29.13-36.22<\/td><td>26.77-37.80<\/td><td>28.35-39.37<\/td><\/tr><tr><td>L<\/td><td>9.25<\/td><td>30.71-37.80<\/td><td>28.35-39.37<\/td><td>29.92-40.94<\/td><\/tr><\/tbody><\/table><\/figure>","protected":false},"excerpt":{"rendered":"<p>Sum\u00e9rgete en un encanto audaz con nuestro conjunto de sujetadores de encaje transparente sexy, que presenta cadenas de metal y ligas con volantes. Este atrevido conjunto presenta un intrincado bordado de encaje sobre una tela transparente, que ofrece un equilibrio entre detalles provocativos y comodidad suprema. Esta pieza de lencer\u00eda es tan tentadora como distintiva.<\/p>","protected":false},"featured_media":42630,"template":"","meta":[],"product_brand":[],"product_cat":[368,367,375],"product_tag":[507,875,451,510,446,864],"class_list":{"0":"post-42613","1":"product","2":"type-product","3":"status-publish","4":"has-post-thumbnail","6":"product_cat-bra-panty-set","7":"product_cat-sexy-lingerie","8":"product_cat-whoelsale-sheer-bra-and-panty-sets","9":"product_tag-three-pcs-set","10":"product_tag-lace-sexy-lingerie","11":"product_tag-wholesale-revealing-lingerie","12":"product_tag-ruffles-lingerie","13":"product_tag-wholesale-sexy-see-through-lingerie","14":"product_tag-sexy-petite-lingerie","15":"pa_color-black","16":"pa_color-red-women-sexy-lingerie","17":"pa_color-white","18":"pa_size-wholesale-large-size-women-sexy-lingerie","19":"pa_size-wholesale-medium-size-women-sexy-lingerie","20":"pa_size-wholesale-small-size-sexy-lingerie","22":"first","23":"instock","24":"taxable","25":"shipping-taxable","26":"purchasable","27":"product-type-variable"},"tiered_pricing_type":"fixed","tiered_pricing_fixed_rules":[],"tiered_pricing_product_settings":{"layout":"default","base_unit_name":{"singular":null,"plural":null},"default_variation":null},"tiered_pricing_minimum_quantity":null,"tiered_pricing_roles_data":{"default_wholesaler":{"product_id":42613,"role":"default_wholesaler","pricing_type":"flat","regular_price":null,"sale_price":null,"discount":null,"discount_type":"sale_price","tiered_pricing_type":"fixed","percentage_rules":[],"fixed_rules":{"2":"10.99","30":"9.39","500":"8.29"},"minimum":null},"dropshippinger":{"product_id":42613,"role":"dropshippinger","pricing_type":"flat","regular_price":null,"sale_price":null,"discount":null,"discount_type":"sale_price","tiered_pricing_type":"fixed","percentage_rules":[],"fixed_rules":{"1":"13.19","5":"10.99","30":"9.39"},"minimum":null}},"tiered_pricing_percentage_rules":[],"tiered_pricing_maximum_quantity":null,"tiered_pricing_quantity_step":null,"_links":{"self":[{"href":"https:\/\/gretasexylingerie.com\/es\/wp-json\/wp\/v2\/product\/42613","targetHints":{"allow":["GET"]}}],"collection":[{"href":"https:\/\/gretasexylingerie.com\/es\/wp-json\/wp\/v2\/product"}],"about":[{"href":"https:\/\/gretasexylingerie.com\/es\/wp-json\/wp\/v2\/types\/product"}],"wp:featuredmedia":[{"embeddable":true,"href":"https:\/\/gretasexylingerie.com\/es\/wp-json\/wp\/v2\/media\/42630"}],"wp:attachment":[{"href":"https:\/\/gretasexylingerie.com\/es\/wp-json\/wp\/v2\/media?parent=42613"}],"wp:term":[{"taxonomy":"product_brand","embeddable":true,"href":"https:\/\/gretasexylingerie.com\/es\/wp-json\/wp\/v2\/product_brand?post=42613"},{"taxonomy":"product_cat","embeddable":true,"href":"https:\/\/gretasexylingerie.com\/es\/wp-json\/wp\/v2\/product_cat?post=42613"},{"taxonomy":"product_tag","embeddable":true,"href":"https:\/\/gretasexylingerie.com\/es\/wp-json\/wp\/v2\/product_tag?post=42613"}],"curies":[{"name":"Gracias","href":"https:\/\/api.w.org\/{rel}","templated":true}]}}