{"id":42532,"date":"2023-06-20T22:13:37","date_gmt":"2023-06-20T14:13:37","guid":{"rendered":"https:\/\/gretasexylingerie.com\/?post_type=product&#038;p=42532"},"modified":"2024-01-17T22:19:37","modified_gmt":"2024-01-17T14:19:37","slug":"conjunto-de-sujetador-y-braguita-de-encaje-negro-con-decoracion-de-cadena-dorada","status":"publish","type":"product","link":"https:\/\/gretasexylingerie.com\/es\/products\/black-lace-bra-panty-set-with-golden-chain-decor\/","title":{"rendered":"Conjunto de sujetador y panty de encaje negro con decoraci\u00f3n de cadena dorada"},"content":{"rendered":"<ol class=\"wp-block-list\">\n<li>Dise\u00f1o elegante: los patrones intrincados en el encaje transparente ofrecen una est\u00e9tica refinada, perfecta para quienes buscan lencer\u00eda sofisticada.<\/li>\n\n\n\n<li>Caracter\u00edsticas \u00fanicas: las perneras de encaje y la decoraci\u00f3n de cadena dorada introducen elementos \u00fanicos en el conjunto, asegurando que se destaque en dise\u00f1o y atractivo.<\/li>\n\n\n\n<li>Alineado a la tendencia: el dise\u00f1o se alinea con las tendencias contempor\u00e1neas de lencer\u00eda, lo que lo convierte en un favorito entre los amantes del estilo.<\/li>\n\n\n\n<li>Comodidad y Ajuste: A pesar de sus llamativos detalles, el conjunto asegura un ajuste c\u00f3modo, gracias a su tejido de encaje y las perneras.<\/li>\n\n\n\n<li>Detalles atrevidos: la decoraci\u00f3n de la cadena dorada a\u00f1ade un toque atrevido para aquellos que desean expresar su estilo audaz.<\/li>\n<\/ol>\n\n\n\n<p>En conclusi\u00f3n, el conjunto de sujetador y panty de encaje negro con decoraci\u00f3n de cadena dorada ofrece una combinaci\u00f3n exquisita de elegancia, dise\u00f1o audaz y comodidad. Sus caracter\u00edsticas \u00fanicas y su dise\u00f1o alineado con las tendencias lo convierten en una adici\u00f3n destacada a cualquier colecci\u00f3n de lencer\u00eda, prometiendo un aspecto sofisticado y atrevido.<\/p>\n\n\n\n<figure class=\"wp-block-table is-style-stripes\"><table class=\"has-fixed-layout\"><tbody><tr><td colspan=\"5\">Gr\u00e1fico del sitio (CM)<\/td><\/tr><tr><td>Tama\u00f1o<\/td><td>Longitud<\/td><td>Busto superior<\/td><td>Banda de la cintura<\/td><td>l\u00ednea de la cintura<\/td><\/tr><tr><td>S<\/td><td>21.56<\/td><td>69-88<\/td><td>62.5-92<\/td><td>65-92<\/td><\/tr><tr><td>METRO<\/td><td>22.5<\/td><td>73-92<\/td><td>66.5-96<\/td><td>69-96<\/td><\/tr><tr><td>L<\/td><td>23.5<\/td><td>77-96<\/td><td>70.5-100<\/td><td>73-100<\/td><\/tr><tr><td colspan=\"5\">Gr\u00e1fico del sitio (PULGADAS)<\/td><\/tr><tr><td>Tama\u00f1o<\/td><td>Longitud<\/td><td>Busto superior<\/td><td>Busto inferior<\/td><td>l\u00ednea de la cintura<\/td><\/tr><tr><td>S<\/td><td>8.48<\/td><td>27.17-34.65<\/td><td>24.61-36.22<\/td><td>25.59-36.22<\/td><\/tr><tr><td>METRO<\/td><td>8.86<\/td><td>28.74-36.22<\/td><td>26.18-37.80<\/td><td>27.17-37.80<\/td><\/tr><tr><td>L<\/td><td>9.25<\/td><td>30.31-37.80<\/td><td>27.76-39.37<\/td><td>28.74-39.37<\/td><\/tr><\/tbody><\/table><\/figure>","protected":false},"excerpt":{"rendered":"<p>Eleva tu estilo con nuestro conjunto de braguitas y sujetador de encaje negro, que presenta patrones intrincados, perneras de encaje y decoraci\u00f3n de cadenas doradas. Este exquisito conjunto, confeccionado con encaje transparente, ofrece un equilibrio entre elegancia y detalles atrevidos. Es una pieza de lencer\u00eda tan encantadora como c\u00f3moda.<\/p>\n<p>https:\/\/youtu.be\/zeuETyMERME<\/p>","protected":false},"featured_media":42544,"template":"","meta":[],"product_brand":[],"product_cat":[368,369,367],"product_tag":[868,861,448,516,524,973,510,446,865],"class_list":{"0":"post-42532","1":"product","2":"type-product","3":"status-publish","4":"has-post-thumbnail","6":"product_cat-bra-panty-set","7":"product_cat-wholesale-lace-bra-and-panty-sets","8":"product_cat-sexy-lingerie","9":"product_tag-4-piece-lingerie-set","10":"product_tag-brunette-lingerie","11":"product_tag-wholesale-elegant-sexy-lingerie","12":"product_tag-lace-lingerie","13":"product_tag-metal-lingerie","14":"product_tag-oem","15":"product_tag-ruffles-lingerie","16":"product_tag-wholesale-sexy-see-through-lingerie","17":"product_tag-sexy-skimpy-lingerie","18":"pa_color-black","19":"pa_size-wholesale-large-size-women-sexy-lingerie","20":"pa_size-wholesale-medium-size-women-sexy-lingerie","21":"pa_size-wholesale-small-size-sexy-lingerie","23":"first","24":"outofstock","25":"taxable","26":"shipping-taxable","27":"purchasable","28":"product-type-variable"},"tiered_pricing_type":"fixed","tiered_pricing_fixed_rules":[],"tiered_pricing_product_settings":{"layout":"default","base_unit_name":{"singular":null,"plural":null},"default_variation":{}},"tiered_pricing_minimum_quantity":null,"tiered_pricing_roles_data":{"default_wholesaler":{"product_id":42532,"role":"default_wholesaler","pricing_type":"flat","regular_price":null,"sale_price":null,"discount":null,"discount_type":"sale_price","tiered_pricing_type":"fixed","percentage_rules":[],"fixed_rules":{"2":"10.69","30":"9.19","500":"8.09"},"minimum":null},"dropshippinger":{"product_id":42532,"role":"dropshippinger","pricing_type":"flat","regular_price":null,"sale_price":null,"discount":null,"discount_type":"sale_price","tiered_pricing_type":"fixed","percentage_rules":[],"fixed_rules":{"1":"12.89","5":"10.69","30":"9.19"},"minimum":null}},"tiered_pricing_percentage_rules":[],"tiered_pricing_maximum_quantity":null,"tiered_pricing_quantity_step":null,"_links":{"self":[{"href":"https:\/\/gretasexylingerie.com\/es\/wp-json\/wp\/v2\/product\/42532","targetHints":{"allow":["GET"]}}],"collection":[{"href":"https:\/\/gretasexylingerie.com\/es\/wp-json\/wp\/v2\/product"}],"about":[{"href":"https:\/\/gretasexylingerie.com\/es\/wp-json\/wp\/v2\/types\/product"}],"wp:featuredmedia":[{"embeddable":true,"href":"https:\/\/gretasexylingerie.com\/es\/wp-json\/wp\/v2\/media\/42544"}],"wp:attachment":[{"href":"https:\/\/gretasexylingerie.com\/es\/wp-json\/wp\/v2\/media?parent=42532"}],"wp:term":[{"taxonomy":"product_brand","embeddable":true,"href":"https:\/\/gretasexylingerie.com\/es\/wp-json\/wp\/v2\/product_brand?post=42532"},{"taxonomy":"product_cat","embeddable":true,"href":"https:\/\/gretasexylingerie.com\/es\/wp-json\/wp\/v2\/product_cat?post=42532"},{"taxonomy":"product_tag","embeddable":true,"href":"https:\/\/gretasexylingerie.com\/es\/wp-json\/wp\/v2\/product_tag?post=42532"}],"curies":[{"name":"Gracias","href":"https:\/\/api.w.org\/{rel}","templated":true}]}}