{"id":42495,"date":"2023-06-19T23:24:10","date_gmt":"2023-06-19T15:24:10","guid":{"rendered":"https:\/\/gretasexylingerie.com\/?post_type=product&#038;p=42495"},"modified":"2024-01-17T22:18:53","modified_gmt":"2024-01-17T14:18:53","slug":"conjunto-de-sujetador-de-malla-elastica-de-dos-tonos","status":"publish","type":"product","link":"https:\/\/gretasexylingerie.com\/es\/products\/two-tone-stretch-mesh-bra-set\/","title":{"rendered":"Conjunto De Sujetador De Malla El\u00e1stica De Dos Tonos al por mayor"},"content":{"rendered":"<ol class=\"wp-block-list\">\n<li>Dise\u00f1o elegante: el dise\u00f1o de dos tonos contrastantes ofrece una est\u00e9tica elegante, perfecta para quienes buscan lencer\u00eda a la moda.<\/li>\n\n\n\n<li>Caracter\u00edsticas \u00fanicas: el dise\u00f1o contrastante introduce un elemento \u00fanico y visualmente atractivo en el conjunto.<\/li>\n\n\n\n<li>Alineado a la tendencia: el dise\u00f1o se alinea con las tendencias actuales de lencer\u00eda, atrayendo a los amantes de la moda.<\/li>\n\n\n\n<li>Comodidad y ajuste: elaborado con malla el\u00e1stica, el conjunto garantiza un ajuste ce\u00f1ido y c\u00f3modo, que se adapta a las diferentes formas del cuerpo.<\/li>\n\n\n\n<li>Estilo vers\u00e1til: el dise\u00f1o de dos tonos permite un uso vers\u00e1til, complementando una variedad de atuendos.<\/li>\n<\/ol>\n\n\n\n<p>En conclusi\u00f3n, el conjunto de sujetadores de malla el\u00e1stica de dos tonos es una combinaci\u00f3n encantadora de dise\u00f1o elegante, comodidad y versatilidad. Sus caracter\u00edsticas \u00fanicas y su estilo alineado con las tendencias lo convierten en un complemento pr\u00e1ctico pero a la moda para cualquier colecci\u00f3n de lencer\u00eda.<\/p>\n\n\n\n<figure class=\"wp-block-table is-style-stripes\"><table class=\"has-fixed-layout\"><tbody><tr><td colspan=\"5\">Gr\u00e1fico del sitio (CM)<\/td><\/tr><tr><td>Tama\u00f1o<\/td><td>Longitud<\/td><td>Busto superior<\/td><td>Banda de la cintura<\/td><td>l\u00ednea de la cintura<\/td><\/tr><tr><td>S<\/td><td>19<\/td><td>70-88<\/td><td>64-92<\/td><td>68-96<\/td><\/tr><tr><td>METRO<\/td><td>20<\/td><td>74-92<\/td><td>68-96<\/td><td>72-100<\/td><\/tr><tr><td>L<\/td><td>21<\/td><td>78-96<\/td><td>75-100<\/td><td>76-104<\/td><\/tr><tr><td colspan=\"5\">Gr\u00e1fico del sitio (PULGADAS)<\/td><\/tr><tr><td>Tama\u00f1o<\/td><td>Longitud<\/td><td>Busto superior<\/td><td>Busto inferior<\/td><td>l\u00ednea de la cintura<\/td><\/tr><tr><td>S<\/td><td>7.48<\/td><td>27.56-34.65<\/td><td>25.20-36.22<\/td><td>26.77-37.80<\/td><\/tr><tr><td>METRO<\/td><td>7.87<\/td><td>29.13-36.22<\/td><td>26.77-37.80<\/td><td>28.35-39.37<\/td><\/tr><tr><td>L<\/td><td>8.27<\/td><td>30.71-37.80<\/td><td>29.53-39.37<\/td><td>29.92-40.94<\/td><\/tr><\/tbody><\/table><\/figure>","protected":false},"excerpt":{"rendered":"<p>Expresa tu estilo con nuestro juego de sujetadores de malla el\u00e1stica de dos tonos. Este encantador conjunto combina atractivo chic y funcionalidad, con un dise\u00f1o contrastante en dos tonos. Confeccionado con malla el\u00e1stica, promete comodidad y un ajuste perfecto, lo que hace que esta pieza de lencer\u00eda sea tan pr\u00e1ctica como elegante.<\/p>","protected":false},"featured_media":42507,"template":"","meta":[],"product_brand":[],"product_cat":[368,367,375],"product_tag":[868,452,448,518,973,446],"class_list":{"0":"post-42495","1":"product","2":"type-product","3":"status-publish","4":"has-post-thumbnail","6":"product_cat-bra-panty-set","7":"product_cat-sexy-lingerie","8":"product_cat-whoelsale-sheer-bra-and-panty-sets","9":"product_tag-4-piece-lingerie-set","10":"product_tag-wholesale-boudoir-lingerie","11":"product_tag-wholesale-elegant-sexy-lingerie","12":"product_tag-mesh-lingerie","13":"product_tag-oem","14":"product_tag-wholesale-sexy-see-through-lingerie","15":"pa_color-black","16":"pa_color-hot-pink-women-sexy-lingerie","17":"pa_color-orange","18":"pa_size-wholesale-large-size-women-sexy-lingerie","19":"pa_size-wholesale-medium-size-women-sexy-lingerie","20":"pa_size-wholesale-small-size-sexy-lingerie","22":"first","23":"outofstock","24":"taxable","25":"shipping-taxable","26":"purchasable","27":"product-type-variable"},"tiered_pricing_type":"fixed","tiered_pricing_fixed_rules":[],"tiered_pricing_product_settings":{"layout":"default","base_unit_name":{"singular":null,"plural":null},"default_variation":{}},"tiered_pricing_minimum_quantity":null,"tiered_pricing_roles_data":{"default_wholesaler":{"product_id":42495,"role":"default_wholesaler","pricing_type":"flat","regular_price":null,"sale_price":null,"discount":null,"discount_type":"sale_price","tiered_pricing_type":"fixed","percentage_rules":[],"fixed_rules":{"2":"9.69","30":"8.29","498":"7.29"},"minimum":null},"dropshippinger":{"product_id":42495,"role":"dropshippinger","pricing_type":"flat","regular_price":null,"sale_price":null,"discount":null,"discount_type":"sale_price","tiered_pricing_type":"fixed","percentage_rules":[],"fixed_rules":{"1":"11.59","5":"9.69","30":"8.29"},"minimum":null}},"tiered_pricing_percentage_rules":[],"tiered_pricing_maximum_quantity":null,"tiered_pricing_quantity_step":null,"_links":{"self":[{"href":"https:\/\/gretasexylingerie.com\/es\/wp-json\/wp\/v2\/product\/42495","targetHints":{"allow":["GET"]}}],"collection":[{"href":"https:\/\/gretasexylingerie.com\/es\/wp-json\/wp\/v2\/product"}],"about":[{"href":"https:\/\/gretasexylingerie.com\/es\/wp-json\/wp\/v2\/types\/product"}],"wp:featuredmedia":[{"embeddable":true,"href":"https:\/\/gretasexylingerie.com\/es\/wp-json\/wp\/v2\/media\/42507"}],"wp:attachment":[{"href":"https:\/\/gretasexylingerie.com\/es\/wp-json\/wp\/v2\/media?parent=42495"}],"wp:term":[{"taxonomy":"product_brand","embeddable":true,"href":"https:\/\/gretasexylingerie.com\/es\/wp-json\/wp\/v2\/product_brand?post=42495"},{"taxonomy":"product_cat","embeddable":true,"href":"https:\/\/gretasexylingerie.com\/es\/wp-json\/wp\/v2\/product_cat?post=42495"},{"taxonomy":"product_tag","embeddable":true,"href":"https:\/\/gretasexylingerie.com\/es\/wp-json\/wp\/v2\/product_tag?post=42495"}],"curies":[{"name":"Gracias","href":"https:\/\/api.w.org\/{rel}","templated":true}]}}