{"id":42382,"date":"2023-06-16T23:22:56","date_gmt":"2023-06-16T15:22:56","guid":{"rendered":"https:\/\/gretasexylingerie.com\/?post_type=product&#038;p=42382"},"modified":"2024-07-31T00:41:16","modified_gmt":"2024-07-30T16:41:16","slug":"conjunto-de-sujetador-de-encaje-floral-transparente-sexy-con-faja-con-borlas","status":"publish","type":"product","link":"https:\/\/gretasexylingerie.com\/es\/products\/sexy-sheer-floral-lace-bra-set-with-tassel-girdle\/","title":{"rendered":"Conjunto de sujetador de encaje floral transparente sexy con faja de borla"},"content":{"rendered":"<ol class=\"wp-block-list\">\n<li>Dise\u00f1o sensual: el encaje floral transparente ofrece una est\u00e9tica seductora, perfecta para aquellas que buscan lencer\u00eda cautivadora.<\/li>\n\n\n\n<li>Caracter\u00edstica \u00fanica: la faja con borlas introduce un elemento l\u00fadico y \u00fanico en el conjunto.<\/li>\n\n\n\n<li>Alineado a la tendencia: el dise\u00f1o se alinea con las tendencias contempor\u00e1neas de lencer\u00eda, lo que lo convierte en un \u00e9xito entre los vanguardistas.<\/li>\n\n\n\n<li>Atractivo atractivo: el dise\u00f1o transparente realza la sensualidad del conjunto, agregando un elemento tentador.<\/li>\n\n\n\n<li>Comodidad y Ajuste: A pesar de su dise\u00f1o sensual, el conjunto garantiza un ajuste c\u00f3modo, gracias a sus materiales de alta calidad y dise\u00f1o bien pensado.<\/li>\n<\/ol>\n\n\n\n<p>En conclusi\u00f3n, el conjunto de sujetador de encaje floral transparente sexy con faja con borlas es una tentadora combinaci\u00f3n de dise\u00f1o sensual y comodidad. Sus caracter\u00edsticas \u00fanicas y su estilo alineado con las tendencias lo convierten en una adici\u00f3n destacada a cualquier colecci\u00f3n de lencer\u00eda, prometiendo un aspecto atractivo y sofisticado.<\/p>\n\n\n\n<figure class=\"wp-block-table is-style-stripes\"><table class=\"has-fixed-layout\"><tbody><tr><td colspan=\"5\">Gr\u00e1fico del sitio (CM)<\/td><\/tr><tr><td>Tama\u00f1o<\/td><td>Longitud<\/td><td>Busto superior<\/td><td>Banda de la cintura<\/td><td>l\u00ednea de la cintura<\/td><\/tr><tr><td>S<\/td><td>21<\/td><td>68-88<\/td><td>64<\/td><td>68<\/td><\/tr><tr><td>METRO<\/td><td>22<\/td><td>72-92<\/td><td>68<\/td><td>72<\/td><\/tr><tr><td>L<\/td><td>23<\/td><td>76-96<\/td><td>72<\/td><td>76<\/td><\/tr><tr><td colspan=\"5\">Gr\u00e1fico del sitio (PULGADAS)<\/td><\/tr><tr><td>Tama\u00f1o<\/td><td>Longitud<\/td><td>Busto superior<\/td><td>Busto inferior<\/td><td>l\u00ednea de la cintura<\/td><\/tr><tr><td>S<\/td><td>8.27<\/td><td>26.77-34.65<\/td><td>25.2<\/td><td>26.77<\/td><\/tr><tr><td>METRO<\/td><td>8.66<\/td><td>28.35-36.22<\/td><td>26.77<\/td><td>28.35<\/td><\/tr><tr><td>L<\/td><td>9.06<\/td><td>29.92-37.80<\/td><td>28.35<\/td><td>29.92<\/td><\/tr><\/tbody><\/table><\/figure>","protected":false},"excerpt":{"rendered":"<p>Introduce un toque de encanto con nuestro conjunto de sujetador de encaje floral transparente sexy con faja con borlas. Este conjunto encantador, elaborado con encaje floral transparente, combina encanto y elegancia. El cintur\u00f3n con borlas le da un toque divertido y crea una pieza de lencer\u00eda que es tan atractiva como elegante.<\/p>\n<p>https:\/\/www.youtube.com\/watch?v=_qATXusZjRc<\/p>","protected":false},"featured_media":42400,"template":"","meta":[],"product_brand":[],"product_cat":[368,369,367],"product_tag":[507,448,510,446,864,531],"class_list":{"0":"post-42382","1":"product","2":"type-product","3":"status-publish","4":"has-post-thumbnail","6":"product_cat-bra-panty-set","7":"product_cat-wholesale-lace-bra-and-panty-sets","8":"product_cat-sexy-lingerie","9":"product_tag-three-pcs-set","10":"product_tag-wholesale-elegant-sexy-lingerie","11":"product_tag-ruffles-lingerie","12":"product_tag-wholesale-sexy-see-through-lingerie","13":"product_tag-sexy-petite-lingerie","14":"product_tag-tassel-lingerie","15":"pa_color-black","16":"pa_color-hot-pink-women-sexy-lingerie","17":"pa_color-red-women-sexy-lingerie","18":"pa_size-wholesale-large-size-women-sexy-lingerie","19":"pa_size-wholesale-medium-size-women-sexy-lingerie","20":"pa_size-wholesale-small-size-sexy-lingerie","22":"first","23":"outofstock","24":"taxable","25":"shipping-taxable","26":"purchasable","27":"product-type-variable"},"tiered_pricing_type":"fixed","tiered_pricing_fixed_rules":[],"tiered_pricing_product_settings":{"layout":"default","base_unit_name":{"singular":null,"plural":null},"default_variation":{}},"tiered_pricing_minimum_quantity":null,"tiered_pricing_roles_data":{"default_wholesaler":{"product_id":42382,"role":"default_wholesaler","pricing_type":"flat","regular_price":null,"sale_price":null,"discount":null,"discount_type":"sale_price","tiered_pricing_type":"fixed","percentage_rules":[],"fixed_rules":{"2":"10.99","30":"9.39","500":"8.19"},"minimum":null},"dropshippinger":{"product_id":42382,"role":"dropshippinger","pricing_type":"flat","regular_price":null,"sale_price":null,"discount":null,"discount_type":"sale_price","tiered_pricing_type":"fixed","percentage_rules":[],"fixed_rules":{"1":"13.19","5":"10.99","30":"9.39"},"minimum":null}},"tiered_pricing_percentage_rules":[],"tiered_pricing_maximum_quantity":null,"tiered_pricing_quantity_step":null,"_links":{"self":[{"href":"https:\/\/gretasexylingerie.com\/es\/wp-json\/wp\/v2\/product\/42382","targetHints":{"allow":["GET"]}}],"collection":[{"href":"https:\/\/gretasexylingerie.com\/es\/wp-json\/wp\/v2\/product"}],"about":[{"href":"https:\/\/gretasexylingerie.com\/es\/wp-json\/wp\/v2\/types\/product"}],"wp:featuredmedia":[{"embeddable":true,"href":"https:\/\/gretasexylingerie.com\/es\/wp-json\/wp\/v2\/media\/42400"}],"wp:attachment":[{"href":"https:\/\/gretasexylingerie.com\/es\/wp-json\/wp\/v2\/media?parent=42382"}],"wp:term":[{"taxonomy":"product_brand","embeddable":true,"href":"https:\/\/gretasexylingerie.com\/es\/wp-json\/wp\/v2\/product_brand?post=42382"},{"taxonomy":"product_cat","embeddable":true,"href":"https:\/\/gretasexylingerie.com\/es\/wp-json\/wp\/v2\/product_cat?post=42382"},{"taxonomy":"product_tag","embeddable":true,"href":"https:\/\/gretasexylingerie.com\/es\/wp-json\/wp\/v2\/product_tag?post=42382"}],"curies":[{"name":"Gracias","href":"https:\/\/api.w.org\/{rel}","templated":true}]}}