{"id":42263,"date":"2023-06-15T23:15:55","date_gmt":"2023-06-15T15:15:55","guid":{"rendered":"https:\/\/gretasexylingerie.com\/?post_type=product&#038;p=42263"},"modified":"2024-03-12T09:55:32","modified_gmt":"2024-03-12T01:55:32","slug":"conjunto-de-sujetador-de-malla-transparente-con-bordado-floral-en-tono-dorado","status":"publish","type":"product","link":"https:\/\/gretasexylingerie.com\/es\/products\/gold-tone-floral-embroidered-sheer-mesh-bra-set\/","title":{"rendered":"Conjunto de sujetador de malla transparente con bordado floral en tono dorado"},"content":{"rendered":"<ol class=\"wp-block-list\">\n<li>Dise\u00f1o elegante: la malla dorada y el bordado floral ofrecen una est\u00e9tica lujosa, perfecta para quienes buscan lencer\u00eda elegante.<\/li>\n\n\n\n<li>Artesan\u00eda detallada: el intrincado bordado floral muestra la meticulosa atenci\u00f3n al detalle en la creaci\u00f3n de este juego.<\/li>\n\n\n\n<li>Alineado a la tendencia: el dise\u00f1o armoniza con las tendencias de la moda contempor\u00e1nea, lo que lo convierte en un \u00e9xito entre los amantes de la moda.<\/li>\n\n\n\n<li>Atractivo atractivo: el dise\u00f1o transparente realza la sensualidad del conjunto, agregando un elemento tentador.<\/li>\n\n\n\n<li>Comodidad y ajuste: a pesar de su lujoso dise\u00f1o, el conjunto garantiza un ajuste c\u00f3modo, cortes\u00eda de sus materiales de alta calidad y su cuidado dise\u00f1o.<\/li>\n<\/ol>\n\n\n\n<p>En conclusi\u00f3n, el conjunto de sujetador de malla transparente con bordado floral en tono dorado combina a la perfecci\u00f3n elegancia y comodidad. Su artesan\u00eda detallada, dise\u00f1o alineado con la tendencia y atractivo atractivo lo convierten en una adici\u00f3n destacada a cualquier colecci\u00f3n de lencer\u00eda, prometiendo una apariencia verdaderamente encantadora.<\/p>\n\n\n\n<figure class=\"wp-block-table is-style-stripes\"><table class=\"has-fixed-layout\"><tbody><tr><td colspan=\"5\">Gr\u00e1fico del sitio (CM)<\/td><\/tr><tr><td>Tama\u00f1o<\/td><td>Longitud<\/td><td>Busto superior<\/td><td>Busto inferior<\/td><td>l\u00ednea de la cintura<\/td><\/tr><tr><td>S<\/td><td>21<\/td><td>68-88<\/td><td>65-88<\/td><td>68-96<\/td><\/tr><tr><td>METRO<\/td><td>22<\/td><td>72-92<\/td><td>69-92<\/td><td>72-100<\/td><\/tr><tr><td>L<\/td><td>23<\/td><td>79-96<\/td><td>73-96<\/td><td>76-104<\/td><\/tr><tr><td colspan=\"5\">Gr\u00e1fico del sitio (PULGADAS)<\/td><\/tr><tr><td>Tama\u00f1o<\/td><td>Longitud<\/td><td>Busto superior<\/td><td>Busto inferior<\/td><td>l\u00ednea de la cintura<\/td><\/tr><tr><td>S<\/td><td>8.27<\/td><td>26.77-34.65<\/td><td>25.59-34.65<\/td><td>26.77-37.80<\/td><\/tr><tr><td>METRO<\/td><td>8.66<\/td><td>28.35-36.22<\/td><td>27.17-36.22<\/td><td>28.35-39.37<\/td><\/tr><tr><td>L<\/td><td>9.06<\/td><td>31.10-37.80<\/td><td>28.74-37.80<\/td><td>29.92-40.94<\/td><\/tr><\/tbody><\/table><\/figure>","protected":false},"excerpt":{"rendered":"<p>Sum\u00e9rgete en el glamour con nuestro juego de sujetadores de malla transparente con bordado floral en tono dorado. Este conjunto exquisito, adornado con intrincados bordados florales, es el ep\u00edtome de la elegancia. La malla dorada y el dise\u00f1o transparente crean una est\u00e9tica tentadora, lo que lo convierte en un conjunto de lencer\u00eda que es tan cautivador como sofisticado.<\/p>","protected":false},"featured_media":42273,"template":"","meta":[],"product_brand":[],"product_cat":[368,367,375],"product_tag":[448,454,870,518,973,446,864],"class_list":{"0":"post-42263","1":"product","2":"type-product","3":"status-publish","4":"has-post-thumbnail","6":"product_cat-bra-panty-set","7":"product_cat-sexy-lingerie","8":"product_cat-whoelsale-sheer-bra-and-panty-sets","9":"product_tag-wholesale-elegant-sexy-lingerie","10":"product_tag-wholesale-sexy-embroidered-lingerie","11":"product_tag-floral-lingerie","12":"product_tag-mesh-lingerie","13":"product_tag-oem","14":"product_tag-wholesale-sexy-see-through-lingerie","15":"product_tag-sexy-petite-lingerie","16":"pa_color-yellow","17":"pa_size-wholesale-large-size-women-sexy-lingerie","18":"pa_size-wholesale-medium-size-women-sexy-lingerie","19":"pa_size-wholesale-small-size-sexy-lingerie","21":"first","22":"outofstock","23":"taxable","24":"shipping-taxable","25":"purchasable","26":"product-type-variable"},"tiered_pricing_type":"fixed","tiered_pricing_fixed_rules":[],"tiered_pricing_product_settings":{"layout":"table","base_unit_name":{"singular":null,"plural":null},"default_variation":null},"tiered_pricing_minimum_quantity":null,"tiered_pricing_roles_data":{"default_wholesaler":{"product_id":42263,"role":"default_wholesaler","pricing_type":"flat","regular_price":null,"sale_price":null,"discount":null,"discount_type":"sale_price","tiered_pricing_type":"fixed","percentage_rules":[],"fixed_rules":{"2":"7.29","30":"6.29","500":"5.49"},"minimum":null},"dropshippinger":{"product_id":42263,"role":"dropshippinger","pricing_type":"flat","regular_price":null,"sale_price":null,"discount":null,"discount_type":"sale_price","tiered_pricing_type":"fixed","percentage_rules":[],"fixed_rules":{"1":"8.79","5":"7.29","30":"6.29"},"minimum":null}},"tiered_pricing_percentage_rules":[],"tiered_pricing_maximum_quantity":null,"tiered_pricing_quantity_step":null,"_links":{"self":[{"href":"https:\/\/gretasexylingerie.com\/es\/wp-json\/wp\/v2\/product\/42263","targetHints":{"allow":["GET"]}}],"collection":[{"href":"https:\/\/gretasexylingerie.com\/es\/wp-json\/wp\/v2\/product"}],"about":[{"href":"https:\/\/gretasexylingerie.com\/es\/wp-json\/wp\/v2\/types\/product"}],"wp:featuredmedia":[{"embeddable":true,"href":"https:\/\/gretasexylingerie.com\/es\/wp-json\/wp\/v2\/media\/42273"}],"wp:attachment":[{"href":"https:\/\/gretasexylingerie.com\/es\/wp-json\/wp\/v2\/media?parent=42263"}],"wp:term":[{"taxonomy":"product_brand","embeddable":true,"href":"https:\/\/gretasexylingerie.com\/es\/wp-json\/wp\/v2\/product_brand?post=42263"},{"taxonomy":"product_cat","embeddable":true,"href":"https:\/\/gretasexylingerie.com\/es\/wp-json\/wp\/v2\/product_cat?post=42263"},{"taxonomy":"product_tag","embeddable":true,"href":"https:\/\/gretasexylingerie.com\/es\/wp-json\/wp\/v2\/product_tag?post=42263"}],"curies":[{"name":"Gracias","href":"https:\/\/api.w.org\/{rel}","templated":true}]}}