{"id":42158,"date":"2023-06-14T23:30:11","date_gmt":"2023-06-14T15:30:11","guid":{"rendered":"https:\/\/gretasexylingerie.com\/?post_type=product&#038;p=42158"},"modified":"2023-12-09T17:24:08","modified_gmt":"2023-12-09T09:24:08","slug":"conjunto-de-sujetador-de-cuello-halter-de-malla-abierta-con-liga-de-diamantes","status":"publish","type":"product","link":"https:\/\/gretasexylingerie.com\/es\/products\/open-mesh-halterneck-bra-set-with-diamond-garter\/","title":{"rendered":"Conjunto de sujetador de malla abierta con cuello halter y liga de diamantes"},"content":{"rendered":"<ol class=\"wp-block-list\">\n<li>Dise\u00f1o llamativo: la malla abierta y el dise\u00f1o de cuello halter brindan una est\u00e9tica atrevida y atractiva, perfecta para aquellos que buscan hacer una declaraci\u00f3n audaz.<\/li>\n\n\n\n<li>Caracter\u00edsticas \u00fanicas: la liga adornada con diamantes aporta un elemento lujoso al conjunto, asegurando que se destaque en cualquier colecci\u00f3n.<\/li>\n\n\n\n<li>Trend-Forward: este conjunto promete atraer a las amantes de la moda con un dise\u00f1o que se alinea con las tendencias contempor\u00e1neas de lencer\u00eda.<\/li>\n\n\n\n<li>Atractivo vers\u00e1til: el estilo de cuello halter brinda versatilidad, lo que permite que el conjunto complemente una variedad de atuendos y ocasiones.<\/li>\n\n\n\n<li>Comodidad y calidad: a pesar de su dise\u00f1o audaz, la comodidad no se ve comprometida. El uso de malla de alta calidad garantiza un ajuste c\u00f3modo.<\/li>\n<\/ol>\n\n\n\n<p>En conclusi\u00f3n, el conjunto de sujetador con cuello halter de malla abierta con liguero de diamantes es una atractiva combinaci\u00f3n de dise\u00f1o atrevido y comodidad. Con sus caracter\u00edsticas \u00fanicas, su dise\u00f1o vanguardista y sus materiales de calidad, est\u00e1 preparado para ser una adici\u00f3n excepcional a cualquier colecci\u00f3n de lencer\u00eda, asegurando una apariencia realmente brillante.<\/p>\n\n\n\n<figure class=\"wp-block-table is-style-stripes\"><table class=\"has-fixed-layout\"><tbody><tr><td colspan=\"5\">Gr\u00e1fico del sitio (CM)<\/td><\/tr><tr><td>Tama\u00f1o<\/td><td>Longitud<\/td><td>Busto superior<\/td><td>Busto inferior<\/td><td>l\u00ednea de la cintura<\/td><\/tr><tr><td>S<\/td><td>13<\/td><td>64-88<\/td><td>63-88<\/td><td>64-96<\/td><\/tr><tr><td>METRO<\/td><td>14<\/td><td>68-92<\/td><td>67-92<\/td><td>68-100<\/td><\/tr><tr><td>L<\/td><td>15<\/td><td>72-96<\/td><td>71-96<\/td><td>72-104<\/td><\/tr><tr><td colspan=\"5\">Gr\u00e1fico del sitio (PULGADAS)<\/td><\/tr><tr><td>Tama\u00f1o<\/td><td>Longitud<\/td><td>Busto superior<\/td><td>Busto inferior<\/td><td>l\u00ednea de la cintura<\/td><\/tr><tr><td>S<\/td><td>5.12<\/td><td>25.20-34.65<\/td><td>24.80-34.65<\/td><td>25.20-37.80<\/td><\/tr><tr><td>METRO<\/td><td>5.51<\/td><td>26.77-36.22<\/td><td>26.38-36.22<\/td><td>26.77-39.37<\/td><\/tr><tr><td>L<\/td><td>5.91<\/td><td>28.35-37.80<\/td><td>27.95-37.80<\/td><td>28.35-40.94<\/td><\/tr><\/tbody><\/table><\/figure>","protected":false},"excerpt":{"rendered":"<p>Descubre el encanto de nuestro conjunto de sujetador con cuello halter de malla abierta, acompa\u00f1ado de una liga de diamantes. Este conjunto distintivo, que presenta una atractiva malla abierta y un favorecedor dise\u00f1o de cuello halter, presenta una combinaci\u00f3n de atractivo atrevido y est\u00e9tica lujosa. La correa con incrustaciones de diamantes aporta un toque adicional de opulencia y lujo, creando una experiencia de lencer\u00eda sobresaliente.<\/p>","protected":false},"featured_media":42168,"template":"","meta":[],"product_brand":[],"product_cat":[368,385,367,376],"product_tag":[868,448,541,528,518,973,446,504],"class_list":{"0":"post-42158","1":"product","2":"type-product","3":"status-publish","4":"has-post-thumbnail","6":"product_cat-bra-panty-set","7":"product_cat-wholesale-mesh-babydoll","8":"product_cat-sexy-lingerie","9":"product_cat-wholesale-ultra-sexy-bra-panty-set","10":"product_tag-4-piece-lingerie-set","11":"product_tag-wholesale-elegant-sexy-lingerie","12":"product_tag-fishnet-lingerie","13":"product_tag-halter-lingerie","14":"product_tag-mesh-lingerie","15":"product_tag-oem","16":"product_tag-wholesale-sexy-see-through-lingerie","17":"product_tag-ultra-sexy","18":"pa_color-black","19":"pa_size-wholesale-large-size-women-sexy-lingerie","20":"pa_size-wholesale-medium-size-women-sexy-lingerie","21":"pa_size-wholesale-small-size-sexy-lingerie","23":"first","24":"outofstock","25":"taxable","26":"shipping-taxable","27":"purchasable","28":"product-type-variable"},"tiered_pricing_type":"fixed","tiered_pricing_fixed_rules":[],"tiered_pricing_product_settings":{"layout":"default","base_unit_name":{"singular":null,"plural":null},"default_variation":null},"tiered_pricing_minimum_quantity":null,"tiered_pricing_roles_data":{"default_wholesaler":{"product_id":42158,"role":"default_wholesaler","pricing_type":"flat","regular_price":null,"sale_price":null,"discount":null,"discount_type":"sale_price","tiered_pricing_type":"fixed","percentage_rules":[],"fixed_rules":{"2":"10.19","30":"8.79","500":"7.69"},"minimum":null},"dropshippinger":{"product_id":42158,"role":"dropshippinger","pricing_type":"flat","regular_price":null,"sale_price":null,"discount":null,"discount_type":"sale_price","tiered_pricing_type":"fixed","percentage_rules":[],"fixed_rules":{"1":"12.19","5":"10.19","30":"8.79"},"minimum":null}},"tiered_pricing_percentage_rules":[],"tiered_pricing_maximum_quantity":null,"tiered_pricing_quantity_step":null,"_links":{"self":[{"href":"https:\/\/gretasexylingerie.com\/es\/wp-json\/wp\/v2\/product\/42158","targetHints":{"allow":["GET"]}}],"collection":[{"href":"https:\/\/gretasexylingerie.com\/es\/wp-json\/wp\/v2\/product"}],"about":[{"href":"https:\/\/gretasexylingerie.com\/es\/wp-json\/wp\/v2\/types\/product"}],"wp:featuredmedia":[{"embeddable":true,"href":"https:\/\/gretasexylingerie.com\/es\/wp-json\/wp\/v2\/media\/42168"}],"wp:attachment":[{"href":"https:\/\/gretasexylingerie.com\/es\/wp-json\/wp\/v2\/media?parent=42158"}],"wp:term":[{"taxonomy":"product_brand","embeddable":true,"href":"https:\/\/gretasexylingerie.com\/es\/wp-json\/wp\/v2\/product_brand?post=42158"},{"taxonomy":"product_cat","embeddable":true,"href":"https:\/\/gretasexylingerie.com\/es\/wp-json\/wp\/v2\/product_cat?post=42158"},{"taxonomy":"product_tag","embeddable":true,"href":"https:\/\/gretasexylingerie.com\/es\/wp-json\/wp\/v2\/product_tag?post=42158"}],"curies":[{"name":"Gracias","href":"https:\/\/api.w.org\/{rel}","templated":true}]}}