{"id":42143,"date":"2023-06-14T23:09:05","date_gmt":"2023-06-14T15:09:05","guid":{"rendered":"https:\/\/gretasexylingerie.com\/?post_type=product&#038;p=42143"},"modified":"2024-04-04T12:39:28","modified_gmt":"2024-04-04T04:39:28","slug":"conjunto-de-sujetador-sexy-de-encaje-transparente-con-abertura-y-liga","status":"publish","type":"product","link":"https:\/\/gretasexylingerie.com\/es\/products\/sexy-lacey-transparent-cutout-bra-set-with-garter\/","title":{"rendered":"Conjunto de sujetador con recorte transparente de encaje sexy con liga"},"content":{"rendered":"<ol class=\"wp-block-list\">\n<li>Dise\u00f1o sensual: el dise\u00f1o de corte transparente de encaje promete una est\u00e9tica seductora, atractiva para quienes buscan lencer\u00eda atrevida.<\/li>\n\n\n\n<li>Artesan\u00eda detallada: los detalles de las pesta\u00f1as a\u00f1aden un elemento de refinamiento, mostrando una meticulosa atenci\u00f3n a los detalles.<\/li>\n\n\n\n<li>Conjunto \u00fanico: agregar una liga a juego brinda un aspecto \u00fanico, lo que enriquece a\u00fan m\u00e1s el dise\u00f1o general.<\/li>\n\n\n\n<li>Fashion-Forward: alineado con las tendencias modernas de lencer\u00eda, el conjunto est\u00e1 listo para ser el favorito entre quienes siguen el ritmo de la moda.<\/li>\n\n\n\n<li>Calidad y Comodidad: A pesar de su sexy dise\u00f1o, el conjunto garantiza comodidad con sus materiales de alta calidad y excelente ajuste.<\/li>\n<\/ol>\n\n\n\n<p>En conclusi\u00f3n, el conjunto de brasier sexy con encaje transparente y liguero combina un dise\u00f1o audaz y comodidad. Su atenci\u00f3n al detalle, conjunto \u00fanico y materiales de calidad lo convierten en una adici\u00f3n llamativa a cualquier repertorio de lencer\u00eda.<\/p>\n\n\n\n<figure class=\"wp-block-table\"><table class=\"has-fixed-layout\"><tbody><tr><td colspan=\"5\">Gr\u00e1fico del sitio (CM)<\/td><\/tr><tr><td>Tama\u00f1o<\/td><td>Longitud<\/td><td>Busto superior<\/td><td>Busto inferior<\/td><td>l\u00ednea de la cintura<\/td><\/tr><tr><td>S<\/td><td>19<\/td><td>70-88<\/td><td>64-88<\/td><td>70-96<\/td><\/tr><tr><td>METRO<\/td><td>20<\/td><td>74-92<\/td><td>68-92<\/td><td>74-100<\/td><\/tr><tr><td>L<\/td><td>21<\/td><td>78-96<\/td><td>72-96<\/td><td>78-104<\/td><\/tr><tr><td colspan=\"5\">Gr\u00e1fico del sitio (PULGADAS)<\/td><\/tr><tr><td>Tama\u00f1o<\/td><td>Longitud<\/td><td>Busto superior<\/td><td>Busto inferior<\/td><td>l\u00ednea de la cintura<\/td><\/tr><tr><td>S<\/td><td>7.48<\/td><td>27.56-34.65<\/td><td>25.20-34.65<\/td><td>27.56-37.80<\/td><\/tr><tr><td>METRO<\/td><td>7.87<\/td><td>29.13-36.22<\/td><td>26.77-36.22<\/td><td>29.13-39.37<\/td><\/tr><tr><td>L<\/td><td>8.27<\/td><td>30.71-37.80<\/td><td>28.35-37.80<\/td><td>30.71-40.94<\/td><\/tr><\/tbody><\/table><\/figure>","protected":false},"excerpt":{"rendered":"<p>Eleva el encanto con nuestro conjunto de sujetador con abertura transparente Sexy Lacey con liguero. Realzado con delicados detalles de pesta\u00f1as, este conjunto fusiona la elegancia con la sensualidad. La transparencia y los detalles recortados a\u00f1aden un toque tentador, que culmina en una prenda de lencer\u00eda cautivadora.<\/p>","protected":false},"featured_media":42154,"template":"","meta":[],"product_brand":[],"product_cat":[368,369,367],"product_tag":[868,448,522,870,875,865],"class_list":{"0":"post-42143","1":"product","2":"type-product","3":"status-publish","4":"has-post-thumbnail","6":"product_cat-bra-panty-set","7":"product_cat-wholesale-lace-bra-and-panty-sets","8":"product_cat-sexy-lingerie","9":"product_tag-4-piece-lingerie-set","10":"product_tag-wholesale-elegant-sexy-lingerie","11":"product_tag-eyelash-lingerie","12":"product_tag-floral-lingerie","13":"product_tag-lace-sexy-lingerie","14":"product_tag-sexy-skimpy-lingerie","15":"pa_color-black","16":"pa_size-wholesale-large-size-women-sexy-lingerie","17":"pa_size-wholesale-medium-size-women-sexy-lingerie","18":"pa_size-wholesale-small-size-sexy-lingerie","20":"first","21":"instock","22":"taxable","23":"shipping-taxable","24":"purchasable","25":"product-type-variable"},"tiered_pricing_type":"fixed","tiered_pricing_fixed_rules":[],"tiered_pricing_product_settings":{"layout":"table","base_unit_name":{"singular":null,"plural":null},"default_variation":null},"tiered_pricing_minimum_quantity":null,"tiered_pricing_roles_data":{"default_wholesaler":{"product_id":42143,"role":"default_wholesaler","pricing_type":"flat","regular_price":null,"sale_price":null,"discount":null,"discount_type":"sale_price","tiered_pricing_type":"fixed","percentage_rules":[],"fixed_rules":{"2":"10.49","30":"8.99","500":"7.89"},"minimum":null},"dropshippinger":{"product_id":42143,"role":"dropshippinger","pricing_type":"flat","regular_price":null,"sale_price":null,"discount":null,"discount_type":"sale_price","tiered_pricing_type":"fixed","percentage_rules":[],"fixed_rules":{"1":"12.49","5":"10.49","30":"8.99"},"minimum":null}},"tiered_pricing_percentage_rules":[],"tiered_pricing_maximum_quantity":null,"tiered_pricing_quantity_step":null,"_links":{"self":[{"href":"https:\/\/gretasexylingerie.com\/es\/wp-json\/wp\/v2\/product\/42143","targetHints":{"allow":["GET"]}}],"collection":[{"href":"https:\/\/gretasexylingerie.com\/es\/wp-json\/wp\/v2\/product"}],"about":[{"href":"https:\/\/gretasexylingerie.com\/es\/wp-json\/wp\/v2\/types\/product"}],"wp:featuredmedia":[{"embeddable":true,"href":"https:\/\/gretasexylingerie.com\/es\/wp-json\/wp\/v2\/media\/42154"}],"wp:attachment":[{"href":"https:\/\/gretasexylingerie.com\/es\/wp-json\/wp\/v2\/media?parent=42143"}],"wp:term":[{"taxonomy":"product_brand","embeddable":true,"href":"https:\/\/gretasexylingerie.com\/es\/wp-json\/wp\/v2\/product_brand?post=42143"},{"taxonomy":"product_cat","embeddable":true,"href":"https:\/\/gretasexylingerie.com\/es\/wp-json\/wp\/v2\/product_cat?post=42143"},{"taxonomy":"product_tag","embeddable":true,"href":"https:\/\/gretasexylingerie.com\/es\/wp-json\/wp\/v2\/product_tag?post=42143"}],"curies":[{"name":"Gracias","href":"https:\/\/api.w.org\/{rel}","templated":true}]}}