{"id":42106,"date":"2023-06-14T22:41:55","date_gmt":"2023-06-14T14:41:55","guid":{"rendered":"https:\/\/gretasexylingerie.com\/?post_type=product&#038;p=42106"},"modified":"2024-04-04T12:35:36","modified_gmt":"2024-04-04T04:35:36","slug":"conjunto-de-tres-piezas-de-malla-transparente-con-diseno-de-color-contrastante","status":"publish","type":"product","link":"https:\/\/gretasexylingerie.com\/es\/products\/contrasting-color-design-transparent-mesh-three-piece-set\/","title":{"rendered":"Conjunto de tres piezas de malla transparente con dise\u00f1o de colores contrastantes"},"content":{"rendered":"<ol class=\"wp-block-list\">\n<li>Dise\u00f1o llamativo: con elementos de colores contrastantes y malla transparente, este conjunto promete una est\u00e9tica llamativa.<\/li>\n\n\n\n<li>Conjunto \u00fanico: la configuraci\u00f3n de tres piezas agrega una dimensi\u00f3n \u00fanica, ofreciendo una apariencia completa y coordinada.<\/li>\n\n\n\n<li>Atenci\u00f3n al detalle: el uso de colores contrastantes muestra un enfoque de dise\u00f1o reflexivo, lo que amplifica el encanto del conjunto.<\/li>\n\n\n\n<li>Alineado a la tendencia: el dise\u00f1o armoniza con las tendencias contempor\u00e1neas de lencer\u00eda, lo que lo convierte en una opci\u00f3n moderna.<\/li>\n\n\n\n<li>Comodidad y calidad: elaborado con materiales de alta calidad, el conjunto garantiza un ajuste c\u00f3modo y una calidad duradera.<\/li>\n<\/ol>\n\n\n\n<p>En conclusi\u00f3n, el conjunto de tres piezas de malla transparente con dise\u00f1o de colores contrastantes es una combinaci\u00f3n \u00fanica de dise\u00f1o llamativo y comodidad. Con sus audaces colores contrastantes y su artesan\u00eda de calidad, est\u00e1 preparado para ser una adici\u00f3n notable a cualquier colecci\u00f3n de lencer\u00eda.<\/p>\n\n\n\n<figure class=\"wp-block-table is-style-stripes\"><table class=\"has-fixed-layout\"><tbody><tr><td colspan=\"5\">Gr\u00e1fico del sitio (CM)<\/td><\/tr><tr><td>Tama\u00f1o<\/td><td>Longitud<\/td><td>Busto superior<\/td><td>Busto inferior<\/td><td>l\u00ednea de la cintura<\/td><\/tr><tr><td>S<\/td><td>12.5<\/td><td>64-88<\/td><td>62-88<\/td><td>66-96<\/td><\/tr><tr><td>METRO<\/td><td>13.5<\/td><td>68-92<\/td><td>66-92<\/td><td>70-100<\/td><\/tr><tr><td>L<\/td><td>14.5<\/td><td>72-96<\/td><td>70-96<\/td><td>74-104<\/td><\/tr><tr><td colspan=\"5\">Gr\u00e1fico del sitio (PULGADAS)<\/td><\/tr><tr><td>Tama\u00f1o<\/td><td>Longitud<\/td><td>Busto superior<\/td><td>Busto inferior<\/td><td>l\u00ednea de la cintura<\/td><\/tr><tr><td>S<\/td><td>4.92<\/td><td>25.20-34.65<\/td><td>24.41-34.65<\/td><td>25.98-37.80<\/td><\/tr><tr><td>METRO<\/td><td>5.31<\/td><td>26.77-36.22<\/td><td>25.98-36.22<\/td><td>27.56-39.37<\/td><\/tr><tr><td>L<\/td><td>5.71<\/td><td>28.35-37.80<\/td><td>27.56-37.80<\/td><td>29.13-40.94<\/td><\/tr><\/tbody><\/table><\/figure>","protected":false},"excerpt":{"rendered":"<p>Experimente el encanto de nuestro juego de tres piezas de malla transparente con dise\u00f1o de colores contrastantes. Con una cuidadosa interacci\u00f3n de colores, el conjunto tiene un aura de sofisticaci\u00f3n elegante. Su transparencia realza el atractivo general, creando un conjunto llamativo.<\/p>","protected":false},"featured_media":42124,"template":"","meta":[],"product_brand":[],"product_cat":[368,367,375],"product_tag":[868,452,518,451,446],"class_list":{"0":"post-42106","1":"product","2":"type-product","3":"status-publish","4":"has-post-thumbnail","6":"product_cat-bra-panty-set","7":"product_cat-sexy-lingerie","8":"product_cat-whoelsale-sheer-bra-and-panty-sets","9":"product_tag-4-piece-lingerie-set","10":"product_tag-wholesale-boudoir-lingerie","11":"product_tag-mesh-lingerie","12":"product_tag-wholesale-revealing-lingerie","13":"product_tag-wholesale-sexy-see-through-lingerie","14":"pa_color-deep-pink-women-sexy-lingerie","15":"pa_color-deep-pink-and-green","16":"pa_color-green","17":"pa_color-orange","18":"pa_size-wholesale-large-size-women-sexy-lingerie","19":"pa_size-wholesale-medium-size-women-sexy-lingerie","20":"pa_size-wholesale-small-size-sexy-lingerie","22":"first","23":"instock","24":"taxable","25":"shipping-taxable","26":"purchasable","27":"product-type-variable"},"tiered_pricing_type":"fixed","tiered_pricing_fixed_rules":[],"tiered_pricing_product_settings":{"layout":"table","base_unit_name":{"singular":null,"plural":null},"default_variation":null},"tiered_pricing_minimum_quantity":null,"tiered_pricing_roles_data":{"default_wholesaler":{"product_id":42106,"role":"default_wholesaler","pricing_type":"flat","regular_price":null,"sale_price":null,"discount":null,"discount_type":"sale_price","tiered_pricing_type":"fixed","percentage_rules":[],"fixed_rules":{"2":"9.19","30":"7.89","500":"6.89"},"minimum":null},"dropshippinger":{"product_id":42106,"role":"dropshippinger","pricing_type":"flat","regular_price":null,"sale_price":null,"discount":null,"discount_type":"sale_price","tiered_pricing_type":"fixed","percentage_rules":[],"fixed_rules":{"1":"10.99","5":"9.19","30":"7.89"},"minimum":null}},"tiered_pricing_percentage_rules":[],"tiered_pricing_maximum_quantity":null,"tiered_pricing_quantity_step":null,"_links":{"self":[{"href":"https:\/\/gretasexylingerie.com\/es\/wp-json\/wp\/v2\/product\/42106","targetHints":{"allow":["GET"]}}],"collection":[{"href":"https:\/\/gretasexylingerie.com\/es\/wp-json\/wp\/v2\/product"}],"about":[{"href":"https:\/\/gretasexylingerie.com\/es\/wp-json\/wp\/v2\/types\/product"}],"wp:featuredmedia":[{"embeddable":true,"href":"https:\/\/gretasexylingerie.com\/es\/wp-json\/wp\/v2\/media\/42124"}],"wp:attachment":[{"href":"https:\/\/gretasexylingerie.com\/es\/wp-json\/wp\/v2\/media?parent=42106"}],"wp:term":[{"taxonomy":"product_brand","embeddable":true,"href":"https:\/\/gretasexylingerie.com\/es\/wp-json\/wp\/v2\/product_brand?post=42106"},{"taxonomy":"product_cat","embeddable":true,"href":"https:\/\/gretasexylingerie.com\/es\/wp-json\/wp\/v2\/product_cat?post=42106"},{"taxonomy":"product_tag","embeddable":true,"href":"https:\/\/gretasexylingerie.com\/es\/wp-json\/wp\/v2\/product_tag?post=42106"}],"curies":[{"name":"Gracias","href":"https:\/\/api.w.org\/{rel}","templated":true}]}}