{"id":42074,"date":"2023-06-14T21:33:45","date_gmt":"2023-06-14T13:33:45","guid":{"rendered":"https:\/\/gretasexylingerie.com\/?post_type=product&#038;p=42074"},"modified":"2024-04-04T12:31:14","modified_gmt":"2024-04-04T04:31:14","slug":"conjunto-de-sujetador-y-braguita-de-rejilla-negra-con-costura-trenzada","status":"publish","type":"product","link":"https:\/\/gretasexylingerie.com\/es\/products\/black-fishnet-bra-and-panty-set-with-braided-stitching\/","title":{"rendered":"Conjunto de sujetador y panty de red negra con costuras trenzadas"},"content":{"rendered":"<ol class=\"wp-block-list\">\n<li>Dise\u00f1o atrevido: la combinaci\u00f3n de mallas y detalles huecos hace de este conjunto una opci\u00f3n audaz, que agrega una capa de emoci\u00f3n a cualquier colecci\u00f3n de lencer\u00eda.<\/li>\n\n\n\n<li>Artesan\u00eda \u00fanica: la costura trenzada ancha exhibe la intrincada atenci\u00f3n al detalle y la calidad que se utiliz\u00f3 en la creaci\u00f3n de este conjunto.<\/li>\n\n\n\n<li>Atractivo sensual: su est\u00e9tica s\u00faper sexy satisface a quienes buscan explorar estilos de lencer\u00eda atrevidos y provocativos.<\/li>\n\n\n\n<li>Alineado a la tendencia: el dise\u00f1o est\u00e1 sincronizado con las tendencias de la moda vanguardista, lo que lo convierte en un potencial atractivo para la multitud entre los vanguardistas.<\/li>\n\n\n\n<li>Comodidad y Ajuste: A pesar de su atrevido dise\u00f1o, la comodidad no se ve comprometida. Los materiales y la artesan\u00eda de alta calidad garantizan un gran ajuste y una c\u00f3moda experiencia de uso.<\/li>\n<\/ol>\n\n\n\n<p>En conclusi\u00f3n, el conjunto de sujetador y panty de rejilla negro es una adici\u00f3n sensacional a cualquier colecci\u00f3n de lencer\u00eda. Con su atrevido dise\u00f1o y su intrincada artesan\u00eda, promete cautivar, al mismo tiempo que garantiza un nivel inigualable de comodidad y ajuste.<\/p>\n\n\n\n<figure class=\"wp-block-table is-style-stripes\"><table class=\"has-fixed-layout\"><tbody><tr><td>Gr\u00e1fico del sitio (CM)<\/td><td><\/td><td><\/td><td><\/td><\/tr><tr><td>Tama\u00f1o<\/td><td>parte superior del busto<\/td><td>Busto inferior<\/td><td>Longitud<\/td><\/tr><tr><td>S<\/td><td>66-88<\/td><td>65-88<\/td><td>52<\/td><\/tr><tr><td>METRO<\/td><td>70-92<\/td><td>69-92<\/td><td>53.5<\/td><\/tr><tr><td>L<\/td><td>74-96<\/td><td>73-96<\/td><td>55<\/td><\/tr><tr><td>Gr\u00e1fico del sitio (PULGADAS)<\/td><td><\/td><td><\/td><td><\/td><\/tr><tr><td>Tama\u00f1o<\/td><td>Longitud<\/td><td>Busto superior<\/td><td>Banda de la cintura<\/td><\/tr><tr><td>S<\/td><td>25.98-34.65<\/td><td>25.59-34.65<\/td><td>20.47<\/td><\/tr><tr><td>METRO<\/td><td>27.56-36.22<\/td><td>27.17-36.22<\/td><td>21.06<\/td><\/tr><tr><td>L<\/td><td>29.13-37.80<\/td><td>28.74-37.80<\/td><td>21.65<\/td><\/tr><\/tbody><\/table><\/figure>","protected":false},"excerpt":{"rendered":"<p>Descubre el encanto de nuestro conjunto de bra y panty de rejilla negra. Este conjunto \u00fanico, confeccionado con costuras trenzadas amplias, huecas e intrincadas, presenta una fusi\u00f3n de artesan\u00eda atrevida y detallada. El atractivo provocativo de este conjunto crea un atuendo irresistible y ultra sexy.<\/p>\n<p>https:\/\/youtu.be\/RQJhhFsyr8Y<\/p>","protected":false},"featured_media":42084,"template":"","meta":[],"product_brand":[],"product_cat":[368,374,367,375,376],"product_tag":[507,541,518,451,446,453,447,504],"class_list":{"0":"post-42074","1":"product","2":"type-product","3":"status-publish","4":"has-post-thumbnail","6":"product_cat-bra-panty-set","7":"product_cat-wholesale-garter-belt-set","8":"product_cat-sexy-lingerie","9":"product_cat-whoelsale-sheer-bra-and-panty-sets","10":"product_cat-wholesale-ultra-sexy-bra-panty-set","11":"product_tag-three-pcs-set","12":"product_tag-fishnet-lingerie","13":"product_tag-mesh-lingerie","14":"product_tag-wholesale-revealing-lingerie","15":"product_tag-wholesale-sexy-see-through-lingerie","16":"product_tag-wholesale-sexy-naughty-lingerie","17":"product_tag-wholesale-strappy-sexy-lingerie","18":"product_tag-ultra-sexy","19":"pa_color-black","20":"pa_size-wholesale-large-size-women-sexy-lingerie","21":"pa_size-wholesale-medium-size-women-sexy-lingerie","22":"pa_size-wholesale-small-size-sexy-lingerie","24":"first","25":"instock","26":"taxable","27":"shipping-taxable","28":"purchasable","29":"product-type-variable"},"tiered_pricing_type":"fixed","tiered_pricing_fixed_rules":[],"tiered_pricing_product_settings":{"layout":"table","base_unit_name":{"singular":null,"plural":null},"default_variation":{}},"tiered_pricing_minimum_quantity":null,"tiered_pricing_roles_data":{"default_wholesaler":{"product_id":42074,"role":"default_wholesaler","pricing_type":"flat","regular_price":null,"sale_price":null,"discount":null,"discount_type":"sale_price","tiered_pricing_type":"fixed","percentage_rules":[],"fixed_rules":{"2":"9.39","30":"8.09","500":"7.09"},"minimum":null},"dropshippinger":{"product_id":42074,"role":"dropshippinger","pricing_type":"flat","regular_price":null,"sale_price":null,"discount":null,"discount_type":"sale_price","tiered_pricing_type":"fixed","percentage_rules":[],"fixed_rules":{"1":"11.29","5":"9.39","30":"8.09"},"minimum":null}},"tiered_pricing_percentage_rules":[],"tiered_pricing_maximum_quantity":null,"tiered_pricing_quantity_step":null,"_links":{"self":[{"href":"https:\/\/gretasexylingerie.com\/es\/wp-json\/wp\/v2\/product\/42074","targetHints":{"allow":["GET"]}}],"collection":[{"href":"https:\/\/gretasexylingerie.com\/es\/wp-json\/wp\/v2\/product"}],"about":[{"href":"https:\/\/gretasexylingerie.com\/es\/wp-json\/wp\/v2\/types\/product"}],"wp:featuredmedia":[{"embeddable":true,"href":"https:\/\/gretasexylingerie.com\/es\/wp-json\/wp\/v2\/media\/42084"}],"wp:attachment":[{"href":"https:\/\/gretasexylingerie.com\/es\/wp-json\/wp\/v2\/media?parent=42074"}],"wp:term":[{"taxonomy":"product_brand","embeddable":true,"href":"https:\/\/gretasexylingerie.com\/es\/wp-json\/wp\/v2\/product_brand?post=42074"},{"taxonomy":"product_cat","embeddable":true,"href":"https:\/\/gretasexylingerie.com\/es\/wp-json\/wp\/v2\/product_cat?post=42074"},{"taxonomy":"product_tag","embeddable":true,"href":"https:\/\/gretasexylingerie.com\/es\/wp-json\/wp\/v2\/product_tag?post=42074"}],"curies":[{"name":"Gracias","href":"https:\/\/api.w.org\/{rel}","templated":true}]}}