{"id":42023,"date":"2023-06-13T23:02:49","date_gmt":"2023-06-13T15:02:49","guid":{"rendered":"https:\/\/gretasexylingerie.com\/?post_type=product&#038;p=42023"},"modified":"2024-04-04T00:23:53","modified_gmt":"2024-04-03T16:23:53","slug":"conjunto-de-lenceria-de-encaje-de-pestanas-moradas-con-liga","status":"publish","type":"product","link":"https:\/\/gretasexylingerie.com\/es\/products\/purple-eyelash-lace-lingerie-set-with-garter\/","title":{"rendered":"Conjunto de lencer\u00eda de encaje de pesta\u00f1as p\u00farpura con liga"},"content":{"rendered":"<ol class=\"wp-block-list\">\n<li>Dise\u00f1o llamativo: este conjunto de lencer\u00eda promete ser una adici\u00f3n destacada que combina encaje transparente con un tono p\u00farpura vibrante.<\/li>\n\n\n\n<li>Excelencia en los detalles: los detalles de encaje de pesta\u00f1as garantizan sofisticaci\u00f3n y agregan m\u00e1s refinamiento al conjunto.<\/li>\n\n\n\n<li>Conjunto \u00fanico: la liga que lo acompa\u00f1a realza la singularidad del conjunto, atrayendo a aquellas que buscan piezas de lencer\u00eda distintivas.<\/li>\n\n\n\n<li>Alineado a la tendencia: el dise\u00f1o se alinea con las tendencias de la moda contempor\u00e1nea, lo que lo convierte en un favorito potencial entre las personas a la moda.<\/li>\n\n\n\n<li>Calidad y comodidad: los materiales y la artesan\u00eda de alta calidad prometen un ajuste c\u00f3modo, lo que garantiza la satisfacci\u00f3n del usuario.<\/li>\n<\/ol>\n\n\n\n<p>En conclusi\u00f3n, el conjunto de lencer\u00eda Purple Eyelash Lace, con su dise\u00f1o detallado y elegante liga, es una obra maestra que equilibra la moda con la calidad y la comodidad. Este extraordinario conjunto est\u00e1 preparado para satisfacer las necesidades y superar las expectativas de cualquier conocedor de lencer\u00eda, ofreciendo atractivo visual y satisfacci\u00f3n al usuario.<\/p>\n\n\n\n<figure class=\"wp-block-table is-style-stripes\"><table class=\"has-fixed-layout\"><tbody><tr><td colspan=\"5\">Gr\u00e1fico del sitio (CM)<\/td><\/tr><tr><td>Tama\u00f1o<\/td><td>Busto<\/td><td>Longitud<\/td><td>Banda de la cintura<\/td><td>l\u00ednea de la cintura<\/td><\/tr><tr><td>S<\/td><td>70-88<\/td><td>13<\/td><td>62<\/td><td>65<\/td><\/tr><tr><td>METRO<\/td><td>74-92<\/td><td>13.5<\/td><td>66<\/td><td>69<\/td><\/tr><tr><td>L<\/td><td>78-96<\/td><td>14<\/td><td>70<\/td><td>73<\/td><\/tr><tr><td colspan=\"5\">Gr\u00e1fico del sitio (PULGADAS)<\/td><\/tr><tr><td>Tama\u00f1o<\/td><td>Longitud<\/td><td>Busto superior<\/td><td>Banda de la cintura<\/td><td>l\u00ednea de la cintura<\/td><\/tr><tr><td>S<\/td><td>27.56-34.65<\/td><td>5.12<\/td><td>24.41<\/td><td>25.59<\/td><\/tr><tr><td>METRO<\/td><td>29.13-36.22<\/td><td>5.31<\/td><td>25.98<\/td><td>27.17<\/td><\/tr><tr><td>L<\/td><td>30.71-37.80<\/td><td>5.51<\/td><td>27.56<\/td><td>28.74<\/td><\/tr><\/tbody><\/table><\/figure>","protected":false},"excerpt":{"rendered":"<p>Descubre el encanto de nuestro conjunto de lencer\u00eda de encaje de pesta\u00f1as p\u00farpura, completo con una elegante liga. Confeccionado con intrincado encaje transparente, el conjunto irradia elegancia y encanto. El impresionante color p\u00farpura agrega un toque distintivo, creando un conjunto lujoso.<\/p>\n<p><iframe title=\"Conjunto de lencer\u00eda de encaje de pesta\u00f1as p\u00farpura con liga\" src=\"https:\/\/www.youtube.com\/embed\/HB6cl3kIb9E\" width=\"840\" height=\"630\" frameborder=\"0\" allowfullscreen=\"allowfullscreen\"><\/iframe><\/p>","protected":false},"featured_media":42033,"template":"","meta":[],"product_brand":[],"product_cat":[368,369,367],"product_tag":[507,452,448,516,446],"class_list":{"0":"post-42023","1":"product","2":"type-product","3":"status-publish","4":"has-post-thumbnail","6":"product_cat-bra-panty-set","7":"product_cat-wholesale-lace-bra-and-panty-sets","8":"product_cat-sexy-lingerie","9":"product_tag-three-pcs-set","10":"product_tag-wholesale-boudoir-lingerie","11":"product_tag-wholesale-elegant-sexy-lingerie","12":"product_tag-lace-lingerie","13":"product_tag-wholesale-sexy-see-through-lingerie","14":"pa_color-purple-women-sexy-lingerie","15":"pa_size-wholesale-large-size-women-sexy-lingerie","16":"pa_size-wholesale-medium-size-women-sexy-lingerie","17":"pa_size-wholesale-small-size-sexy-lingerie","19":"first","20":"instock","21":"taxable","22":"shipping-taxable","23":"purchasable","24":"product-type-variable"},"tiered_pricing_type":"fixed","tiered_pricing_fixed_rules":[],"tiered_pricing_product_settings":{"layout":"table","base_unit_name":{"singular":null,"plural":null},"default_variation":{}},"tiered_pricing_minimum_quantity":null,"tiered_pricing_roles_data":{"default_wholesaler":{"product_id":42023,"role":"default_wholesaler","pricing_type":"flat","regular_price":null,"sale_price":null,"discount":null,"discount_type":"sale_price","tiered_pricing_type":"fixed","percentage_rules":[],"fixed_rules":{"2":"7.59","30":"6.49","500":"5.69"},"minimum":null},"dropshippinger":{"product_id":42023,"role":"dropshippinger","pricing_type":"flat","regular_price":null,"sale_price":null,"discount":null,"discount_type":"sale_price","tiered_pricing_type":"fixed","percentage_rules":[],"fixed_rules":{"1":"9.09","5":"7.59","30":"6.49"},"minimum":null}},"tiered_pricing_percentage_rules":[],"tiered_pricing_maximum_quantity":null,"tiered_pricing_quantity_step":null,"_links":{"self":[{"href":"https:\/\/gretasexylingerie.com\/es\/wp-json\/wp\/v2\/product\/42023","targetHints":{"allow":["GET"]}}],"collection":[{"href":"https:\/\/gretasexylingerie.com\/es\/wp-json\/wp\/v2\/product"}],"about":[{"href":"https:\/\/gretasexylingerie.com\/es\/wp-json\/wp\/v2\/types\/product"}],"wp:featuredmedia":[{"embeddable":true,"href":"https:\/\/gretasexylingerie.com\/es\/wp-json\/wp\/v2\/media\/42033"}],"wp:attachment":[{"href":"https:\/\/gretasexylingerie.com\/es\/wp-json\/wp\/v2\/media?parent=42023"}],"wp:term":[{"taxonomy":"product_brand","embeddable":true,"href":"https:\/\/gretasexylingerie.com\/es\/wp-json\/wp\/v2\/product_brand?post=42023"},{"taxonomy":"product_cat","embeddable":true,"href":"https:\/\/gretasexylingerie.com\/es\/wp-json\/wp\/v2\/product_cat?post=42023"},{"taxonomy":"product_tag","embeddable":true,"href":"https:\/\/gretasexylingerie.com\/es\/wp-json\/wp\/v2\/product_tag?post=42023"}],"curies":[{"name":"Gracias","href":"https:\/\/api.w.org\/{rel}","templated":true}]}}