{"id":41915,"date":"2023-06-12T23:30:15","date_gmt":"2023-06-12T15:30:15","guid":{"rendered":"https:\/\/gretasexylingerie.com\/?post_type=product&#038;p=41915"},"modified":"2023-12-09T17:18:23","modified_gmt":"2023-12-09T09:18:23","slug":"encantador-conjunto-de-sujetador-y-braguita-de-encaje-con-liga","status":"publish","type":"product","link":"https:\/\/gretasexylingerie.com\/es\/products\/enchanting-lace-bra-panty-set-with-garter\/","title":{"rendered":"Encantador conjunto de sujetador y bragas de encaje con liga"},"content":{"rendered":"<ol class=\"wp-block-list\">\n<li>Exquisito encaje floral transparente: delicado y femenino, el material de encaje floral a\u00f1ade un toque encantador y rom\u00e1ntico a este conjunto de lencer\u00eda.<\/li>\n\n\n\n<li>Sujetador de pesta\u00f1as seductor: el dise\u00f1o del sujetador de pesta\u00f1as realza el encanto del conjunto, creando una apariencia seductora y tentadora.<\/li>\n\n\n\n<li>Lujoso detalle de cadena de metal: la cadena de metal agrega un toque de opulencia y eleva la est\u00e9tica general del conjunto, convirti\u00e9ndolo en una verdadera pieza llamativa.<\/li>\n\n\n\n<li>Detalle de encaje de plumas: el detalle de encaje de plumas agrega un elemento divertido y coqueto, lo que realza el atractivo general del conjunto.<\/li>\n\n\n\n<li>Amplia gama de colores y tama\u00f1os: elija entre una variedad de colores impresionantes para adaptarse a su estilo personal y encuentre su ajuste perfecto con nuestras opciones de tama\u00f1o S\/M\/L.<\/li>\n<\/ol>\n\n\n\n<p>Del\u00e9itese con la encantadora belleza de nuestro Enchanting Lace Bra &amp; Panty Set with Garter. Confeccionado con encaje transparente floral, un sujetador de pesta\u00f1as seductor, un detalle de cadena de metal exquisito, detalles de encaje de plumas y disponible en una amplia gama de colores y tama\u00f1os, este conjunto est\u00e1 dise\u00f1ado para empoderar y cautivar, por lo que es imprescindible para su ropa \u00edntima. recopilaci\u00f3n.<\/p>\n\n\n\n<figure class=\"wp-block-table is-style-stripes\"><table><tbody><tr><td colspan=\"5\">Gr\u00e1fico del sitio (CM)<\/td><td><\/td><\/tr><tr><td>Tama\u00f1o<\/td><td>Longitud<\/td><td>Busto superior<\/td><td>Busto inferior<\/td><td>Banda de la cintura<\/td><td>l\u00ednea de la cintura<\/td><\/tr><tr><td>S<\/td><td>21<\/td><td>70-80<\/td><td>65<\/td><td>64<\/td><td>68<\/td><\/tr><tr><td>METRO<\/td><td>22<\/td><td>74-92<\/td><td>69<\/td><td>68<\/td><td>72<\/td><\/tr><tr><td>L<\/td><td>23<\/td><td>78-96<\/td><td>73<\/td><td>72<\/td><td>76<\/td><\/tr><tr><td colspan=\"5\">Gr\u00e1fico del sitio (PULGADAS)<\/td><td><\/td><\/tr><tr><td>Tama\u00f1o<\/td><td>Longitud<\/td><td>Busto superior<\/td><td>Busto inferior<\/td><td>Banda de la cintura<\/td><td>l\u00ednea de la cintura<\/td><\/tr><tr><td>S<\/td><td>8.27<\/td><td>27.56-31.50<\/td><td>25.59<\/td><td>25.2<\/td><td>26.77<\/td><\/tr><tr><td>METRO<\/td><td>8.66<\/td><td>29.13-36.22<\/td><td>27.17<\/td><td>26.77<\/td><td>28.35<\/td><\/tr><tr><td>L<\/td><td>9.06<\/td><td>30.71-37.80<\/td><td>28.74<\/td><td>28.35<\/td><td>29.92<\/td><\/tr><\/tbody><\/table><\/figure>","protected":false},"excerpt":{"rendered":"<p>Mejora tu colecci\u00f3n de lencer\u00eda con nuestro encantador conjunto de brasier y braguitas de encaje con liga. Confeccionado con un delicado material de encaje floral transparente, este conjunto rezuma sensualidad y elegancia. El sujetador de pesta\u00f1as a\u00f1ade un toque de encanto, mientras que la cadena de metal y el detalle de encaje de plumas crean una apariencia cautivadora y lujosa. Disponible en una gama de impresionantes colores y tres tama\u00f1os, este conjunto ofrece la combinaci\u00f3n perfecta de comodidad y estilo seductor.<\/p>\n<p>https:\/\/youtu.be\/7EeKaAFF-jo<\/p>","protected":false},"featured_media":41953,"template":"","meta":[],"product_brand":[],"product_cat":[368,369,367,375],"product_tag":[507,448,870,875,446,865,504],"class_list":{"0":"post-41915","1":"product","2":"type-product","3":"status-publish","4":"has-post-thumbnail","6":"product_cat-bra-panty-set","7":"product_cat-wholesale-lace-bra-and-panty-sets","8":"product_cat-sexy-lingerie","9":"product_cat-whoelsale-sheer-bra-and-panty-sets","10":"product_tag-three-pcs-set","11":"product_tag-wholesale-elegant-sexy-lingerie","12":"product_tag-floral-lingerie","13":"product_tag-lace-sexy-lingerie","14":"product_tag-wholesale-sexy-see-through-lingerie","15":"product_tag-sexy-skimpy-lingerie","16":"product_tag-ultra-sexy","17":"pa_color-bisque-women-sexy-lingerie","18":"pa_color-black","19":"pa_color-blue-women-sexy-lingerie","20":"pa_color-green","21":"pa_color-hot-pink-women-sexy-lingerie","22":"pa_color-light-blue-women-sexy-lingerie","23":"pa_color-pink-women-sexy-lingerie","24":"pa_color-purple-women-sexy-lingerie","25":"pa_color-red-women-sexy-lingerie","26":"pa_color-white","27":"pa_size-wholesale-large-size-women-sexy-lingerie","28":"pa_size-wholesale-medium-size-women-sexy-lingerie","29":"pa_size-wholesale-small-size-sexy-lingerie","31":"first","32":"instock","33":"taxable","34":"shipping-taxable","35":"purchasable","36":"product-type-variable"},"tiered_pricing_type":"fixed","tiered_pricing_fixed_rules":[],"tiered_pricing_product_settings":{"layout":"default","base_unit_name":{"singular":null,"plural":null},"default_variation":{}},"tiered_pricing_minimum_quantity":null,"tiered_pricing_roles_data":{"default_wholesaler":{"product_id":41915,"role":"default_wholesaler","pricing_type":"flat","regular_price":null,"sale_price":null,"discount":null,"discount_type":"sale_price","tiered_pricing_type":"fixed","percentage_rules":[],"fixed_rules":{"2":"9.99","30":"8.49","500":"7.49"},"minimum":null},"dropshippinger":{"product_id":41915,"role":"dropshippinger","pricing_type":"flat","regular_price":null,"sale_price":null,"discount":null,"discount_type":"sale_price","tiered_pricing_type":"fixed","percentage_rules":[],"fixed_rules":{"1":"11.89","5":"9.99","30":"8.49"},"minimum":null}},"tiered_pricing_percentage_rules":[],"tiered_pricing_maximum_quantity":null,"tiered_pricing_quantity_step":null,"_links":{"self":[{"href":"https:\/\/gretasexylingerie.com\/es\/wp-json\/wp\/v2\/product\/41915","targetHints":{"allow":["GET"]}}],"collection":[{"href":"https:\/\/gretasexylingerie.com\/es\/wp-json\/wp\/v2\/product"}],"about":[{"href":"https:\/\/gretasexylingerie.com\/es\/wp-json\/wp\/v2\/types\/product"}],"wp:featuredmedia":[{"embeddable":true,"href":"https:\/\/gretasexylingerie.com\/es\/wp-json\/wp\/v2\/media\/41953"}],"wp:attachment":[{"href":"https:\/\/gretasexylingerie.com\/es\/wp-json\/wp\/v2\/media?parent=41915"}],"wp:term":[{"taxonomy":"product_brand","embeddable":true,"href":"https:\/\/gretasexylingerie.com\/es\/wp-json\/wp\/v2\/product_brand?post=41915"},{"taxonomy":"product_cat","embeddable":true,"href":"https:\/\/gretasexylingerie.com\/es\/wp-json\/wp\/v2\/product_cat?post=41915"},{"taxonomy":"product_tag","embeddable":true,"href":"https:\/\/gretasexylingerie.com\/es\/wp-json\/wp\/v2\/product_tag?post=41915"}],"curies":[{"name":"Gracias","href":"https:\/\/api.w.org\/{rel}","templated":true}]}}