{"id":41891,"date":"2023-06-12T22:56:10","date_gmt":"2023-06-12T14:56:10","guid":{"rendered":"https:\/\/gretasexylingerie.com\/?post_type=product&#038;p=41891"},"modified":"2024-04-03T23:15:46","modified_gmt":"2024-04-03T15:15:46","slug":"encantador-conjunto-de-sujetador-y-braguita-de-malla-con-liga","status":"publish","type":"product","link":"https:\/\/gretasexylingerie.com\/es\/products\/enchanting-mesh-love-bra-panty-set-with-garter\/","title":{"rendered":"Enchanting Mesh Love Conjunto de sujetador y panty con liga"},"content":{"rendered":"<ol class=\"wp-block-list\">\n<li>Delicia de malla seductora: el material de malla tenta los sentidos y revela lo suficiente para atraer y excitar.<\/li>\n\n\n\n<li>Intrincado bordado de amor: el delicado bordado con un patr\u00f3n inspirado en el amor agrega un toque de elegancia y romance, realzando el encanto general del conjunto.<\/li>\n\n\n\n<li>Ajuste perfecto, confianza irresistible: con tres tama\u00f1os (S, M, L) para elegir, este conjunto ofrece un ajuste c\u00f3modo y favorecedor, lo que permite a sus clientes abrazar sus cuerpos con confianza.<\/li>\n\n\n\n<li>Selecci\u00f3n de colores cautivadora: elija entre el encanto atemporal del negro o el encanto l\u00fadico del rosa, que ofrece opciones que se adaptan a diferentes estados de \u00e1nimo y preferencias.<\/li>\n\n\n\n<li>Complete el look sensual: la liga incluida agrega un toque de sofisticaci\u00f3n seductora, lo que permite a sus clientes crear un conjunto seductor que emana confianza y encanto.<\/li>\n<\/ol>\n\n\n\n<p>Mejora tu oferta de lencer\u00eda con nuestro Enchanting Mesh Love Bra &amp; Panty Set with Garter. Dise\u00f1ado para cautivar y seducir, este conjunto presenta malla sexy, intrincados bordados inspirados en el amor, un ajuste perfecto para la confianza, opciones de colores cautivadores y el encanto adicional de una liga. Este conjunto de lencer\u00eda irresistible permite que tus clientas experimenten el encanto y desbloqueen sus deseos.<\/p>\n\n\n\n<figure class=\"wp-block-table is-style-stripes\"><table><tbody><tr><td colspan=\"5\">Gr\u00e1fico del sitio (CM)<\/td><td><\/td><\/tr><tr><td>Tama\u00f1o<\/td><td>Longitud<\/td><td>Busto superior<\/td><td>Busto inferior<\/td><td>Banda de la cintura<\/td><td>l\u00ednea de la cintura<\/td><\/tr><tr><td>S<\/td><td>19<\/td><td>68-88<\/td><td>64<\/td><td>65<\/td><td>66<\/td><\/tr><tr><td>METRO<\/td><td>20<\/td><td>72-92<\/td><td>68<\/td><td>69<\/td><td>70<\/td><\/tr><tr><td>L<\/td><td>21<\/td><td>76-96<\/td><td>72<\/td><td>73<\/td><td>74<\/td><\/tr><tr><td colspan=\"5\">Gr\u00e1fico del sitio (PULGADAS)<\/td><td><\/td><\/tr><tr><td>Tama\u00f1o<\/td><td>Longitud<\/td><td>Busto superior<\/td><td>Busto inferior<\/td><td>Banda de la cintura<\/td><td>l\u00ednea de la cintura<\/td><\/tr><tr><td>S<\/td><td>7.48<\/td><td>26.77-34.65<\/td><td>25.2<\/td><td>25.59<\/td><td>25.98<\/td><\/tr><tr><td>METRO<\/td><td>7.87<\/td><td>28.35-36.22<\/td><td>26.77<\/td><td>27.17<\/td><td>27.56<\/td><\/tr><tr><td>L<\/td><td>8.27<\/td><td>29.92-37.80<\/td><td>28.35<\/td><td>28.74<\/td><td>29.13<\/td><\/tr><\/tbody><\/table><\/figure>","protected":false},"excerpt":{"rendered":"<p>Disfrute del encanto de nuestro Enchanting Mesh Love Bra &amp; Panty Set con liga. Elaborado con un exquisito material de malla, este conjunto presenta un bordado intrincado con un patr\u00f3n inspirado en el amor, este conjunto est\u00e1 dise\u00f1ado para encender la pasi\u00f3n y crear una experiencia encantadora para sus clientes.<\/p>\n<p>https:\/\/youtu.be\/4Vl_EAK_UIs<\/p>","protected":false},"featured_media":41910,"template":"","meta":[],"product_brand":[],"product_cat":[368,369,367,375],"product_tag":[507,861,448,454,522,516,518,865],"class_list":{"0":"post-41891","1":"product","2":"type-product","3":"status-publish","4":"has-post-thumbnail","6":"product_cat-bra-panty-set","7":"product_cat-wholesale-lace-bra-and-panty-sets","8":"product_cat-sexy-lingerie","9":"product_cat-whoelsale-sheer-bra-and-panty-sets","10":"product_tag-three-pcs-set","11":"product_tag-brunette-lingerie","12":"product_tag-wholesale-elegant-sexy-lingerie","13":"product_tag-wholesale-sexy-embroidered-lingerie","14":"product_tag-eyelash-lingerie","15":"product_tag-lace-lingerie","16":"product_tag-mesh-lingerie","17":"product_tag-sexy-skimpy-lingerie","18":"pa_color-black","19":"pa_color-pink-women-sexy-lingerie","20":"pa_color-red-women-sexy-lingerie","21":"pa_size-wholesale-large-size-women-sexy-lingerie","22":"pa_size-wholesale-medium-size-women-sexy-lingerie","23":"pa_size-wholesale-small-size-sexy-lingerie","25":"first","26":"instock","27":"taxable","28":"shipping-taxable","29":"purchasable","30":"product-type-variable"},"tiered_pricing_type":"fixed","tiered_pricing_fixed_rules":[],"tiered_pricing_product_settings":{"layout":"table","base_unit_name":{"singular":null,"plural":null},"default_variation":{}},"tiered_pricing_minimum_quantity":null,"tiered_pricing_roles_data":{"default_wholesaler":{"product_id":41891,"role":"default_wholesaler","pricing_type":"flat","regular_price":null,"sale_price":null,"discount":null,"discount_type":"sale_price","tiered_pricing_type":"fixed","percentage_rules":[],"fixed_rules":{"2":"9.39","30":"8.09","500":"7.09"},"minimum":null},"dropshippinger":{"product_id":41891,"role":"dropshippinger","pricing_type":"flat","regular_price":null,"sale_price":null,"discount":null,"discount_type":"sale_price","tiered_pricing_type":"fixed","percentage_rules":[],"fixed_rules":{"1":"11.29","5":"9.39","30":"8.09"},"minimum":null}},"tiered_pricing_percentage_rules":[],"tiered_pricing_maximum_quantity":null,"tiered_pricing_quantity_step":null,"_links":{"self":[{"href":"https:\/\/gretasexylingerie.com\/es\/wp-json\/wp\/v2\/product\/41891","targetHints":{"allow":["GET"]}}],"collection":[{"href":"https:\/\/gretasexylingerie.com\/es\/wp-json\/wp\/v2\/product"}],"about":[{"href":"https:\/\/gretasexylingerie.com\/es\/wp-json\/wp\/v2\/types\/product"}],"wp:featuredmedia":[{"embeddable":true,"href":"https:\/\/gretasexylingerie.com\/es\/wp-json\/wp\/v2\/media\/41910"}],"wp:attachment":[{"href":"https:\/\/gretasexylingerie.com\/es\/wp-json\/wp\/v2\/media?parent=41891"}],"wp:term":[{"taxonomy":"product_brand","embeddable":true,"href":"https:\/\/gretasexylingerie.com\/es\/wp-json\/wp\/v2\/product_brand?post=41891"},{"taxonomy":"product_cat","embeddable":true,"href":"https:\/\/gretasexylingerie.com\/es\/wp-json\/wp\/v2\/product_cat?post=41891"},{"taxonomy":"product_tag","embeddable":true,"href":"https:\/\/gretasexylingerie.com\/es\/wp-json\/wp\/v2\/product_tag?post=41891"}],"curies":[{"name":"Gracias","href":"https:\/\/api.w.org\/{rel}","templated":true}]}}