{"id":39814,"date":"2023-04-22T23:15:12","date_gmt":"2023-04-22T15:15:12","guid":{"rendered":"https:\/\/gretasexylingerie.com\/?post_type=product&#038;p=39814"},"modified":"2023-12-09T19:57:16","modified_gmt":"2023-12-09T11:57:16","slug":"conjunto-de-sujetador-y-braguita-con-perspectiva-de-bordado-y-costura","status":"publish","type":"product","link":"https:\/\/gretasexylingerie.com\/es\/products\/stitching-embroidery-perspective-bra-panty-set\/","title":{"rendered":"Conjunto de sujetador y panty con perspectiva de bordado de costura al por mayor"},"content":{"rendered":"<p>1. Dise\u00f1o \u00fanico y elegante: el conjunto de sujetador y panty con perspectiva bordada con costuras de malla presenta un dise\u00f1o hermoso e intrincado que combina un bordado delicado con una malla transparente y correas sexys. El resultado es un conjunto de lencer\u00eda impresionante y sofisticado que es perfecto para cualquier mujer que quiera sentirse sexy y elegante.<\/p>\n\n\n\n<p>2. Ajuste c\u00f3modo: fabricado con materiales de alta calidad y dise\u00f1ado pensando en su comodidad, este conjunto ofrece un ajuste c\u00f3modo y de apoyo. El sujetador cuenta con tirantes ajustables y un aro de apoyo, mientras que las bragas tienen un corte c\u00f3modo y favorecedor que abrazar\u00e1 tus curvas en todos los lugares correctos.<\/p>\n\n\n\n<p>3. Vers\u00e1til: el conjunto de sujetador y panty con perspectiva de bordado de costura de malla es lo suficientemente vers\u00e1til como para usarlo en cualquier ocasi\u00f3n, ya sea que se est\u00e9 vistiendo para una ocasi\u00f3n especial o simplemente quiera sentirse sexy y seguro en su vida cotidiana. El dise\u00f1o atemporal significa que ser\u00e1 un elemento b\u00e1sico en su colecci\u00f3n de lencer\u00eda en los a\u00f1os venideros.<\/p>\n\n\n\n<p>4.Empoderamiento: el conjunto de sujetador y bragas con perspectiva bordada con costuras de malla agrega un toque sexy y fortalecedor a cualquier ocasi\u00f3n \u00edntima. El intrincado bordado y la malla transparente crean una apariencia provocativa pero sofisticada que seguramente te har\u00e1 sentir seguro y empoderado.<\/p>\n\n\n\n<figure class=\"wp-block-table is-style-stripes\"><table><tbody><tr><td colspan=\"4\">Gr\u00e1fico del sitio (CM)<\/td><td><\/td><td><\/td><td><\/td><\/tr><tr><td>Tama\u00f1o<\/td><td>Altura de la copa<\/td><td>Hombro<\/td><td>Debajo del busto<\/td><td>Cintura<\/td><td>cintura de las bragas<\/td><td>Longitud de las bragas<\/td><\/tr><tr><td>S<\/td><td>16<\/td><td>36<\/td><td>68-86<\/td><td>64-82<\/td><td>68-94<\/td><td>24<\/td><\/tr><tr><td>METRO<\/td><td>16.6<\/td><td>36<\/td><td>72-90<\/td><td>68-86<\/td><td>72-98<\/td><td>25<\/td><\/tr><tr><td>L<\/td><td>17.2<\/td><td>36<\/td><td>76-94<\/td><td>72-90<\/td><td>76-102<\/td><td>26<\/td><\/tr><tr><td colspan=\"4\">Gr\u00e1fico del sitio (PULGADAS)<\/td><td><\/td><td><\/td><td><\/td><\/tr><tr><td>Tama\u00f1o<\/td><td>Altura de la copa<\/td><td>Hombro<\/td><td>Debajo del busto<\/td><td>Cintura<\/td><td>cintura de las bragas<\/td><td>Longitud de las bragas<\/td><\/tr><tr><td>S<\/td><td>6.29&nbsp;<\/td><td>14.17<\/td><td>26.77-33.85<\/td><td>25.19-32.28<\/td><td>26.77-37<\/td><td>9.44&nbsp;<\/td><\/tr><tr><td>METRO<\/td><td>6.53&nbsp;<\/td><td>14.17<\/td><td>28.34-35.43<\/td><td>26.77-33.85<\/td><td>28.34-38.58<\/td><td>9.84<\/td><\/tr><tr><td>L<\/td><td>6.77&nbsp;<\/td><td>14.17<\/td><td>29.92-37<\/td><td>28.34-35.43<\/td><td>29.92-40.15<\/td><td>10.23&nbsp;<\/td><\/tr><tr><td colspan=\"7\">Nota:<br>1. Puede haber una desviaci\u00f3n de 1 a 2 cm en diferentes tama\u00f1os, ubicaciones y estiramiento de las telas. La tabla de tallas es solo para referencia, puede haber una peque\u00f1a diferencia con lo que obtienes.<br>2. Hay 3 tipos de elasticidad: alta elasticidad (estirada en dos lados), elasticidad media (estirada en un lado) y no el\u00e1stica (no se puede estirar).<br>3. El color puede ser m\u00e1s claro o m\u00e1s oscuro debido a las diferentes pantallas de PC.<br>4. L\u00e1velo a mano con agua a 30 grados, cu\u00e9lguelo para que se seque a la sombra, proh\u00edba el blanqueo.<br>5. Puede haber una ligera diferencia en los detalles y el patr\u00f3n.<\/td><\/tr><\/tbody><\/table><\/figure>","protected":false},"excerpt":{"rendered":"<p>Con un dise\u00f1o \u00fanico y elegante, este conjunto combina delicados bordados con malla transparente y correas sexys que seguramente te empoderar\u00e1n. El aro de apoyo y las correas ajustables del sujetador aseguran un ajuste c\u00f3modo que abraza tus curvas en todos los lugares correctos.<\/p>","protected":false},"featured_media":39827,"template":"","meta":[],"product_brand":[],"product_cat":[368,374,367,375],"product_tag":[505,452,448,454,875,973,453,864],"class_list":{"0":"post-39814","1":"product","2":"type-product","3":"status-publish","4":"has-post-thumbnail","6":"product_cat-bra-panty-set","7":"product_cat-wholesale-garter-belt-set","8":"product_cat-sexy-lingerie","9":"product_cat-whoelsale-sheer-bra-and-panty-sets","10":"product_tag-5-piece-lingerie-set","11":"product_tag-wholesale-boudoir-lingerie","12":"product_tag-wholesale-elegant-sexy-lingerie","13":"product_tag-wholesale-sexy-embroidered-lingerie","14":"product_tag-lace-sexy-lingerie","15":"product_tag-oem","16":"product_tag-wholesale-sexy-naughty-lingerie","17":"product_tag-sexy-petite-lingerie","18":"pa_color-black","19":"pa_color-red-women-sexy-lingerie","20":"pa_cup-full-cup","21":"pa_size-wholesale-large-size-women-sexy-lingerie","22":"pa_size-wholesale-medium-size-women-sexy-lingerie","23":"pa_size-wholesale-small-size-sexy-lingerie","25":"first","26":"outofstock","27":"taxable","28":"shipping-taxable","29":"purchasable","30":"product-type-variable"},"tiered_pricing_type":"fixed","tiered_pricing_fixed_rules":[],"tiered_pricing_product_settings":{"layout":"default","base_unit_name":{"singular":null,"plural":null},"default_variation":null},"tiered_pricing_minimum_quantity":null,"tiered_pricing_roles_data":{"default_wholesaler":{"product_id":39814,"role":"default_wholesaler","pricing_type":"flat","regular_price":null,"sale_price":null,"discount":null,"discount_type":"sale_price","tiered_pricing_type":"fixed","percentage_rules":[],"fixed_rules":{"2":"8.89","30":"7.59","500":"6.69"},"minimum":200},"dropshippinger":{"product_id":39814,"role":"dropshippinger","pricing_type":"flat","regular_price":null,"sale_price":null,"discount":null,"discount_type":"sale_price","tiered_pricing_type":"fixed","percentage_rules":[],"fixed_rules":{"1":"10.69","5":"8.89","30":"7.59"},"minimum":200}},"tiered_pricing_percentage_rules":[],"tiered_pricing_maximum_quantity":null,"tiered_pricing_quantity_step":null,"_links":{"self":[{"href":"https:\/\/gretasexylingerie.com\/es\/wp-json\/wp\/v2\/product\/39814","targetHints":{"allow":["GET"]}}],"collection":[{"href":"https:\/\/gretasexylingerie.com\/es\/wp-json\/wp\/v2\/product"}],"about":[{"href":"https:\/\/gretasexylingerie.com\/es\/wp-json\/wp\/v2\/types\/product"}],"wp:featuredmedia":[{"embeddable":true,"href":"https:\/\/gretasexylingerie.com\/es\/wp-json\/wp\/v2\/media\/39827"}],"wp:attachment":[{"href":"https:\/\/gretasexylingerie.com\/es\/wp-json\/wp\/v2\/media?parent=39814"}],"wp:term":[{"taxonomy":"product_brand","embeddable":true,"href":"https:\/\/gretasexylingerie.com\/es\/wp-json\/wp\/v2\/product_brand?post=39814"},{"taxonomy":"product_cat","embeddable":true,"href":"https:\/\/gretasexylingerie.com\/es\/wp-json\/wp\/v2\/product_cat?post=39814"},{"taxonomy":"product_tag","embeddable":true,"href":"https:\/\/gretasexylingerie.com\/es\/wp-json\/wp\/v2\/product_tag?post=39814"}],"curies":[{"name":"Gracias","href":"https:\/\/api.w.org\/{rel}","templated":true}]}}