{"id":39781,"date":"2023-04-22T22:42:01","date_gmt":"2023-04-22T14:42:01","guid":{"rendered":"https:\/\/gretasexylingerie.com\/?post_type=product&#038;p=39781"},"modified":"2024-04-04T14:32:45","modified_gmt":"2024-04-04T06:32:45","slug":"conjuntos-de-una-pieza-sexys-con-perspectiva-de-estampado-de-leopardo","status":"publish","type":"product","link":"https:\/\/gretasexylingerie.com\/es\/products\/leopard-print-perspective-sexy-one-piece-sets\/","title":{"rendered":"Conjuntos De Sujetador Sexy Con Perspectiva De Estampado De Leopardo al por mayor"},"content":{"rendered":"<p>1. Dise\u00f1o audaz y sexy: el conjunto de una pieza sexy con estampado de leopardo presenta un dise\u00f1o audaz y sexy que seguramente llamar\u00e1 la atenci\u00f3n. El estampado de leopardo y la malla transparente se combinan para crear un look atrevido y provocativo que emana confianza y sensualidad.<\/p>\n\n\n\n<p>2. Ajuste c\u00f3modo y de apoyo: fabricado con materiales de alta calidad y dise\u00f1ado pensando en su comodidad, este conjunto ofrece un ajuste c\u00f3modo y de apoyo. El aro y los tirantes ajustables del sujetador brindan la cantidad perfecta de soporte, mientras que el corte de las bragas es favorecedor y c\u00f3modo.<\/p>\n\n\n\n<p>3. Vers\u00e1til: el conjunto sexy de una pieza Perspective con estampado de leopardo es lo suficientemente vers\u00e1til como para usarlo en cualquier ocasi\u00f3n, ya sea que se est\u00e9 vistiendo para una ocasi\u00f3n especial o simplemente quiera sentirse sexy y seguro en su vida cotidiana. El dise\u00f1o atemporal significa que ser\u00e1 un elemento b\u00e1sico en su colecci\u00f3n de lencer\u00eda en los a\u00f1os venideros.<\/p>\n\n\n\n<p>4. Regalo perfecto: este juego es el regalo perfecto para tu pareja, ya sea para una ocasi\u00f3n especial o simplemente para mostrarle cu\u00e1nto te importa. El dise\u00f1o audaz y sexy seguramente ser\u00e1 apreciado, y el ajuste c\u00f3modo significa que les encantar\u00e1 usarlo una y otra vez.<\/p>\n\n\n\n<figure class=\"wp-block-table is-style-stripes\"><table><tbody><tr><td colspan=\"4\">Gr\u00e1fico del sitio (CM)<\/td><td><\/td><td><\/td><\/tr><tr><td>Tama\u00f1o<\/td><td>Longitud<\/td><td>Debajo del busto<\/td><td>cintura de las bragas<\/td><td>Longitud de las bragas<\/td><td>Cintura<\/td><\/tr><tr><td>S<\/td><td>18<\/td><td>68-86<\/td><td>64-98<\/td><td>20<\/td><td>64-84<\/td><\/tr><tr><td>METRO<\/td><td>19<\/td><td>72-90<\/td><td>68-102<\/td><td>21<\/td><td>68-88<\/td><\/tr><tr><td>L<\/td><td>20<\/td><td>76-94<\/td><td>72-106<\/td><td>22<\/td><td>72-92<\/td><\/tr><tr><td colspan=\"4\">Gr\u00e1fico del sitio (PULGADAS)<\/td><td><\/td><td><\/td><\/tr><tr><td>Tama\u00f1o<\/td><td>Longitud<\/td><td>Debajo del busto<\/td><td>cintura de las bragas<\/td><td>Longitud de las bragas<\/td><td>Cintura<\/td><\/tr><tr><td>S<\/td><td>7.08&nbsp;<\/td><td>26.77-33.85<\/td><td>25.19-38.58<\/td><td>7.87<\/td><td>25.19-33.07<\/td><\/tr><tr><td>METRO<\/td><td>7.48&nbsp;<\/td><td>28.34-35.43<\/td><td>26.77-40.15<\/td><td>8.26<\/td><td>26.77-34.64<\/td><\/tr><tr><td>L<\/td><td>7.87&nbsp;<\/td><td>29.92-37<\/td><td>28.34-41.73<\/td><td>8.66<\/td><td>28.34-36.22<\/td><\/tr><tr><td colspan=\"6\">Nota:<br>1. Puede haber una desviaci\u00f3n de 1 a 2 cm en diferentes tama\u00f1os, ubicaciones y estiramiento de las telas. La tabla de tallas es solo para referencia, puede haber una peque\u00f1a diferencia con lo que obtienes.<br>2. Hay 3 tipos de elasticidad: alta elasticidad (estirada en dos lados), elasticidad media (estirada en un lado) y no el\u00e1stica (no se puede estirar).<br>3. El color puede ser m\u00e1s claro o m\u00e1s oscuro debido a las diferentes pantallas de PC.<br>4. L\u00e1velo a mano con agua a 30 grados, cu\u00e9lguelo para que se seque a la sombra, proh\u00edba el blanqueo.<br>5. Puede haber una ligera diferencia en los detalles y el patr\u00f3n.<\/td><\/tr><\/tbody><\/table><\/figure>\n\n\n\n<p><\/p>","protected":false},"excerpt":{"rendered":"<p>Con una combinaci\u00f3n de estampado de leopardo y malla transparente, este conjunto es perfecto para mujeres que quieren exudar confianza y sensualidad. El aro y los tirantes ajustables del sujetador brindan el soporte perfecto, mientras que el corte de la braga es favorecedor y c\u00f3modo.<\/p>","protected":false},"featured_media":39791,"template":"","meta":[],"product_brand":[],"product_cat":[368,374,367],"product_tag":[868,452,448,453],"class_list":{"0":"post-39781","1":"product","2":"type-product","3":"status-publish","4":"has-post-thumbnail","6":"product_cat-bra-panty-set","7":"product_cat-wholesale-garter-belt-set","8":"product_cat-sexy-lingerie","9":"product_tag-4-piece-lingerie-set","10":"product_tag-wholesale-boudoir-lingerie","11":"product_tag-wholesale-elegant-sexy-lingerie","12":"product_tag-wholesale-sexy-naughty-lingerie","13":"pa_color-leopard","14":"pa_cup-full-cup","15":"pa_size-wholesale-large-size-women-sexy-lingerie","16":"pa_size-wholesale-medium-size-women-sexy-lingerie","17":"pa_size-wholesale-small-size-sexy-lingerie","19":"first","20":"instock","21":"taxable","22":"shipping-taxable","23":"purchasable","24":"product-type-variable"},"tiered_pricing_type":"fixed","tiered_pricing_fixed_rules":[],"tiered_pricing_product_settings":{"layout":"table","base_unit_name":{"singular":null,"plural":null},"default_variation":null},"tiered_pricing_minimum_quantity":null,"tiered_pricing_roles_data":{"default_wholesaler":{"product_id":39781,"role":"default_wholesaler","pricing_type":"flat","regular_price":null,"sale_price":null,"discount":null,"discount_type":"sale_price","tiered_pricing_type":"fixed","percentage_rules":[],"fixed_rules":{"2":"9.69","30":"8.29","500":"7.29"},"minimum":null},"dropshippinger":{"product_id":39781,"role":"dropshippinger","pricing_type":"flat","regular_price":null,"sale_price":null,"discount":null,"discount_type":"sale_price","tiered_pricing_type":"fixed","percentage_rules":[],"fixed_rules":{"1":"11.59","5":"9.69","30":"7.29"},"minimum":null}},"tiered_pricing_percentage_rules":[],"tiered_pricing_maximum_quantity":null,"tiered_pricing_quantity_step":null,"_links":{"self":[{"href":"https:\/\/gretasexylingerie.com\/es\/wp-json\/wp\/v2\/product\/39781","targetHints":{"allow":["GET"]}}],"collection":[{"href":"https:\/\/gretasexylingerie.com\/es\/wp-json\/wp\/v2\/product"}],"about":[{"href":"https:\/\/gretasexylingerie.com\/es\/wp-json\/wp\/v2\/types\/product"}],"wp:featuredmedia":[{"embeddable":true,"href":"https:\/\/gretasexylingerie.com\/es\/wp-json\/wp\/v2\/media\/39791"}],"wp:attachment":[{"href":"https:\/\/gretasexylingerie.com\/es\/wp-json\/wp\/v2\/media?parent=39781"}],"wp:term":[{"taxonomy":"product_brand","embeddable":true,"href":"https:\/\/gretasexylingerie.com\/es\/wp-json\/wp\/v2\/product_brand?post=39781"},{"taxonomy":"product_cat","embeddable":true,"href":"https:\/\/gretasexylingerie.com\/es\/wp-json\/wp\/v2\/product_cat?post=39781"},{"taxonomy":"product_tag","embeddable":true,"href":"https:\/\/gretasexylingerie.com\/es\/wp-json\/wp\/v2\/product_tag?post=39781"}],"curies":[{"name":"Gracias","href":"https:\/\/api.w.org\/{rel}","templated":true}]}}