{"id":39752,"date":"2023-04-22T22:24:57","date_gmt":"2023-04-22T14:24:57","guid":{"rendered":"https:\/\/gretasexylingerie.com\/?post_type=product&#038;p=39752"},"modified":"2024-04-04T16:06:13","modified_gmt":"2024-04-04T08:06:13","slug":"body-tanga-transparente-ajustable","status":"publish","type":"product","link":"https:\/\/gretasexylingerie.com\/es\/products\/adjustable-transparent-thongs-bodysuit\/","title":{"rendered":"Body De Tanga Transparente Ajustable al por mayor"},"content":{"rendered":"<p>1. Dise\u00f1o elegante y seductor: el conjunto de cinturones de una pieza de malla de encaje Allure est\u00e1 elaborado con encaje delicado y malla transparente, creando un dise\u00f1o seductor y elegante que es perfecto para cualquier ocasi\u00f3n especial.<\/p>\n\n\n\n<p>2. Ajuste c\u00f3modo y de apoyo: el dise\u00f1o de una sola pieza presenta un corpi\u00f1o de encaje c\u00f3modo y de apoyo que est\u00e1 dise\u00f1ado para halagar sus curvas y proporcionar un ajuste c\u00f3modo que puede usar toda la noche.<\/p>\n\n\n\n<p>3. Vers\u00e1til y funcional: el conjunto incluye un liguero a juego que es funcional y elegante, lo que le permite usarlo con sus medias favoritas para una apariencia completa y sexy.<\/p>\n\n\n\n<p>4. Materiales de alta calidad: fabricado con materiales de alta calidad dise\u00f1ados para durar, este conjunto es perfecto para las mujeres que desean invertir en lencer\u00eda que se vea y se sienta genial. Con el cuidado adecuado, este conjunto seguir\u00e1 vi\u00e9ndose y sinti\u00e9ndose hermoso en los a\u00f1os venideros.<\/p>\n\n\n\n<figure class=\"wp-block-table is-style-stripes\"><table><tbody><tr><td colspan=\"4\">Gr\u00e1fico del sitio (CM)<\/td><td><\/td><td><\/td><\/tr><tr><td>Tama\u00f1o<\/td><td>Longitud<\/td><td>Busto<\/td><td>Cintura<\/td><td>Cadera<\/td><td>Cintura<\/td><\/tr><tr><td>S<\/td><td>52<\/td><td>70-94<\/td><td>62-94<\/td><td>62-94<\/td><td>63-86<\/td><\/tr><tr><td>METRO<\/td><td>53.5<\/td><td>74-98<\/td><td>66-98<\/td><td>66-98<\/td><td>67-90<\/td><\/tr><tr><td>L<\/td><td>55<\/td><td>78-102<\/td><td>70-102<\/td><td>70-102<\/td><td>71-94<\/td><\/tr><tr><td colspan=\"4\">Gr\u00e1fico del sitio (PULGADAS)<\/td><td><\/td><td><\/td><\/tr><tr><td>Tama\u00f1o<\/td><td>Longitud<\/td><td>Busto<\/td><td>Cintura<\/td><td>Cadera<\/td><td>Cintura<\/td><\/tr><tr><td>S<\/td><td>20.47&nbsp;<\/td><td>27.55-37<\/td><td>24.40-37<\/td><td>24.40-37<\/td><td>24.80-33.85<\/td><\/tr><tr><td>METRO<\/td><td>21.06&nbsp;<\/td><td>29.13-38.58<\/td><td>25.98-38.58<\/td><td>25.98-38.58<\/td><td>26.37-35.43<\/td><\/tr><tr><td>L<\/td><td>21.65&nbsp;<\/td><td>30.70-40.15<\/td><td>27.55-40.15<\/td><td>27.55-40.15<\/td><td>27.95-37<\/td><\/tr><tr><td colspan=\"6\">Nota:<br>1. Puede haber una desviaci\u00f3n de 1 a 2 cm en diferentes tama\u00f1os, ubicaciones y estiramiento de las telas. La tabla de tallas es solo para referencia, puede haber una peque\u00f1a diferencia con lo que obtienes.<br>2. Hay 3 tipos de elasticidad: alta elasticidad (estirada en dos lados), elasticidad media (estirada en un lado) y no el\u00e1stica (no se puede estirar).<br>3. El color puede ser m\u00e1s claro o m\u00e1s oscuro debido a las diferentes pantallas de PC.<br>4. L\u00e1velo a mano con agua a 30 grados, cu\u00e9lguelo para que se seque a la sombra, proh\u00edba el blanqueo.<br>5. Puede haber una ligera diferencia en los detalles y el patr\u00f3n.<\/td><\/tr><\/tbody><\/table><\/figure>\n\n\n\n<p><\/p>","protected":false},"excerpt":{"rendered":"<p>Confeccionado con delicado encaje y malla transparente, este conjunto te har\u00e1 sentir m\u00e1s segura y sexy. El dise\u00f1o de una pieza presenta un hermoso corpi\u00f1o de encaje y un corte favorecedor para acentuar tus curvas. Duradero y perfecto para ocasiones especiales.<\/p>\n<p>https:\/\/youtu.be\/RqHdd7B2MWg<\/p>","protected":false},"featured_media":39763,"template":"","meta":[],"product_brand":[],"product_cat":[370,367,373],"product_tag":[507,861,528,518,446,453,864,863,447],"class_list":{"0":"post-39752","1":"product","2":"type-product","3":"status-publish","4":"has-post-thumbnail","6":"product_cat-bodysuit","7":"product_cat-sexy-lingerie","8":"product_cat-wholesale-sexy-mesh-bodysuit","9":"product_tag-three-pcs-set","10":"product_tag-brunette-lingerie","11":"product_tag-halter-lingerie","12":"product_tag-mesh-lingerie","13":"product_tag-wholesale-sexy-see-through-lingerie","14":"product_tag-wholesale-sexy-naughty-lingerie","15":"product_tag-sexy-petite-lingerie","16":"product_tag-sexy-thong-lingerie","17":"product_tag-wholesale-strappy-sexy-lingerie","18":"pa_color-black","19":"pa_color-blue-women-sexy-lingerie","20":"pa_color-red-women-sexy-lingerie","21":"pa_cup-wholesale-half-cup-women-sexy-lingerie","22":"pa_size-wholesale-large-size-women-sexy-lingerie","23":"pa_size-wholesale-medium-size-women-sexy-lingerie","24":"pa_size-wholesale-small-size-sexy-lingerie","26":"first","27":"instock","28":"taxable","29":"shipping-taxable","30":"purchasable","31":"product-type-variable"},"tiered_pricing_type":"fixed","tiered_pricing_fixed_rules":[],"tiered_pricing_product_settings":{"layout":"table","base_unit_name":{"singular":null,"plural":null},"default_variation":{}},"tiered_pricing_minimum_quantity":null,"tiered_pricing_roles_data":{"default_wholesaler":{"product_id":39752,"role":"default_wholesaler","pricing_type":"flat","regular_price":null,"sale_price":null,"discount":null,"discount_type":"sale_price","tiered_pricing_type":"fixed","percentage_rules":[],"fixed_rules":{"2":"10.49","30":"8.99","500":"7.89"},"minimum":null},"dropshippinger":{"product_id":39752,"role":"dropshippinger","pricing_type":"flat","regular_price":null,"sale_price":null,"discount":null,"discount_type":"sale_price","tiered_pricing_type":"fixed","percentage_rules":[],"fixed_rules":{"1":"12.49","5":"10.49","30":"7.89"},"minimum":null}},"tiered_pricing_percentage_rules":[],"tiered_pricing_maximum_quantity":null,"tiered_pricing_quantity_step":null,"_links":{"self":[{"href":"https:\/\/gretasexylingerie.com\/es\/wp-json\/wp\/v2\/product\/39752","targetHints":{"allow":["GET"]}}],"collection":[{"href":"https:\/\/gretasexylingerie.com\/es\/wp-json\/wp\/v2\/product"}],"about":[{"href":"https:\/\/gretasexylingerie.com\/es\/wp-json\/wp\/v2\/types\/product"}],"wp:featuredmedia":[{"embeddable":true,"href":"https:\/\/gretasexylingerie.com\/es\/wp-json\/wp\/v2\/media\/39763"}],"wp:attachment":[{"href":"https:\/\/gretasexylingerie.com\/es\/wp-json\/wp\/v2\/media?parent=39752"}],"wp:term":[{"taxonomy":"product_brand","embeddable":true,"href":"https:\/\/gretasexylingerie.com\/es\/wp-json\/wp\/v2\/product_brand?post=39752"},{"taxonomy":"product_cat","embeddable":true,"href":"https:\/\/gretasexylingerie.com\/es\/wp-json\/wp\/v2\/product_cat?post=39752"},{"taxonomy":"product_tag","embeddable":true,"href":"https:\/\/gretasexylingerie.com\/es\/wp-json\/wp\/v2\/product_tag?post=39752"}],"curies":[{"name":"Gracias","href":"https:\/\/api.w.org\/{rel}","templated":true}]}}