{"id":39659,"date":"2023-04-20T20:54:06","date_gmt":"2023-04-20T12:54:06","guid":{"rendered":"https:\/\/gretasexylingerie.com\/?post_type=product&#038;p=39659"},"modified":"2024-04-04T15:57:58","modified_gmt":"2024-04-04T07:57:58","slug":"body-transparente-de-una-pieza-con-perspectiva","status":"publish","type":"product","link":"https:\/\/gretasexylingerie.com\/es\/products\/perspective-one-piece-sheer-bodysuit\/","title":{"rendered":"Venta al por mayor Body transparente de una pieza con perspectiva"},"content":{"rendered":"<p>1. Dise\u00f1o seductor: el conjunto de sujetador y bragas transparentes de una pieza Perspective presenta un dise\u00f1o transparente impresionante e intrincado que es a la vez sensual y sofisticado, lo que te hace sentir seguro y atrevido.<\/p>\n\n\n\n<p>2. C\u00f3modo de usar: hecho de materiales de alta calidad, este conjunto de lencer\u00eda es suave, el\u00e1stico y c\u00f3modo de usar durante todo el d\u00eda, lo que le permite moverse libremente sin sentirse constre\u00f1ido.<\/p>\n\n\n\n<p>3. Vers\u00e1til: este conjunto de una pieza se puede usar como parte de su colecci\u00f3n de lencer\u00eda o como un atuendo atrevido y audaz para una ocasi\u00f3n especial, lo que lo convierte en una adici\u00f3n vers\u00e1til a su guardarropa.<\/p>\n\n\n\n<p>4. Duradero: con su construcci\u00f3n y materiales de alta calidad, este conjunto est\u00e1 dise\u00f1ado para durar, lo que garantiza que pueda disfrutar de su lujosa sensaci\u00f3n y su impresionante dise\u00f1o durante mucho tiempo.<\/p>\n\n\n\n<figure class=\"wp-block-table is-style-stripes\"><table><tbody><tr><td colspan=\"4\">Gr\u00e1fico del sitio (CM)<\/td><td><\/td><\/tr><tr><td>Tama\u00f1o<\/td><td>Longitud<\/td><td>Debajo del busto<\/td><td>Cintura<\/td><td>Cadera<\/td><\/tr><tr><td>S<\/td><td>58.5<\/td><td>66-86<\/td><td>64-94<\/td><td>70<\/td><\/tr><tr><td>METRO<\/td><td>60.5<\/td><td>70-90<\/td><td>68-98<\/td><td>74<\/td><\/tr><tr><td>L<\/td><td>62.5<\/td><td>74-94<\/td><td>72-102<\/td><td>78<\/td><\/tr><tr><td colspan=\"4\">Gr\u00e1fico del sitio (PULGADAS)<\/td><td><\/td><\/tr><tr><td>Tama\u00f1o<\/td><td>Longitud<\/td><td>Debajo del busto<\/td><td>Cintura<\/td><td>Cadera<\/td><\/tr><tr><td>S<\/td><td>23.03&nbsp;<\/td><td>25.98-33.85<\/td><td>25.19-37<\/td><td>27.55<\/td><\/tr><tr><td>METRO<\/td><td>23.81&nbsp;<\/td><td>27.55-35.43<\/td><td>26.77-38.58<\/td><td>29.13<\/td><\/tr><tr><td>L<\/td><td>24.60&nbsp;<\/td><td>29.13-37<\/td><td>28.34-40.15<\/td><td>30.70&nbsp;<\/td><\/tr><tr><td colspan=\"5\">Nota:<br>1. Puede haber una desviaci\u00f3n de 1 a 2 cm en diferentes tama\u00f1os, ubicaciones y estiramiento de las telas. La tabla de tallas es solo para referencia, puede haber una peque\u00f1a diferencia con lo que obtienes.<br>2. Hay 3 tipos de elasticidad: alta elasticidad (estirada en dos lados), elasticidad media (estirada en un lado) y no el\u00e1stica (no se puede estirar).<br>3. El color puede ser m\u00e1s claro o m\u00e1s oscuro debido a las diferentes pantallas de PC.<br>4. L\u00e1velo a mano con agua a 30 grados, cu\u00e9lguelo para que se seque a la sombra, proh\u00edba el blanqueo.<br>5. Puede haber una ligera diferencia en los detalles y el patr\u00f3n.<\/td><\/tr><\/tbody><\/table><\/figure>\n\n\n\n<p><\/p>","protected":false},"excerpt":{"rendered":"<p>Este body es favorecedor y sofisticado con un impresionante dise\u00f1o transparente que acent\u00faa tus curvas en todos los lugares correctos. Fabricado con materiales de alta calidad, este conjunto no solo es c\u00f3modo de usar, sino que tambi\u00e9n es lo suficientemente duradero como para resistir el uso y el lavado frecuentes.<\/p>","protected":false},"featured_media":39676,"template":"","meta":[],"product_brand":[],"product_cat":[370,367,373],"product_tag":[452,861,448,504],"class_list":{"0":"post-39659","1":"product","2":"type-product","3":"status-publish","4":"has-post-thumbnail","6":"product_cat-bodysuit","7":"product_cat-sexy-lingerie","8":"product_cat-wholesale-sexy-mesh-bodysuit","9":"product_tag-wholesale-boudoir-lingerie","10":"product_tag-brunette-lingerie","11":"product_tag-wholesale-elegant-sexy-lingerie","12":"product_tag-ultra-sexy","13":"pa_color-black","14":"pa_color-red-women-sexy-lingerie","15":"pa_cup-full-cup","16":"pa_size-wholesale-large-size-women-sexy-lingerie","17":"pa_size-wholesale-medium-size-women-sexy-lingerie","18":"pa_size-wholesale-small-size-sexy-lingerie","20":"first","21":"instock","22":"taxable","23":"shipping-taxable","24":"purchasable","25":"product-type-variable"},"tiered_pricing_type":"fixed","tiered_pricing_fixed_rules":[],"tiered_pricing_product_settings":{"layout":"table","base_unit_name":{"singular":null,"plural":null},"default_variation":{}},"tiered_pricing_minimum_quantity":null,"tiered_pricing_roles_data":{"default_wholesaler":{"product_id":39659,"role":"default_wholesaler","pricing_type":"flat","regular_price":null,"sale_price":null,"discount":null,"discount_type":"sale_price","tiered_pricing_type":"fixed","percentage_rules":[],"fixed_rules":{"2":"8.39","30":"7.19","500":"6.29"},"minimum":null},"dropshippinger":{"product_id":39659,"role":"dropshippinger","pricing_type":"flat","regular_price":null,"sale_price":null,"discount":null,"discount_type":"sale_price","tiered_pricing_type":"fixed","percentage_rules":[],"fixed_rules":{"1":"9.99","5":"8.39","30":"6.29"},"minimum":null}},"tiered_pricing_percentage_rules":[],"tiered_pricing_maximum_quantity":null,"tiered_pricing_quantity_step":null,"_links":{"self":[{"href":"https:\/\/gretasexylingerie.com\/es\/wp-json\/wp\/v2\/product\/39659","targetHints":{"allow":["GET"]}}],"collection":[{"href":"https:\/\/gretasexylingerie.com\/es\/wp-json\/wp\/v2\/product"}],"about":[{"href":"https:\/\/gretasexylingerie.com\/es\/wp-json\/wp\/v2\/types\/product"}],"wp:featuredmedia":[{"embeddable":true,"href":"https:\/\/gretasexylingerie.com\/es\/wp-json\/wp\/v2\/media\/39676"}],"wp:attachment":[{"href":"https:\/\/gretasexylingerie.com\/es\/wp-json\/wp\/v2\/media?parent=39659"}],"wp:term":[{"taxonomy":"product_brand","embeddable":true,"href":"https:\/\/gretasexylingerie.com\/es\/wp-json\/wp\/v2\/product_brand?post=39659"},{"taxonomy":"product_cat","embeddable":true,"href":"https:\/\/gretasexylingerie.com\/es\/wp-json\/wp\/v2\/product_cat?post=39659"},{"taxonomy":"product_tag","embeddable":true,"href":"https:\/\/gretasexylingerie.com\/es\/wp-json\/wp\/v2\/product_tag?post=39659"}],"curies":[{"name":"Gracias","href":"https:\/\/api.w.org\/{rel}","templated":true}]}}