{"id":39643,"date":"2023-04-19T22:56:54","date_gmt":"2023-04-19T14:56:54","guid":{"rendered":"https:\/\/gretasexylingerie.com\/?post_type=product&#038;p=39643"},"modified":"2023-12-09T19:48:38","modified_gmt":"2023-12-09T11:48:38","slug":"conjunto-de-sujetador-y-braguita-de-cuero-para-moto","status":"publish","type":"product","link":"https:\/\/gretasexylingerie.com\/es\/products\/leather-motorcycle-bra-panty-set\/","title":{"rendered":"Conjunto De Sujetador Y Bragas De Cuero Para Moto al por mayor"},"content":{"rendered":"<p>1. Dise\u00f1o atrevido y atrevido: el conjunto de sujetador y panty de cuero para motocicleta presenta un dise\u00f1o atrevido y audaz que es perfecto para aquellos que quieren hacer una declaraci\u00f3n con su lencer\u00eda.<\/p>\n\n\n\n<p>2. Materiales de alta calidad: hecho de cuero genuino, este conjunto es duradero, suave y c\u00f3modo de usar, brindando una sensaci\u00f3n lujosa que lo har\u00e1 sentir seguro y poderoso.<\/p>\n\n\n\n<p>3. Vers\u00e1til: este conjunto se puede usar como parte de su colecci\u00f3n de lencer\u00eda o como un atuendo vanguardista y \u00fanico para una ocasi\u00f3n especial, lo que lo convierte en una adici\u00f3n vers\u00e1til a su guardarropa.<\/p>\n\n\n\n<p>4. Ajuste favorecedor: el sujetador y las bragas est\u00e1n dise\u00f1ados para realzar tus curvas, realzar tu figura y hacerte sentir segura y sexy. Las correas ajustables aseguran un ajuste perfecto, lo que te permite personalizarlo seg\u00fan tu tipo de cuerpo.<\/p>\n\n\n\n<figure class=\"wp-block-table is-style-stripes\"><table><tbody><tr><td colspan=\"4\">Gr\u00e1fico del sitio (CM)<\/td><td><\/td><td><\/td><\/tr><tr><td>Tama\u00f1o<\/td><td>Altura de la copa<\/td><td>Cuello<\/td><td>Debajo del busto<\/td><td>cintura de las bragas<\/td><td>Longitud de las bragas<\/td><\/tr><tr><td>S<\/td><td>13<\/td><td>36<\/td><td>70-86<\/td><td>72-96<\/td><td>22.5<\/td><\/tr><tr><td>METRO<\/td><td>14<\/td><td>37.5<\/td><td>74-90<\/td><td>76-100<\/td><td>23.5<\/td><\/tr><tr><td>L<\/td><td>15<\/td><td>39<\/td><td>78-94<\/td><td>80-104<\/td><td>24.5<\/td><\/tr><tr><td colspan=\"4\">Gr\u00e1fico del sitio (PULGADAS)<\/td><td><\/td><td><\/td><\/tr><tr><td>Tama\u00f1o<\/td><td>Altura de la copa<\/td><td>Cuello<\/td><td>Debajo del busto<\/td><td>cintura de las bragas<\/td><td>Longitud de las bragas<\/td><\/tr><tr><td>S<\/td><td>5.11&nbsp;<\/td><td>14.17<\/td><td>27.55-33.85<\/td><td>28.34-37.79<\/td><td>8.85<\/td><\/tr><tr><td>METRO<\/td><td>5.51&nbsp;<\/td><td>14.76<\/td><td>29.13-35.43<\/td><td>29.92-39.37<\/td><td>9.25<\/td><\/tr><tr><td>L<\/td><td>5.90&nbsp;<\/td><td>15.35<\/td><td>30.70-37<\/td><td>31.49-40.94<\/td><td>9.64&nbsp;<\/td><\/tr><tr><td colspan=\"6\">Nota:<br>1. Puede haber una desviaci\u00f3n de 1 a 2 cm en diferentes tama\u00f1os, ubicaciones y estiramiento de las telas. La tabla de tallas es solo para referencia, puede haber una peque\u00f1a diferencia con lo que obtienes.<br>2. Hay 3 tipos de elasticidad: alta elasticidad (estirada en dos lados), elasticidad media (estirada en un lado) y no el\u00e1stica (no se puede estirar).<br>3. El color puede ser m\u00e1s claro o m\u00e1s oscuro debido a las diferentes pantallas de PC.<br>4. L\u00e1velo a mano con agua a 30 grados, cu\u00e9lguelo para que se seque a la sombra, proh\u00edba el blanqueo.<br>5. Puede haber una ligera diferencia en los detalles y el patr\u00f3n.<\/td><\/tr><\/tbody><\/table><\/figure>","protected":false},"excerpt":{"rendered":"<p>\u00a1Presentamos el conjunto de sujetador y bragas de cuero para motocicleta, la combinaci\u00f3n definitiva de vanguardista y sexy! Este material de cuero emana confianza y actitud, esta ropa interior es diferente a cualquier otra en la colecci\u00f3n, este conjunto est\u00e1 hecho de cuero genuino de alta calidad para mayor durabilidad y comodidad.<\/p>","protected":false},"featured_media":39654,"template":"","meta":[],"product_brand":[],"product_cat":[368,367,376],"product_tag":[507,861,973,453,864,504],"class_list":{"0":"post-39643","1":"product","2":"type-product","3":"status-publish","4":"has-post-thumbnail","6":"product_cat-bra-panty-set","7":"product_cat-sexy-lingerie","8":"product_cat-wholesale-ultra-sexy-bra-panty-set","9":"product_tag-three-pcs-set","10":"product_tag-brunette-lingerie","11":"product_tag-oem","12":"product_tag-wholesale-sexy-naughty-lingerie","13":"product_tag-sexy-petite-lingerie","14":"product_tag-ultra-sexy","15":"pa_color-black","16":"pa_cup-wholesale-half-cup-women-sexy-lingerie","17":"pa_size-wholesale-large-size-women-sexy-lingerie","18":"pa_size-wholesale-medium-size-women-sexy-lingerie","19":"pa_size-wholesale-small-size-sexy-lingerie","21":"first","22":"outofstock","23":"taxable","24":"shipping-taxable","25":"purchasable","26":"product-type-variable"},"tiered_pricing_type":"fixed","tiered_pricing_fixed_rules":[],"tiered_pricing_product_settings":{"layout":"default","base_unit_name":{"singular":null,"plural":null},"default_variation":null},"tiered_pricing_minimum_quantity":null,"tiered_pricing_roles_data":{"default_wholesaler":{"product_id":39643,"role":"default_wholesaler","pricing_type":"flat","regular_price":null,"sale_price":null,"discount":null,"discount_type":"sale_price","tiered_pricing_type":"fixed","percentage_rules":[],"fixed_rules":{"2":"7.89","30":"6.79","500":"5.89"},"minimum":null},"dropshippinger":{"product_id":39643,"role":"dropshippinger","pricing_type":"flat","regular_price":null,"sale_price":null,"discount":null,"discount_type":"sale_price","tiered_pricing_type":"fixed","percentage_rules":[],"fixed_rules":{"1":"9.39","5":"7.89","30":"5.89"},"minimum":null}},"tiered_pricing_percentage_rules":[],"tiered_pricing_maximum_quantity":null,"tiered_pricing_quantity_step":null,"_links":{"self":[{"href":"https:\/\/gretasexylingerie.com\/es\/wp-json\/wp\/v2\/product\/39643","targetHints":{"allow":["GET"]}}],"collection":[{"href":"https:\/\/gretasexylingerie.com\/es\/wp-json\/wp\/v2\/product"}],"about":[{"href":"https:\/\/gretasexylingerie.com\/es\/wp-json\/wp\/v2\/types\/product"}],"wp:featuredmedia":[{"embeddable":true,"href":"https:\/\/gretasexylingerie.com\/es\/wp-json\/wp\/v2\/media\/39654"}],"wp:attachment":[{"href":"https:\/\/gretasexylingerie.com\/es\/wp-json\/wp\/v2\/media?parent=39643"}],"wp:term":[{"taxonomy":"product_brand","embeddable":true,"href":"https:\/\/gretasexylingerie.com\/es\/wp-json\/wp\/v2\/product_brand?post=39643"},{"taxonomy":"product_cat","embeddable":true,"href":"https:\/\/gretasexylingerie.com\/es\/wp-json\/wp\/v2\/product_cat?post=39643"},{"taxonomy":"product_tag","embeddable":true,"href":"https:\/\/gretasexylingerie.com\/es\/wp-json\/wp\/v2\/product_tag?post=39643"}],"curies":[{"name":"Gracias","href":"https:\/\/api.w.org\/{rel}","templated":true}]}}