{"id":39621,"date":"2023-04-19T22:17:21","date_gmt":"2023-04-19T14:17:21","guid":{"rendered":"https:\/\/gretasexylingerie.com\/?post_type=product&#038;p=39621"},"modified":"2024-04-04T14:24:16","modified_gmt":"2024-04-04T06:24:16","slug":"conjunto-de-dos-piezas-de-encaje-bordado","status":"publish","type":"product","link":"https:\/\/gretasexylingerie.com\/es\/products\/embroidered-lace-two-piece-set\/","title":{"rendered":"Conjunto de dos piezas de encaje bordado"},"content":{"rendered":"<p>1. Dise\u00f1o exquisito: el conjunto de dos piezas de encaje bordado presenta un delicado bordado de encaje que agrega un toque elegante y sofisticado a su colecci\u00f3n de lencer\u00eda.<\/p>\n\n\n\n<p>2. Ajuste c\u00f3modo: fabricado con materiales de alta calidad, este conjunto de lencer\u00eda ofrece un ajuste c\u00f3modo y transpirable que le permite usarlo todo el d\u00eda sin molestias.<\/p>\n\n\n\n<p>3. Estilo vers\u00e1til: el conjunto de dos piezas de encaje bordado se puede usar como lencer\u00eda todos los d\u00edas o guardarse para ocasiones especiales, lo que lo convierte en una adici\u00f3n vers\u00e1til a su guardarropa.<\/p>\n\n\n\n<p>4. Mejora las curvas naturales: este conjunto de lencer\u00eda est\u00e1 dise\u00f1ado para realzar tus curvas naturales, creando una silueta sexy y favorecedora que te hace sentir segura y empoderada.<\/p>\n\n\n\n<figure class=\"wp-block-table is-style-stripes\"><table><tbody><tr><td colspan=\"4\">Gr\u00e1fico del sitio (CM)<\/td><td><\/td><td><\/td><\/tr><tr><td>Tama\u00f1o<\/td><td>Longitud delantera<\/td><td>Hombro<\/td><td>Debajo del busto<\/td><td>cintura de las bragas<\/td><td>Longitud de las bragas<\/td><\/tr><tr><td>S<\/td><td>18.5<\/td><td>38<\/td><td>66-86<\/td><td>72-90<\/td><td>20<\/td><\/tr><tr><td>METRO<\/td><td>19.5<\/td><td>38<\/td><td>70-90<\/td><td>76-94<\/td><td>21<\/td><\/tr><tr><td>L<\/td><td>21<\/td><td>38<\/td><td>75-95<\/td><td>80-98<\/td><td>22<\/td><\/tr><tr><td colspan=\"4\">Gr\u00e1fico del sitio (PULGADAS)<\/td><td><\/td><td><\/td><\/tr><tr><td>Tama\u00f1o<\/td><td>Longitud delantera<\/td><td>Hombro<\/td><td>Debajo del busto<\/td><td>cintura de las bragas<\/td><td>Longitud de las bragas<\/td><\/tr><tr><td>S<\/td><td>7.28&nbsp;<\/td><td>14.96<\/td><td>25.98-33.85<\/td><td>28.34-35.43<\/td><td>7.87<\/td><\/tr><tr><td>METRO<\/td><td>7.67&nbsp;<\/td><td>14.96<\/td><td>27.55-35.43<\/td><td>29.92-37.00<\/td><td>8.26<\/td><\/tr><tr><td>L<\/td><td>8.26&nbsp;<\/td><td>14.96<\/td><td>29.52-37.40<\/td><td>31.49-38.58<\/td><td>8.66&nbsp;<\/td><\/tr><\/tbody><\/table><\/figure>\n\n\n\n<p><\/p>","protected":false},"excerpt":{"rendered":"<p>\u00a1Presentamos el conjunto de dos piezas de encaje bordado, una combinaci\u00f3n perfecta de elegancia y sensualidad! Los trajes se pueden usar como piezas superpuestas para atuendos audaces, como parte de la lencer\u00eda, como parte de un traje o incluso como tapadera sobre un traje de ba\u00f1o sexy. \u00a1Las posibilidades son infinitas!<\/p>","protected":false},"featured_media":39629,"template":"","meta":[],"product_brand":[],"product_cat":[368,369,367,375],"product_tag":[448,454,518,524,446,880,453,864,867],"class_list":{"0":"post-39621","1":"product","2":"type-product","3":"status-publish","4":"has-post-thumbnail","6":"product_cat-bra-panty-set","7":"product_cat-wholesale-lace-bra-and-panty-sets","8":"product_cat-sexy-lingerie","9":"product_cat-whoelsale-sheer-bra-and-panty-sets","10":"product_tag-wholesale-elegant-sexy-lingerie","11":"product_tag-wholesale-sexy-embroidered-lingerie","12":"product_tag-mesh-lingerie","13":"product_tag-metal-lingerie","14":"product_tag-wholesale-sexy-see-through-lingerie","15":"product_tag-sexy-2-piece-lingerie","16":"product_tag-wholesale-sexy-naughty-lingerie","17":"product_tag-sexy-petite-lingerie","18":"product_tag-sexy-push-up-lingerie","19":"pa_color-pink-women-sexy-lingerie","20":"pa_cup-full-cup","21":"pa_size-wholesale-large-size-women-sexy-lingerie","22":"pa_size-wholesale-medium-size-women-sexy-lingerie","23":"pa_size-wholesale-small-size-sexy-lingerie","25":"first","26":"instock","27":"taxable","28":"shipping-taxable","29":"purchasable","30":"product-type-variable"},"tiered_pricing_type":"fixed","tiered_pricing_fixed_rules":[],"tiered_pricing_product_settings":{"layout":"table","base_unit_name":{"singular":null,"plural":null},"default_variation":{}},"tiered_pricing_minimum_quantity":null,"tiered_pricing_roles_data":{"default_wholesaler":{"product_id":39621,"role":"default_wholesaler","pricing_type":"flat","regular_price":null,"sale_price":null,"discount":null,"discount_type":"sale_price","tiered_pricing_type":"fixed","percentage_rules":[],"fixed_rules":{"2":"6.59","30":"5.59","500":"4.89"},"minimum":null},"dropshippinger":{"product_id":39621,"role":"dropshippinger","pricing_type":"flat","regular_price":null,"sale_price":null,"discount":null,"discount_type":"sale_price","tiered_pricing_type":"fixed","percentage_rules":[],"fixed_rules":{"1":"7.89","5":"6.59","30":"4.89"},"minimum":null}},"tiered_pricing_percentage_rules":[],"tiered_pricing_maximum_quantity":null,"tiered_pricing_quantity_step":null,"_links":{"self":[{"href":"https:\/\/gretasexylingerie.com\/es\/wp-json\/wp\/v2\/product\/39621","targetHints":{"allow":["GET"]}}],"collection":[{"href":"https:\/\/gretasexylingerie.com\/es\/wp-json\/wp\/v2\/product"}],"about":[{"href":"https:\/\/gretasexylingerie.com\/es\/wp-json\/wp\/v2\/types\/product"}],"wp:featuredmedia":[{"embeddable":true,"href":"https:\/\/gretasexylingerie.com\/es\/wp-json\/wp\/v2\/media\/39629"}],"wp:attachment":[{"href":"https:\/\/gretasexylingerie.com\/es\/wp-json\/wp\/v2\/media?parent=39621"}],"wp:term":[{"taxonomy":"product_brand","embeddable":true,"href":"https:\/\/gretasexylingerie.com\/es\/wp-json\/wp\/v2\/product_brand?post=39621"},{"taxonomy":"product_cat","embeddable":true,"href":"https:\/\/gretasexylingerie.com\/es\/wp-json\/wp\/v2\/product_cat?post=39621"},{"taxonomy":"product_tag","embeddable":true,"href":"https:\/\/gretasexylingerie.com\/es\/wp-json\/wp\/v2\/product_tag?post=39621"}],"curies":[{"name":"Gracias","href":"https:\/\/api.w.org\/{rel}","templated":true}]}}