{"id":39555,"date":"2023-04-19T21:16:58","date_gmt":"2023-04-19T13:16:58","guid":{"rendered":"https:\/\/gretasexylingerie.com\/?post_type=product&#038;p=39555"},"modified":"2024-04-04T14:19:17","modified_gmt":"2024-04-04T06:19:17","slug":"conjunto-de-liga-con-cadena-de-metal","status":"publish","type":"product","link":"https:\/\/gretasexylingerie.com\/es\/products\/metal-chain-garter-belt-set\/","title":{"rendered":"Conjunto de liguero de cadena de metal"},"content":{"rendered":"<p>1. Dise\u00f1o vanguardista: el conjunto de liguero de cadena de metal presenta un dise\u00f1o \u00fanico y atrevido que es perfecto para la mujer que quiere destacar.<\/p>\n\n\n\n<p>2. El detalle de la cadena de metal agrega un toque vanguardista a la delicada tela de encaje.<br>Ajuste c\u00f3modo: Fabricado con materiales de alta calidad y dise\u00f1ado pensando en su comodidad, este conjunto ofrece un ajuste c\u00f3modo y de apoyo.<\/p>\n\n\n\n<p>3. Sexy y juguet\u00f3n: los detalles de encaje transparente y cadena de metal en las bragas agregan un toque divertido y sexy al conjunto, lo que lo hace perfecto para agregar un poco de emoci\u00f3n a cualquier ocasi\u00f3n \u00edntima.<\/p>\n\n\n\n<p>4. Vers\u00e1til: el conjunto de liguero de cadena de metal es lo suficientemente vers\u00e1til como para usarlo en cualquier ocasi\u00f3n, ya sea para vestirse para una ocasi\u00f3n especial o simplemente para sentirse sexy y seguro en su vida cotidiana.<\/p>\n\n\n\n<figure class=\"wp-block-table is-style-stripes\"><table><tbody><tr><td colspan=\"5\">Gr\u00e1fico del sitio (CM)<\/td><td><\/td><td><\/td><\/tr><tr><td>Tama\u00f1o<\/td><td>Longitud<\/td><td>Hombro<\/td><td>Debajo del busto<\/td><td>Cintura<\/td><td>cintura de las bragas<\/td><td>Longitud de las bragas<\/td><\/tr><tr><td>S<\/td><td>18.5<\/td><td>29<\/td><td>68-86<\/td><td>62-84<\/td><td>70-96<\/td><td>23<\/td><\/tr><tr><td>METRO<\/td><td>19.2<\/td><td>30<\/td><td>72-90<\/td><td>66-88<\/td><td>74-100<\/td><td>24<\/td><\/tr><tr><td>L<\/td><td>19.9<\/td><td>31<\/td><td>76-94<\/td><td>70-92<\/td><td>78-104<\/td><td>25<\/td><\/tr><tr><td colspan=\"5\">Gr\u00e1fico del sitio (PULGADAS)<\/td><td><\/td><td><\/td><\/tr><tr><td>Tama\u00f1o<\/td><td>Longitud<\/td><td>Hombro<\/td><td>Debajo del busto<\/td><td>Cintura<\/td><td>cintura de las bragas<\/td><td>Longitud de las bragas<\/td><\/tr><tr><td>S<\/td><td>7.28&nbsp;<\/td><td>11.41<\/td><td>26.77-33.85<\/td><td>24.40-33.07<\/td><td>27.55-37.79<\/td><td>9.05<\/td><\/tr><tr><td>METRO<\/td><td>7.55&nbsp;<\/td><td>11.81<\/td><td>28.34-35.43<\/td><td>25.98-34.64<\/td><td>29.13-39.37<\/td><td>9.44<\/td><\/tr><tr><td>L<\/td><td>7.83&nbsp;<\/td><td>12.20&nbsp;<\/td><td>29.92-37.00<\/td><td>27.55-36.22<\/td><td>30.70-40.94<\/td><td>9.84&nbsp;<\/td><\/tr><tr><td colspan=\"7\">Nota:<br>1. Puede haber una desviaci\u00f3n de 1 a 2 cm en diferentes tama\u00f1os, ubicaciones y estiramiento de las telas. La tabla de tallas es solo para referencia, puede haber una peque\u00f1a diferencia con lo que obtienes.<br>2. Hay 3 tipos de elasticidad: alta elasticidad (estirada en dos lados), elasticidad media (estirada en un lado) y no el\u00e1stica (no se puede estirar).<br>3. El color puede ser m\u00e1s claro o m\u00e1s oscuro debido a las diferentes pantallas de PC.<br>4. L\u00e1velo a mano con agua a 30 grados, cu\u00e9lguelo para que se seque a la sombra, proh\u00edba el blanqueo.<br>5. Puede haber una ligera diferencia en los detalles y el patr\u00f3n.<\/td><\/tr><\/tbody><\/table><\/figure>\n\n\n\n<p><\/p>\n\n\n\n<p><\/p>","protected":false},"excerpt":{"rendered":"<p>El conjunto est\u00e1 dise\u00f1ado con cadenas de metal para agregar encanto a la tela y comodidad de uso, las bragas a juego est\u00e1n dise\u00f1adas con encaje transparente y cadenas de metal, el conjunto de sujetador transparente con encaje de cadena de metal est\u00e1 hecho de materiales de alta calidad, lo que una mirada confiada.<\/p>\n<p>https:\/\/youtu.be\/hHH6AKG-cIk<\/p>","protected":false},"featured_media":39566,"template":"","meta":[],"product_brand":[],"product_cat":[368,374,367],"product_tag":[868,452,448,524,862],"class_list":{"0":"post-39555","1":"product","2":"type-product","3":"status-publish","4":"has-post-thumbnail","6":"product_cat-bra-panty-set","7":"product_cat-wholesale-garter-belt-set","8":"product_cat-sexy-lingerie","9":"product_tag-4-piece-lingerie-set","10":"product_tag-wholesale-boudoir-lingerie","11":"product_tag-wholesale-elegant-sexy-lingerie","12":"product_tag-metal-lingerie","13":"product_tag-sexy-silk-lingerie","14":"pa_color-black","15":"pa_color-red-women-sexy-lingerie","16":"pa_cup-full-cup","17":"pa_size-wholesale-large-size-women-sexy-lingerie","18":"pa_size-wholesale-medium-size-women-sexy-lingerie","19":"pa_size-wholesale-small-size-sexy-lingerie","21":"first","22":"instock","23":"taxable","24":"shipping-taxable","25":"purchasable","26":"product-type-variable"},"tiered_pricing_type":"fixed","tiered_pricing_fixed_rules":[],"tiered_pricing_product_settings":{"layout":"table","base_unit_name":{"singular":null,"plural":null},"default_variation":{}},"tiered_pricing_minimum_quantity":null,"tiered_pricing_roles_data":{"default_wholesaler":{"product_id":39555,"role":"default_wholesaler","pricing_type":"flat","regular_price":null,"sale_price":null,"discount":null,"discount_type":"sale_price","tiered_pricing_type":"fixed","percentage_rules":[],"fixed_rules":{"2":"9.39","30":"8.09","500":"7.09"},"minimum":null},"dropshippinger":{"product_id":39555,"role":"dropshippinger","pricing_type":"flat","regular_price":null,"sale_price":null,"discount":null,"discount_type":"sale_price","tiered_pricing_type":"fixed","percentage_rules":[],"fixed_rules":{"1":"11.29","5":"9.39","30":"7.09"},"minimum":null}},"tiered_pricing_percentage_rules":[],"tiered_pricing_maximum_quantity":null,"tiered_pricing_quantity_step":null,"_links":{"self":[{"href":"https:\/\/gretasexylingerie.com\/es\/wp-json\/wp\/v2\/product\/39555","targetHints":{"allow":["GET"]}}],"collection":[{"href":"https:\/\/gretasexylingerie.com\/es\/wp-json\/wp\/v2\/product"}],"about":[{"href":"https:\/\/gretasexylingerie.com\/es\/wp-json\/wp\/v2\/types\/product"}],"wp:featuredmedia":[{"embeddable":true,"href":"https:\/\/gretasexylingerie.com\/es\/wp-json\/wp\/v2\/media\/39566"}],"wp:attachment":[{"href":"https:\/\/gretasexylingerie.com\/es\/wp-json\/wp\/v2\/media?parent=39555"}],"wp:term":[{"taxonomy":"product_brand","embeddable":true,"href":"https:\/\/gretasexylingerie.com\/es\/wp-json\/wp\/v2\/product_brand?post=39555"},{"taxonomy":"product_cat","embeddable":true,"href":"https:\/\/gretasexylingerie.com\/es\/wp-json\/wp\/v2\/product_cat?post=39555"},{"taxonomy":"product_tag","embeddable":true,"href":"https:\/\/gretasexylingerie.com\/es\/wp-json\/wp\/v2\/product_tag?post=39555"}],"curies":[{"name":"Gracias","href":"https:\/\/api.w.org\/{rel}","templated":true}]}}