{"id":39537,"date":"2023-04-18T22:45:10","date_gmt":"2023-04-18T14:45:10","guid":{"rendered":"https:\/\/gretasexylingerie.com\/?post_type=product&#038;p=39537"},"modified":"2023-09-24T22:07:01","modified_gmt":"2023-09-24T14:07:01","slug":"conjunto-de-sujetador-y-pantalon-con-perspectiva-de-encaje-y-cadena-de-metal","status":"publish","type":"product","link":"https:\/\/gretasexylingerie.com\/es\/products\/metal-chain-lace-perspective-bra-pants-set\/","title":{"rendered":"Conjunto de pantalones de sujetador de perspectiva de encaje de cadena de metal"},"content":{"rendered":"<p>1. Dise\u00f1o vanguardista: el conjunto de pantalones de sujetador con perspectiva de encaje de cadena de metal presenta un dise\u00f1o \u00fanico y vanguardista que lo distingue de otros conjuntos de lencer\u00eda. El detalle de la cadena de metal a\u00f1ade un toque de atrevimiento a la delicada tela de encaje, lo que la convierte en la elecci\u00f3n perfecta para la mujer audaz y atrevida.<\/p>\n\n\n\n<p>2. Ajuste c\u00f3modo: fabricado con materiales de alta calidad y dise\u00f1ado pensando en su comodidad, este conjunto ofrece un ajuste c\u00f3modo y de apoyo. El sujetador cuenta con soporte con aro y tirantes ajustables, mientras que las bragas tienen un dise\u00f1o c\u00f3modo y favorecedor de talle alto.<\/p>\n\n\n\n<p>3. Divertido y sexy: los detalles de encaje transparente y cadena de metal en las bragas agregan un toque divertido y sexy al conjunto, lo que lo hace perfecto para agregar un poco de emoci\u00f3n a cualquier ocasi\u00f3n \u00edntima.<\/p>\n\n\n\n<p>4. Gran valor: el conjunto de pantalones de sujetador con perspectiva de encaje de cadena de metal ofrece un valor incre\u00edble por su dise\u00f1o y calidad \u00fanicos. No tendr\u00e1s que romper el banco para sentirte segura y sexy con este impresionante conjunto de lencer\u00eda, y su dise\u00f1o atemporal significa que ser\u00e1 un elemento b\u00e1sico en tu colecci\u00f3n de lencer\u00eda en los a\u00f1os venideros.<\/p>\n\n\n\n<figure class=\"wp-block-table is-style-stripes\"><table><tbody><tr><td colspan=\"6\">Gr\u00e1fico del sitio (CM)<\/td><\/tr><tr><td>Tama\u00f1o<\/td><td>Longitud<\/td><td>Debajo del busto<\/td><td>Cintura<\/td><td>cintura de las bragas<\/td><td>Longitud de las bragas<\/td><\/tr><tr><td>S<\/td><td>19<\/td><td>68-86<\/td><td>64-86<\/td><td>72-96<\/td><td>25<\/td><\/tr><tr><td>METRO<\/td><td>20<\/td><td>72-90<\/td><td>68-90<\/td><td>76-100<\/td><td>26<\/td><\/tr><tr><td>L<\/td><td>21<\/td><td>76-94<\/td><td>72-94<\/td><td>80-104<\/td><td>27<\/td><\/tr><tr><td colspan=\"6\">Gr\u00e1fico del sitio (PULGADAS)<\/td><\/tr><tr><td>Tama\u00f1o<\/td><td>Longitud<\/td><td>Debajo del busto<\/td><td>Cintura<\/td><td>cintura de las bragas<\/td><td>Longitud de las bragas<\/td><\/tr><tr><td>S<\/td><td>7.48&nbsp;<\/td><td>26.77-33.85<\/td><td>25.19-33.85<\/td><td>28.34-37.79<\/td><td>9.84<\/td><\/tr><tr><td>METRO<\/td><td>7.87&nbsp;<\/td><td>28.34-35.43<\/td><td>26.77-35.43<\/td><td>29.92-39.37<\/td><td>10.23<\/td><\/tr><tr><td>L<\/td><td>8.26&nbsp;<\/td><td>29.92-37.00<\/td><td>28.34-37.00<\/td><td>31.49-40.94<\/td><td>10.62&nbsp;<\/td><\/tr><tr><td colspan=\"6\">Nota:<br>1. Puede haber una desviaci\u00f3n de 1 a 2 cm en diferentes tama\u00f1os, ubicaciones y estiramiento de las telas. La tabla de tallas es solo para referencia, puede haber una peque\u00f1a diferencia con lo que obtienes.<br>2. Hay 3 tipos de elasticidad: alta elasticidad (estirada en dos lados), elasticidad media (estirada en un lado) y no el\u00e1stica (no se puede estirar).<br>3. El color puede ser m\u00e1s claro o m\u00e1s oscuro debido a las diferentes pantallas de PC.<br>4. L\u00e1velo a mano con agua a 30 grados, cu\u00e9lguelo para que se seque a la sombra, proh\u00edba el blanqueo.<br>5. Puede haber una ligera diferencia en los detalles y el patr\u00f3n.<\/td><\/tr><\/tbody><\/table><\/figure>\n\n\n\n<p><\/p>","protected":false},"excerpt":{"rendered":"<p>El conjunto est\u00e1 dise\u00f1ado con cadenas de metal para agregar encanto a la tela y comodidad de uso, y las bragas a juego est\u00e1n dise\u00f1adas con encaje transparente y cadenas de metal, el conjunto de pantalones de sujetador transparente de encaje de cadenas de metal est\u00e1 hecho de materiales de alta calidad y dise\u00f1ado para una comodidad total.<\/p>","protected":false},"featured_media":39545,"template":"","meta":[],"product_brand":[],"product_cat":[368,374,367,375],"product_tag":[507,452,448,532,524,973,446],"class_list":{"0":"post-39537","1":"product","2":"type-product","3":"status-publish","4":"has-post-thumbnail","6":"product_cat-bra-panty-set","7":"product_cat-wholesale-garter-belt-set","8":"product_cat-sexy-lingerie","9":"product_cat-whoelsale-sheer-bra-and-panty-sets","10":"product_tag-three-pcs-set","11":"product_tag-wholesale-boudoir-lingerie","12":"product_tag-wholesale-elegant-sexy-lingerie","13":"product_tag-lingerie-suspender-set","14":"product_tag-metal-lingerie","15":"product_tag-oem","16":"product_tag-wholesale-sexy-see-through-lingerie","17":"pa_color-black","18":"pa_color-red-women-sexy-lingerie","19":"pa_cup-full-cup","20":"pa_size-wholesale-large-size-women-sexy-lingerie","21":"pa_size-wholesale-medium-size-women-sexy-lingerie","22":"pa_size-wholesale-small-size-sexy-lingerie","24":"first","25":"instock","26":"taxable","27":"shipping-taxable","28":"purchasable","29":"product-type-variable"},"tiered_pricing_type":"fixed","tiered_pricing_fixed_rules":[],"tiered_pricing_product_settings":{"layout":"default","base_unit_name":{"singular":null,"plural":null},"default_variation":{}},"tiered_pricing_minimum_quantity":150,"tiered_pricing_roles_data":{"default_wholesaler":{"product_id":39537,"role":"default_wholesaler","pricing_type":"flat","regular_price":null,"sale_price":null,"discount":null,"discount_type":"sale_price","tiered_pricing_type":"fixed","percentage_rules":[],"fixed_rules":{"2":"10.19","30":"8.79","500":"7.69"},"minimum":null},"dropshippinger":{"product_id":39537,"role":"dropshippinger","pricing_type":"flat","regular_price":null,"sale_price":null,"discount":null,"discount_type":"sale_price","tiered_pricing_type":"fixed","percentage_rules":[],"fixed_rules":{"1":"12.19","5":"10.19","30":"7.69"},"minimum":null}},"tiered_pricing_percentage_rules":[],"tiered_pricing_maximum_quantity":null,"tiered_pricing_quantity_step":null,"_links":{"self":[{"href":"https:\/\/gretasexylingerie.com\/es\/wp-json\/wp\/v2\/product\/39537","targetHints":{"allow":["GET"]}}],"collection":[{"href":"https:\/\/gretasexylingerie.com\/es\/wp-json\/wp\/v2\/product"}],"about":[{"href":"https:\/\/gretasexylingerie.com\/es\/wp-json\/wp\/v2\/types\/product"}],"wp:featuredmedia":[{"embeddable":true,"href":"https:\/\/gretasexylingerie.com\/es\/wp-json\/wp\/v2\/media\/39545"}],"wp:attachment":[{"href":"https:\/\/gretasexylingerie.com\/es\/wp-json\/wp\/v2\/media?parent=39537"}],"wp:term":[{"taxonomy":"product_brand","embeddable":true,"href":"https:\/\/gretasexylingerie.com\/es\/wp-json\/wp\/v2\/product_brand?post=39537"},{"taxonomy":"product_cat","embeddable":true,"href":"https:\/\/gretasexylingerie.com\/es\/wp-json\/wp\/v2\/product_cat?post=39537"},{"taxonomy":"product_tag","embeddable":true,"href":"https:\/\/gretasexylingerie.com\/es\/wp-json\/wp\/v2\/product_tag?post=39537"}],"curies":[{"name":"Gracias","href":"https:\/\/api.w.org\/{rel}","templated":true}]}}