{"id":39514,"date":"2023-04-18T22:19:20","date_gmt":"2023-04-18T14:19:20","guid":{"rendered":"https:\/\/gretasexylingerie.com\/?post_type=product&#038;p=39514"},"modified":"2023-09-05T20:51:20","modified_gmt":"2023-09-05T12:51:20","slug":"conjunto-de-sujetador-y-braguita-con-perspectiva-de-encaje-de-red-de-pesca","status":"publish","type":"product","link":"https:\/\/gretasexylingerie.com\/es\/products\/fishing-net-lace-perspective-bra-panty-set\/","title":{"rendered":"Juego de bragas y sujetador con perspectiva de encaje de red de pesca"},"content":{"rendered":"<p>1. Impresionante dise\u00f1o: el juego de braguitas con perspectiva de encaje de red de pesca presenta un hermoso e intrincado dise\u00f1o de encaje de red de pesca que seguramente llamar\u00e1 la atenci\u00f3n y te har\u00e1 sentir seguro y sexy.<\/p>\n\n\n\n<p>2. Ajuste c\u00f3modo: este conjunto est\u00e1 hecho con materiales de alta calidad y dise\u00f1ado pensando en su comodidad. El sujetador cuenta con soporte con aros para un ajuste c\u00f3modo, mientras que las bragas tienen un dise\u00f1o de tiro bajo que no se clava ni causa molestias.<\/p>\n\n\n\n<p>3. Estilo vers\u00e1til: ya sea que est\u00e9 buscando agregar un toque de seducci\u00f3n a una velada rom\u00e1ntica o simplemente quiera sentirse seguro y elegante en su vida cotidiana, este conjunto es perfecto. El dise\u00f1o de encaje de red de pesca es divertido y sofisticado, lo que lo convierte en una adici\u00f3n vers\u00e1til a su colecci\u00f3n de lencer\u00eda.<\/p>\n\n\n\n<p>4. Gran valor: el juego de braguitas con perspectiva de encaje de red de pesca ofrece un valor incre\u00edble por su calidad y dise\u00f1o. No tendr\u00e1s que romper el banco para sentirte segura y sexy con este impresionante conjunto de lencer\u00eda.<\/p>\n\n\n\n<figure class=\"wp-block-table is-style-stripes\"><table><tbody><tr><td colspan=\"8\">Gr\u00e1fico del sitio (CM)<\/td><\/tr><tr><td>Tama\u00f1o<\/td><td>Longitud<\/td><td>Hombro<\/td><td>Debajo del busto<\/td><td>Cintura<\/td><td>cintura de las bragas<\/td><td>Longitud de las bragas<\/td><td>Herm\u00e9tico<\/td><\/tr><tr><td>S<\/td><td>17<\/td><td>33<\/td><td>69-86<\/td><td>62<\/td><td>64-94<\/td><td>26<\/td><td>44<\/td><\/tr><tr><td>METRO<\/td><td>17.8<\/td><td>33<\/td><td>73-90<\/td><td>66<\/td><td>68-98<\/td><td>27<\/td><td>46<\/td><\/tr><tr><td>L<\/td><td>18.6<\/td><td>33<\/td><td>77-94<\/td><td>70<\/td><td>70-102<\/td><td>28<\/td><td>48<\/td><\/tr><tr><td colspan=\"8\">Gr\u00e1fico del sitio (PULGADAS)<\/td><\/tr><tr><td>Tama\u00f1o<\/td><td>Longitud<\/td><td>Hombro<\/td><td>Debajo del busto<\/td><td>Cintura<\/td><td>cintura de las bragas<\/td><td>Longitud de las bragas<\/td><td>Herm\u00e9tico<\/td><\/tr><tr><td>S<\/td><td>6.69&nbsp;<\/td><td>12.99<\/td><td>27.16-33.85<\/td><td>24.40&nbsp;<\/td><td>25.19-37.00<\/td><td>10.23<\/td><td>17.32<\/td><\/tr><tr><td>METRO<\/td><td>7.00&nbsp;<\/td><td>12.99<\/td><td>28.74-35.43<\/td><td>25.98<\/td><td>26.77-38.58<\/td><td>10.62<\/td><td>18.11<\/td><\/tr><tr><td>L<\/td><td>7.32&nbsp;<\/td><td>12.99<\/td><td>30.31-37<\/td><td>27.55<\/td><td>27.55-40.15<\/td><td>11.02&nbsp;<\/td><td>18.89&nbsp;<\/td><\/tr><tr><td colspan=\"8\">Nota:<br>1. Puede haber una desviaci\u00f3n de 1 a 2 cm en diferentes tama\u00f1os, ubicaciones y estiramiento de las telas. La tabla de tallas es solo para referencia, puede haber una peque\u00f1a diferencia con lo que obtienes.<br>2. Hay 3 tipos de elasticidad: alta elasticidad (estirada en dos lados), elasticidad media (estirada en un lado) y no el\u00e1stica (no se puede estirar).<br>3. El color puede ser m\u00e1s claro o m\u00e1s oscuro debido a las diferentes pantallas de PC.<br>4. L\u00e1velo a mano con agua a 30 grados, cu\u00e9lguelo para que se seque a la sombra, proh\u00edba el blanqueo.<br>5. Puede haber una ligera diferencia en los detalles y el patr\u00f3n.<\/td><\/tr><\/tbody><\/table><\/figure>\n\n\n\n<p><\/p>","protected":false},"excerpt":{"rendered":"<p>Con un encantador encaje de rejilla, este conjunto es perfecto para agregar un toque de glamour a cualquier ocasi\u00f3n \u00edntima. C\u00f3modo y favorecedor, el tejido presenta un talle bajo y una malla transparente para lograr un look atrevido y divertido, lo que lo convierte en el complemento perfecto para tu colecci\u00f3n de lencer\u00eda.<\/p>","protected":false},"featured_media":39519,"template":"","meta":[],"product_brand":[],"product_cat":[368,374,369,367],"product_tag":[868,861,522,870,875,532,446,453,865],"class_list":{"0":"post-39514","1":"product","2":"type-product","3":"status-publish","4":"has-post-thumbnail","6":"product_cat-bra-panty-set","7":"product_cat-wholesale-garter-belt-set","8":"product_cat-wholesale-lace-bra-and-panty-sets","9":"product_cat-sexy-lingerie","10":"product_tag-4-piece-lingerie-set","11":"product_tag-brunette-lingerie","12":"product_tag-eyelash-lingerie","13":"product_tag-floral-lingerie","14":"product_tag-lace-sexy-lingerie","15":"product_tag-lingerie-suspender-set","16":"product_tag-wholesale-sexy-see-through-lingerie","17":"product_tag-wholesale-sexy-naughty-lingerie","18":"product_tag-sexy-skimpy-lingerie","19":"pa_color-black","20":"pa_cup-wholesale-half-cup-women-sexy-lingerie","21":"pa_size-wholesale-large-size-women-sexy-lingerie","22":"pa_size-wholesale-medium-size-women-sexy-lingerie","23":"pa_size-wholesale-small-size-sexy-lingerie","25":"first","26":"instock","27":"taxable","28":"shipping-taxable","29":"purchasable","30":"product-type-variable"},"tiered_pricing_type":"fixed","tiered_pricing_fixed_rules":[],"tiered_pricing_product_settings":{"layout":"default","base_unit_name":{"singular":null,"plural":null},"default_variation":null},"tiered_pricing_minimum_quantity":null,"tiered_pricing_roles_data":{"default_wholesaler":{"product_id":39514,"role":"default_wholesaler","pricing_type":"flat","regular_price":null,"sale_price":null,"discount":null,"discount_type":"sale_price","tiered_pricing_type":"fixed","percentage_rules":[],"fixed_rules":{"2":"11.99","30":"10.29","500":"8.99"},"minimum":null},"dropshippinger":{"product_id":39514,"role":"dropshippinger","pricing_type":"flat","regular_price":null,"sale_price":null,"discount":null,"discount_type":"sale_price","tiered_pricing_type":"fixed","percentage_rules":[],"fixed_rules":{"1":"14.39","5":"11.99","30":"8.99"},"minimum":null}},"tiered_pricing_percentage_rules":[],"tiered_pricing_maximum_quantity":null,"tiered_pricing_quantity_step":null,"_links":{"self":[{"href":"https:\/\/gretasexylingerie.com\/es\/wp-json\/wp\/v2\/product\/39514","targetHints":{"allow":["GET"]}}],"collection":[{"href":"https:\/\/gretasexylingerie.com\/es\/wp-json\/wp\/v2\/product"}],"about":[{"href":"https:\/\/gretasexylingerie.com\/es\/wp-json\/wp\/v2\/types\/product"}],"wp:featuredmedia":[{"embeddable":true,"href":"https:\/\/gretasexylingerie.com\/es\/wp-json\/wp\/v2\/media\/39519"}],"wp:attachment":[{"href":"https:\/\/gretasexylingerie.com\/es\/wp-json\/wp\/v2\/media?parent=39514"}],"wp:term":[{"taxonomy":"product_brand","embeddable":true,"href":"https:\/\/gretasexylingerie.com\/es\/wp-json\/wp\/v2\/product_brand?post=39514"},{"taxonomy":"product_cat","embeddable":true,"href":"https:\/\/gretasexylingerie.com\/es\/wp-json\/wp\/v2\/product_cat?post=39514"},{"taxonomy":"product_tag","embeddable":true,"href":"https:\/\/gretasexylingerie.com\/es\/wp-json\/wp\/v2\/product_tag?post=39514"}],"curies":[{"name":"Gracias","href":"https:\/\/api.w.org\/{rel}","templated":true}]}}