{"id":39496,"date":"2023-04-18T21:04:27","date_gmt":"2023-04-18T13:04:27","guid":{"rendered":"https:\/\/gretasexylingerie.com\/?post_type=product&#038;p=39496"},"modified":"2023-09-05T20:51:19","modified_gmt":"2023-09-05T12:51:19","slug":"lenceria-sexy-de-estilo-oscuro","status":"publish","type":"product","link":"https:\/\/gretasexylingerie.com\/es\/products\/dark-style-sexy-lingerie\/","title":{"rendered":"Lencer\u00eda sexy de estilo oscuro"},"content":{"rendered":"<p>1. Estilo sensual: la lencer\u00eda sexy de estilo oscuro est\u00e1 dise\u00f1ada para resaltar tu seductora interior. Con sus atrevidos cortes y detalles de tiras, este conjunto de lencer\u00eda es perfecto para aquellas que quieren llamar la atenci\u00f3n y subir la temperatura en el dormitorio.<\/p>\n\n\n\n<p>2. Ajuste c\u00f3modo: fabricado con tela transpirable y el\u00e1stica, este conjunto de lencer\u00eda est\u00e1 dise\u00f1ado para brindar la m\u00e1xima comodidad y al mismo tiempo abrazar sus curvas en todos los lugares correctos. Las correas y la banda ajustables brindan un ajuste personalizado para cada tipo de cuerpo.<\/p>\n\n\n\n<p>3. Material de alta calidad: la lencer\u00eda sexy de estilo oscuro est\u00e1 fabricada con materiales de primera calidad que est\u00e1n dise\u00f1ados para durar. Puedes usar este conjunto de lencer\u00eda una y otra vez, sabiendo que resistir\u00e1 el desgaste.<\/p>\n\n\n\n<p>4. Vers\u00e1til: este conjunto de lencer\u00eda es perfecto para una variedad de ocasiones, desde una velada rom\u00e1ntica en casa hasta una salida nocturna con amigos. Ya sea que est\u00e9 buscando agregar un toque de vanguardia a su apariencia diaria o desee calentar las cosas en el dormitorio, la lencer\u00eda sexy de estilo oscuro es la elecci\u00f3n perfecta.<\/p>\n\n\n\n<figure class=\"wp-block-table\"><table><tbody><tr><td colspan=\"5\">Gr\u00e1fico del sitio (CM)<\/td><td class=\"has-text-align-center\" data-align=\"center\"><\/td><td class=\"has-text-align-center\" data-align=\"center\"><\/td><td class=\"has-text-align-center\" data-align=\"center\"><\/td><\/tr><tr><td>Tama\u00f1o<\/td><td class=\"has-text-align-center\" data-align=\"center\">Longitud<\/td><td class=\"has-text-align-center\" data-align=\"center\">Hombro<\/td><td class=\"has-text-align-center\" data-align=\"center\">Debajo del busto<\/td><td class=\"has-text-align-center\" data-align=\"center\">Circunferencia del tobillo<\/td><td class=\"has-text-align-center\" data-align=\"center\">cintura de las bragas<\/td><td class=\"has-text-align-center\" data-align=\"center\">Longitud de las bragas<\/td><td class=\"has-text-align-center\" data-align=\"center\">Circunferencia del pie<\/td><\/tr><tr><td>S<\/td><td class=\"has-text-align-center\" data-align=\"center\">27<\/td><td class=\"has-text-align-center\" data-align=\"center\">38<\/td><td class=\"has-text-align-center\" data-align=\"center\">64-86<\/td><td class=\"has-text-align-center\" data-align=\"center\">62-84<\/td><td class=\"has-text-align-center\" data-align=\"center\">66-98<\/td><td class=\"has-text-align-center\" data-align=\"center\">22.5<\/td><td class=\"has-text-align-center\" data-align=\"center\">47<\/td><\/tr><tr><td>METRO<\/td><td class=\"has-text-align-center\" data-align=\"center\">28<\/td><td class=\"has-text-align-center\" data-align=\"center\">38<\/td><td class=\"has-text-align-center\" data-align=\"center\">68-90<\/td><td class=\"has-text-align-center\" data-align=\"center\">66-88<\/td><td class=\"has-text-align-center\" data-align=\"center\">70-102<\/td><td class=\"has-text-align-center\" data-align=\"center\">23.5<\/td><td class=\"has-text-align-center\" data-align=\"center\">49.2<\/td><\/tr><tr><td>L<\/td><td class=\"has-text-align-center\" data-align=\"center\">29<\/td><td class=\"has-text-align-center\" data-align=\"center\">38<\/td><td class=\"has-text-align-center\" data-align=\"center\">72-94<\/td><td class=\"has-text-align-center\" data-align=\"center\">70-92<\/td><td class=\"has-text-align-center\" data-align=\"center\">74-106<\/td><td class=\"has-text-align-center\" data-align=\"center\">24.5<\/td><td class=\"has-text-align-center\" data-align=\"center\">51.4<\/td><\/tr><tr><td colspan=\"5\">Gr\u00e1fico del sitio (PULGADAS)<\/td><td class=\"has-text-align-center\" data-align=\"center\"><\/td><td class=\"has-text-align-center\" data-align=\"center\"><\/td><td class=\"has-text-align-center\" data-align=\"center\"><\/td><\/tr><tr><td>Tama\u00f1o<\/td><td class=\"has-text-align-center\" data-align=\"center\">Longitud<\/td><td class=\"has-text-align-center\" data-align=\"center\">Hombro<\/td><td class=\"has-text-align-center\" data-align=\"center\">Debajo del busto<\/td><td class=\"has-text-align-center\" data-align=\"center\">Circunferencia del tobillo<\/td><td class=\"has-text-align-center\" data-align=\"center\">cintura de las bragas<\/td><td class=\"has-text-align-center\" data-align=\"center\">Longitud de las bragas<\/td><td class=\"has-text-align-center\" data-align=\"center\">Circunferencia del pie<\/td><\/tr><tr><td>S<\/td><td class=\"has-text-align-center\" data-align=\"center\">10.62&nbsp;<\/td><td class=\"has-text-align-center\" data-align=\"center\">14.96<\/td><td class=\"has-text-align-center\" data-align=\"center\">25.19-33.85<\/td><td class=\"has-text-align-center\" data-align=\"center\">24.40-33.04<\/td><td class=\"has-text-align-center\" data-align=\"center\">25.98-38.58<\/td><td class=\"has-text-align-center\" data-align=\"center\">8.85<\/td><td class=\"has-text-align-center\" data-align=\"center\">18.5<\/td><\/tr><tr><td>METRO<\/td><td class=\"has-text-align-center\" data-align=\"center\">11.02&nbsp;<\/td><td class=\"has-text-align-center\" data-align=\"center\">14.96<\/td><td class=\"has-text-align-center\" data-align=\"center\">26.77-35.43<\/td><td class=\"has-text-align-center\" data-align=\"center\">25.98-34.64<\/td><td class=\"has-text-align-center\" data-align=\"center\">27.55-40.15<\/td><td class=\"has-text-align-center\" data-align=\"center\">9.25<\/td><td class=\"has-text-align-center\" data-align=\"center\">19.37<\/td><\/tr><tr><td>L<\/td><td class=\"has-text-align-center\" data-align=\"center\">11.41&nbsp;<\/td><td class=\"has-text-align-center\" data-align=\"center\">14.96<\/td><td class=\"has-text-align-center\" data-align=\"center\">28.34-37.00<\/td><td class=\"has-text-align-center\" data-align=\"center\">27.55-36.22<\/td><td class=\"has-text-align-center\" data-align=\"center\">29.13-41.73<\/td><td class=\"has-text-align-center\" data-align=\"center\">9.64&nbsp;<\/td><td class=\"has-text-align-center\" data-align=\"center\">20.23&nbsp;<\/td><\/tr><tr><td colspan=\"8\">Nota:<br>1. Puede haber una desviaci\u00f3n de 1 a 2 cm en diferentes tama\u00f1os, ubicaciones y estiramiento de las telas. La tabla de tallas es solo para referencia, puede haber una peque\u00f1a diferencia con lo que obtienes.<br>2. Hay 3 tipos de elasticidad: alta elasticidad (estirada en dos lados), elasticidad media (estirada en un lado) y no el\u00e1stica (no se puede estirar).<br>3. El color puede ser m\u00e1s claro o m\u00e1s oscuro debido a las diferentes pantallas de PC.<br>4. L\u00e1velo a mano con agua a 30 grados, cu\u00e9lguelo para que se seque a la sombra, proh\u00edba el blanqueo.<br>5. Puede haber una ligera diferencia en los detalles y el patr\u00f3n.<\/td><\/tr><\/tbody><\/table><\/figure>\n\n\n\n<p><\/p>","protected":false},"excerpt":{"rendered":"<p>El conjunto incluye un sexy sost\u00e9n negro y bragas con atrevidos recortes y detalles de corbata. El estilo misterioso es perfecto para aquellos que quieren llamar la atenci\u00f3n en eventos especiales. El tejido transpirable y el\u00e1stico garantiza la m\u00e1xima comodidad. Ordene ahora para experimentar la m\u00e1xima comodidad, moda y sensualidad.<\/p>","protected":false},"featured_media":39508,"template":"","meta":[],"product_brand":[],"product_cat":[388,386,367],"product_tag":[861,446,867,447],"class_list":{"0":"post-39496","1":"product","2":"type-product","3":"status-publish","4":"has-post-thumbnail","6":"product_cat-wholesale-gartered-corset","7":"product_cat-sexy-bustiers","8":"product_cat-sexy-lingerie","9":"product_tag-brunette-lingerie","10":"product_tag-wholesale-sexy-see-through-lingerie","11":"product_tag-sexy-push-up-lingerie","12":"product_tag-wholesale-strappy-sexy-lingerie","13":"pa_color-black","14":"pa_cup-full-cup","15":"pa_size-wholesale-large-size-women-sexy-lingerie","16":"pa_size-wholesale-medium-size-women-sexy-lingerie","17":"pa_size-wholesale-small-size-sexy-lingerie","19":"first","20":"instock","21":"taxable","22":"shipping-taxable","23":"purchasable","24":"product-type-variable"},"tiered_pricing_type":"fixed","tiered_pricing_fixed_rules":[],"tiered_pricing_product_settings":{"layout":"default","base_unit_name":{"singular":null,"plural":null},"default_variation":null},"tiered_pricing_minimum_quantity":null,"tiered_pricing_roles_data":{"default_wholesaler":{"product_id":39496,"role":"default_wholesaler","pricing_type":"flat","regular_price":null,"sale_price":null,"discount":null,"discount_type":"sale_price","tiered_pricing_type":"fixed","percentage_rules":[],"fixed_rules":{"2":"9.19","30":"7.89","500":"6.89"},"minimum":null},"dropshippinger":{"product_id":39496,"role":"dropshippinger","pricing_type":"flat","regular_price":null,"sale_price":null,"discount":null,"discount_type":"sale_price","tiered_pricing_type":"fixed","percentage_rules":[],"fixed_rules":{"1":"10.99","5":"9.19","30":"6.89"},"minimum":null}},"tiered_pricing_percentage_rules":[],"tiered_pricing_maximum_quantity":null,"tiered_pricing_quantity_step":null,"_links":{"self":[{"href":"https:\/\/gretasexylingerie.com\/es\/wp-json\/wp\/v2\/product\/39496","targetHints":{"allow":["GET"]}}],"collection":[{"href":"https:\/\/gretasexylingerie.com\/es\/wp-json\/wp\/v2\/product"}],"about":[{"href":"https:\/\/gretasexylingerie.com\/es\/wp-json\/wp\/v2\/types\/product"}],"wp:featuredmedia":[{"embeddable":true,"href":"https:\/\/gretasexylingerie.com\/es\/wp-json\/wp\/v2\/media\/39508"}],"wp:attachment":[{"href":"https:\/\/gretasexylingerie.com\/es\/wp-json\/wp\/v2\/media?parent=39496"}],"wp:term":[{"taxonomy":"product_brand","embeddable":true,"href":"https:\/\/gretasexylingerie.com\/es\/wp-json\/wp\/v2\/product_brand?post=39496"},{"taxonomy":"product_cat","embeddable":true,"href":"https:\/\/gretasexylingerie.com\/es\/wp-json\/wp\/v2\/product_cat?post=39496"},{"taxonomy":"product_tag","embeddable":true,"href":"https:\/\/gretasexylingerie.com\/es\/wp-json\/wp\/v2\/product_tag?post=39496"}],"curies":[{"name":"Gracias","href":"https:\/\/api.w.org\/{rel}","templated":true}]}}