{"id":39444,"date":"2023-04-18T20:08:39","date_gmt":"2023-04-18T12:08:39","guid":{"rendered":"https:\/\/gretasexylingerie.com\/?post_type=product&#038;p=39444"},"modified":"2023-11-10T21:53:11","modified_gmt":"2023-11-10T13:53:11","slug":"conjunto-de-lenceria-sexy-con-huecos-bordados","status":"publish","type":"product","link":"https:\/\/gretasexylingerie.com\/es\/products\/embroidered-hollow-sexy-lingerie-sexy-set\/","title":{"rendered":"Conjunto sexy de lencer\u00eda sexy hueca bordada"},"content":{"rendered":"<p>1. Bordado exquisito: el conjunto sexy de lencer\u00eda sexy hueca bordada presenta un bordado intrincado y hermoso que agrega un toque de elegancia y lujo a su colecci\u00f3n de lencer\u00eda.<\/p>\n\n\n\n<p>2. C\u00f3modo y transpirable: hecho de materiales suaves y livianos, este conjunto de lencer\u00eda est\u00e1 dise\u00f1ado para ser c\u00f3modo y transpirable, para que pueda sentirse seguro y c\u00f3modo durante todo el d\u00eda.<\/p>\n\n\n\n<p>3. Uso vers\u00e1til: este conjunto de lencer\u00eda es lo suficientemente vers\u00e1til como para usarse como ropa interior y ropa exterior, lo que lo convierte en una excelente adici\u00f3n a cualquier guardarropa.<\/p>\n\n\n\n<p>4. Perfecto para ocasiones especiales: ya sea que est\u00e9 buscando una noche rom\u00e1ntica o un evento especial, este conjunto de lencer\u00eda es la elecci\u00f3n perfecta para una apariencia sexy y sofisticada que lo har\u00e1 sentir seguro y empoderado.<\/p>\n\n\n\n<figure class=\"wp-block-table\"><table><tbody><tr><td colspan=\"6\">Gr\u00e1fico del sitio (CM)<\/td><\/tr><tr><td>Tama\u00f1o<\/td><td class=\"has-text-align-center\" data-align=\"center\">Altura de la copa<\/td><td class=\"has-text-align-center\" data-align=\"center\">Debajo del busto<\/td><td class=\"has-text-align-center\" data-align=\"center\">cintura de las bragas<\/td><td class=\"has-text-align-center\" data-align=\"center\">Longitud de las bragas<\/td><td class=\"has-text-align-center\" data-align=\"center\">Cintura<\/td><\/tr><tr><td>S<\/td><td class=\"has-text-align-center\" data-align=\"center\">12.5<\/td><td class=\"has-text-align-center\" data-align=\"center\">70-86<\/td><td class=\"has-text-align-center\" data-align=\"center\">66-96<\/td><td class=\"has-text-align-center\" data-align=\"center\">20<\/td><td class=\"has-text-align-center\" data-align=\"center\">58<\/td><\/tr><tr><td>METRO<\/td><td class=\"has-text-align-center\" data-align=\"center\">13.5<\/td><td class=\"has-text-align-center\" data-align=\"center\">74-90<\/td><td class=\"has-text-align-center\" data-align=\"center\">70-100<\/td><td class=\"has-text-align-center\" data-align=\"center\">21<\/td><td class=\"has-text-align-center\" data-align=\"center\">62<\/td><\/tr><tr><td>L<\/td><td class=\"has-text-align-center\" data-align=\"center\">14.5<\/td><td class=\"has-text-align-center\" data-align=\"center\">78-94<\/td><td class=\"has-text-align-center\" data-align=\"center\">74-104<\/td><td class=\"has-text-align-center\" data-align=\"center\">22<\/td><td class=\"has-text-align-center\" data-align=\"center\">67<\/td><\/tr><tr><td colspan=\"6\">Gr\u00e1fico del sitio (PULGADAS)<\/td><\/tr><tr><td>Tama\u00f1o<\/td><td class=\"has-text-align-center\" data-align=\"center\">Altura de la copa<\/td><td class=\"has-text-align-center\" data-align=\"center\">Debajo del busto<\/td><td class=\"has-text-align-center\" data-align=\"center\">cintura de las bragas<\/td><td class=\"has-text-align-center\" data-align=\"center\">Longitud de las bragas<\/td><td class=\"has-text-align-center\" data-align=\"center\">Cintura<\/td><\/tr><tr><td>S<\/td><td class=\"has-text-align-center\" data-align=\"center\">4.92<\/td><td class=\"has-text-align-center\" data-align=\"center\">27.55-33.85<\/td><td class=\"has-text-align-center\" data-align=\"center\">25.19-37.79<\/td><td class=\"has-text-align-center\" data-align=\"center\">7.87<\/td><td class=\"has-text-align-center\" data-align=\"center\">22.83<\/td><\/tr><tr><td>METRO<\/td><td class=\"has-text-align-center\" data-align=\"center\">5.31<\/td><td class=\"has-text-align-center\" data-align=\"center\">29.13-35.43<\/td><td class=\"has-text-align-center\" data-align=\"center\">26.77-39.37<\/td><td class=\"has-text-align-center\" data-align=\"center\">8.26<\/td><td class=\"has-text-align-center\" data-align=\"center\">24.40&nbsp;<\/td><\/tr><tr><td>L<\/td><td class=\"has-text-align-center\" data-align=\"center\">5.70&nbsp;<\/td><td class=\"has-text-align-center\" data-align=\"center\">30.70-37.00<\/td><td class=\"has-text-align-center\" data-align=\"center\">28.34-40.94<\/td><td class=\"has-text-align-center\" data-align=\"center\">8.66&nbsp;<\/td><td class=\"has-text-align-center\" data-align=\"center\">26.37&nbsp;<\/td><\/tr><tr><td colspan=\"6\">Nota:<br>1. Puede haber una desviaci\u00f3n de 1 a 2 cm en diferentes tama\u00f1os, ubicaciones y estiramiento de las telas. La tabla de tallas es solo para referencia, puede haber una peque\u00f1a diferencia con lo que obtienes.<br>2. Hay 3 tipos de elasticidad: alta elasticidad (estirada en dos lados), elasticidad media (estirada en un lado) y no el\u00e1stica (no se puede estirar).<br>3. El color puede ser m\u00e1s claro o m\u00e1s oscuro debido a las diferentes pantallas de PC.<br>4. L\u00e1velo a mano con agua a 30 grados, cu\u00e9lguelo para que se seque a la sombra, proh\u00edba el blanqueo.<br>5. Puede haber una ligera diferencia en los detalles y el patr\u00f3n.<\/td><\/tr><\/tbody><\/table><\/figure>\n\n\n\n<p><\/p>","protected":false},"excerpt":{"rendered":"<p>Todos los conjuntos cuentan con impresionantes dise\u00f1os recortados para agregar glamour a tu look, mientras que las correas ajustables y las correas ofrecen un ajuste personalizable para cada forma del cuerpo. No se conforme con la ropa interior simple, use trajes sexy de lencer\u00eda sexy con recortes bordados, entre en el mundo de la m\u00e1xima seducci\u00f3n.<\/p>\n<p>https:\/\/youtu.be\/PJ8shHTwhKo<\/p>","protected":false},"featured_media":39452,"template":"","meta":[],"product_brand":[],"product_cat":[368,374,367,375],"product_tag":[868,512,861,454,518,451,446,864],"class_list":{"0":"post-39444","1":"product","2":"type-product","3":"status-publish","4":"has-post-thumbnail","6":"product_cat-bra-panty-set","7":"product_cat-wholesale-garter-belt-set","8":"product_cat-sexy-lingerie","9":"product_cat-whoelsale-sheer-bra-and-panty-sets","10":"product_tag-4-piece-lingerie-set","11":"product_tag-bow-lingerie","12":"product_tag-brunette-lingerie","13":"product_tag-wholesale-sexy-embroidered-lingerie","14":"product_tag-mesh-lingerie","15":"product_tag-wholesale-revealing-lingerie","16":"product_tag-wholesale-sexy-see-through-lingerie","17":"product_tag-sexy-petite-lingerie","18":"pa_color-black","19":"pa_color-red-women-sexy-lingerie","20":"pa_cup-wholesale-half-cup-women-sexy-lingerie","21":"pa_size-wholesale-large-size-women-sexy-lingerie","22":"pa_size-wholesale-medium-size-women-sexy-lingerie","23":"pa_size-wholesale-small-size-sexy-lingerie","25":"first","26":"instock","27":"taxable","28":"shipping-taxable","29":"purchasable","30":"product-type-variable"},"tiered_pricing_type":"fixed","tiered_pricing_fixed_rules":[],"tiered_pricing_product_settings":{"layout":"default","base_unit_name":{"singular":null,"plural":null},"default_variation":{}},"tiered_pricing_minimum_quantity":null,"tiered_pricing_roles_data":{"default_wholesaler":{"product_id":39444,"role":"default_wholesaler","pricing_type":"flat","regular_price":null,"sale_price":null,"discount":null,"discount_type":"sale_price","tiered_pricing_type":"fixed","percentage_rules":[],"fixed_rules":{"2":"9.69","30":"8.29","500":"7.29"},"minimum":null},"dropshippinger":{"product_id":39444,"role":"dropshippinger","pricing_type":"flat","regular_price":null,"sale_price":null,"discount":null,"discount_type":"sale_price","tiered_pricing_type":"fixed","percentage_rules":[],"fixed_rules":{"1":"11.59","5":"9.69","30":"7.29"},"minimum":null}},"tiered_pricing_percentage_rules":[],"tiered_pricing_maximum_quantity":null,"tiered_pricing_quantity_step":null,"_links":{"self":[{"href":"https:\/\/gretasexylingerie.com\/es\/wp-json\/wp\/v2\/product\/39444","targetHints":{"allow":["GET"]}}],"collection":[{"href":"https:\/\/gretasexylingerie.com\/es\/wp-json\/wp\/v2\/product"}],"about":[{"href":"https:\/\/gretasexylingerie.com\/es\/wp-json\/wp\/v2\/types\/product"}],"wp:featuredmedia":[{"embeddable":true,"href":"https:\/\/gretasexylingerie.com\/es\/wp-json\/wp\/v2\/media\/39452"}],"wp:attachment":[{"href":"https:\/\/gretasexylingerie.com\/es\/wp-json\/wp\/v2\/media?parent=39444"}],"wp:term":[{"taxonomy":"product_brand","embeddable":true,"href":"https:\/\/gretasexylingerie.com\/es\/wp-json\/wp\/v2\/product_brand?post=39444"},{"taxonomy":"product_cat","embeddable":true,"href":"https:\/\/gretasexylingerie.com\/es\/wp-json\/wp\/v2\/product_cat?post=39444"},{"taxonomy":"product_tag","embeddable":true,"href":"https:\/\/gretasexylingerie.com\/es\/wp-json\/wp\/v2\/product_tag?post=39444"}],"curies":[{"name":"Gracias","href":"https:\/\/api.w.org\/{rel}","templated":true}]}}