{"id":39351,"date":"2023-04-17T20:20:36","date_gmt":"2023-04-17T12:20:36","guid":{"rendered":"https:\/\/gretasexylingerie.com\/?post_type=product&#038;p=39351"},"modified":"2023-09-05T20:51:03","modified_gmt":"2023-09-05T12:51:03","slug":"ropa-interior-sexy-para-ninas-con-puro-deseo","status":"publish","type":"product","link":"https:\/\/gretasexylingerie.com\/es\/products\/sexy-pure-desire-girls-underwear-sexy-suit\/","title":{"rendered":"Traje sexy de ropa interior para ni\u00f1as Pure Desire"},"content":{"rendered":"<p>1. Ajuste c\u00f3modo y favorecedor: el traje sexy de ropa interior Sexy Pure Desire Girls est\u00e1 dise\u00f1ado para adaptarse c\u00f3modamente y halagador a ni\u00f1as de todos los tama\u00f1os. El material suave y el\u00e1stico se adapta al cuerpo, proporcionando un ajuste ce\u00f1ido pero c\u00f3modo que permite un f\u00e1cil movimiento.<\/p>\n\n\n\n<p>2. Dise\u00f1o elegante y moderno: el traje sexy de ropa interior Sexy Pure Desire Girls es elegante y moderno, lo que lo convierte en el complemento perfecto para la colecci\u00f3n de lencer\u00eda de cualquier ni\u00f1a. Con su llamativo dise\u00f1o y atenci\u00f3n a los detalles, este traje seguramente llamar\u00e1 la atenci\u00f3n y llamar\u00e1 la atenci\u00f3n.<\/p>\n\n\n\n<p>3. Materiales de alta calidad: este conjunto de lencer\u00eda est\u00e1 hecho de materiales de alta calidad que son duraderos y duraderos. Puede soportar m\u00faltiples lavados y usos, lo que garantiza que aproveche al m\u00e1ximo su inversi\u00f3n.<\/p>\n\n\n\n<p>4. Aumenta la confianza y la autoestima: usar el traje sexy de ropa interior Sexy Pure Desire Girls puede aumentar la confianza y la autoestima de una ni\u00f1a. Est\u00e1 dise\u00f1ado para hacerla sentir sexy y deseable, lo que puede tener un impacto positivo en su estado de \u00e1nimo general y en su perspectiva de la vida.<\/p>\n\n\n\n<figure class=\"wp-block-table\"><table><tbody><tr><td colspan=\"8\">Gr\u00e1fico del sitio (CM)<\/td><\/tr><tr><td>Tama\u00f1o<\/td><td class=\"has-text-align-center\" data-align=\"center\">Debajo del busto<\/td><td class=\"has-text-align-center\" data-align=\"center\">Manga<\/td><td class=\"has-text-align-center\" data-align=\"center\">Longitud de la falda lateral<\/td><td class=\"has-text-align-center\" data-align=\"center\">cintura de las bragas<\/td><td class=\"has-text-align-center\" data-align=\"center\">Longitud de las bragas<\/td><td class=\"has-text-align-center\" data-align=\"center\">Longitud<\/td><td class=\"has-text-align-center\" data-align=\"center\">Cintura<\/td><\/tr><tr><td>S<\/td><td class=\"has-text-align-center\" data-align=\"center\">54-82<\/td><td class=\"has-text-align-center\" data-align=\"center\">42<\/td><td class=\"has-text-align-center\" data-align=\"center\">22<\/td><td class=\"has-text-align-center\" data-align=\"center\">66-98<\/td><td class=\"has-text-align-center\" data-align=\"center\">20.5<\/td><td class=\"has-text-align-center\" data-align=\"center\">22<\/td><td class=\"has-text-align-center\" data-align=\"center\">61-84<\/td><\/tr><tr><td>METRO<\/td><td class=\"has-text-align-center\" data-align=\"center\">58-86<\/td><td class=\"has-text-align-center\" data-align=\"center\">43<\/td><td class=\"has-text-align-center\" data-align=\"center\">23<\/td><td class=\"has-text-align-center\" data-align=\"center\">70-102<\/td><td class=\"has-text-align-center\" data-align=\"center\">21.5<\/td><td class=\"has-text-align-center\" data-align=\"center\">23<\/td><td class=\"has-text-align-center\" data-align=\"center\">65-88<\/td><\/tr><tr><td>L<\/td><td class=\"has-text-align-center\" data-align=\"center\">62-90<\/td><td class=\"has-text-align-center\" data-align=\"center\">44<\/td><td class=\"has-text-align-center\" data-align=\"center\">24<\/td><td class=\"has-text-align-center\" data-align=\"center\">74-106<\/td><td class=\"has-text-align-center\" data-align=\"center\">22.5<\/td><td class=\"has-text-align-center\" data-align=\"center\">24<\/td><td class=\"has-text-align-center\" data-align=\"center\">69-92<\/td><\/tr><tr><td colspan=\"8\">Gr\u00e1fico del sitio (PULGADAS)<\/td><\/tr><tr><td>Tama\u00f1o<\/td><td class=\"has-text-align-center\" data-align=\"center\">Debajo del busto<\/td><td class=\"has-text-align-center\" data-align=\"center\">Manga<\/td><td class=\"has-text-align-center\" data-align=\"center\">Longitud de la falda lateral<\/td><td class=\"has-text-align-center\" data-align=\"center\">cintura de las bragas<\/td><td class=\"has-text-align-center\" data-align=\"center\">Longitud de las bragas<\/td><td class=\"has-text-align-center\" data-align=\"center\">Longitud<\/td><td class=\"has-text-align-center\" data-align=\"center\">Cintura<\/td><\/tr><tr><td>S<\/td><td class=\"has-text-align-center\" data-align=\"center\">21.26-32.28<\/td><td class=\"has-text-align-center\" data-align=\"center\">16.53<\/td><td class=\"has-text-align-center\" data-align=\"center\">8.66<\/td><td class=\"has-text-align-center\" data-align=\"center\">25.98-38.58<\/td><td class=\"has-text-align-center\" data-align=\"center\">8.07<\/td><td class=\"has-text-align-center\" data-align=\"center\">8.66<\/td><td class=\"has-text-align-center\" data-align=\"center\">24.01-33.07<\/td><\/tr><tr><td>METRO<\/td><td class=\"has-text-align-center\" data-align=\"center\">22.83-33.85<\/td><td class=\"has-text-align-center\" data-align=\"center\">16.92<\/td><td class=\"has-text-align-center\" data-align=\"center\">9.05<\/td><td class=\"has-text-align-center\" data-align=\"center\">27.55-40.15<\/td><td class=\"has-text-align-center\" data-align=\"center\">8.46<\/td><td class=\"has-text-align-center\" data-align=\"center\">9.05<\/td><td class=\"has-text-align-center\" data-align=\"center\">25.59-34.64<\/td><\/tr><tr><td>L<\/td><td class=\"has-text-align-center\" data-align=\"center\">24.40-35.43<\/td><td class=\"has-text-align-center\" data-align=\"center\">17.32<\/td><td class=\"has-text-align-center\" data-align=\"center\">9.44<\/td><td class=\"has-text-align-center\" data-align=\"center\">29.13-41.73<\/td><td class=\"has-text-align-center\" data-align=\"center\">8.85<\/td><td class=\"has-text-align-center\" data-align=\"center\">9.44&nbsp;<\/td><td class=\"has-text-align-center\" data-align=\"center\">27.16-36.22<\/td><\/tr><tr><td colspan=\"8\">Nota:<br>1. Puede haber una desviaci\u00f3n de 1 a 2 cm en diferentes tama\u00f1os, ubicaciones y estiramiento de las telas. La tabla de tallas es solo para referencia, puede haber una peque\u00f1a diferencia con lo que obtienes.<br>2. Hay 3 tipos de elasticidad: alta elasticidad (estirada en dos lados), elasticidad media (estirada en un lado) y no el\u00e1stica (no se puede estirar).<br>3. El color puede ser m\u00e1s claro o m\u00e1s oscuro debido a las diferentes pantallas de PC.<br>4. L\u00e1velo a mano con agua a 30 grados, cu\u00e9lguelo para que se seque a la sombra, proh\u00edba el blanqueo.<br>5. Puede haber una ligera diferencia en los detalles y el patr\u00f3n.<\/td><\/tr><\/tbody><\/table><\/figure>\n\n\n\n<p><\/p>","protected":false},"excerpt":{"rendered":"<p>Esta lencer\u00eda cuenta con encaje para una vibra sexy y seductora. El material suave te har\u00e1 sentir como si no llevaras nada, y el dise\u00f1o intrincado brinda el m\u00e1ximo soporte. Este conjunto sexy es lo suficientemente duradero como para disfrutarlo todo el a\u00f1o. \u00a1P\u00eddelo ahora y experimenta la m\u00e1xima feminidad y sensualidad!<\/p>","protected":false},"featured_media":39363,"template":"","meta":[],"product_brand":[],"product_cat":[368,387,388,386,367],"product_tag":[505,528,524,510,446,453,867,865],"class_list":{"0":"post-39351","1":"product","2":"type-product","3":"status-publish","4":"has-post-thumbnail","6":"product_cat-bra-panty-set","7":"product_cat-wholesale-bustier-bra-set","8":"product_cat-wholesale-gartered-corset","9":"product_cat-sexy-bustiers","10":"product_cat-sexy-lingerie","11":"product_tag-5-piece-lingerie-set","12":"product_tag-halter-lingerie","13":"product_tag-metal-lingerie","14":"product_tag-ruffles-lingerie","15":"product_tag-wholesale-sexy-see-through-lingerie","16":"product_tag-wholesale-sexy-naughty-lingerie","17":"product_tag-sexy-push-up-lingerie","18":"product_tag-sexy-skimpy-lingerie","19":"pa_color-pink-women-sexy-lingerie","20":"pa_cup-full-cup","21":"pa_size-wholesale-large-size-women-sexy-lingerie","22":"pa_size-wholesale-medium-size-women-sexy-lingerie","23":"pa_size-wholesale-small-size-sexy-lingerie","25":"first","26":"instock","27":"taxable","28":"shipping-taxable","29":"purchasable","30":"product-type-variable"},"tiered_pricing_type":"fixed","tiered_pricing_fixed_rules":[],"tiered_pricing_product_settings":{"layout":"default","base_unit_name":{"singular":null,"plural":null},"default_variation":null},"tiered_pricing_minimum_quantity":null,"tiered_pricing_roles_data":{"default_wholesaler":{"product_id":39351,"role":"default_wholesaler","pricing_type":"flat","regular_price":null,"sale_price":null,"discount":null,"discount_type":"sale_price","tiered_pricing_type":"fixed","percentage_rules":[],"fixed_rules":{"2":"11.49","30":"9.89","500":"8.59"},"minimum":null},"dropshippinger":{"product_id":39351,"role":"dropshippinger","pricing_type":"flat","regular_price":null,"sale_price":null,"discount":null,"discount_type":"sale_price","tiered_pricing_type":"fixed","percentage_rules":[],"fixed_rules":{"1":"13.79","5":"11.49","30":"8.59"},"minimum":null}},"tiered_pricing_percentage_rules":[],"tiered_pricing_maximum_quantity":null,"tiered_pricing_quantity_step":null,"_links":{"self":[{"href":"https:\/\/gretasexylingerie.com\/es\/wp-json\/wp\/v2\/product\/39351","targetHints":{"allow":["GET"]}}],"collection":[{"href":"https:\/\/gretasexylingerie.com\/es\/wp-json\/wp\/v2\/product"}],"about":[{"href":"https:\/\/gretasexylingerie.com\/es\/wp-json\/wp\/v2\/types\/product"}],"wp:featuredmedia":[{"embeddable":true,"href":"https:\/\/gretasexylingerie.com\/es\/wp-json\/wp\/v2\/media\/39363"}],"wp:attachment":[{"href":"https:\/\/gretasexylingerie.com\/es\/wp-json\/wp\/v2\/media?parent=39351"}],"wp:term":[{"taxonomy":"product_brand","embeddable":true,"href":"https:\/\/gretasexylingerie.com\/es\/wp-json\/wp\/v2\/product_brand?post=39351"},{"taxonomy":"product_cat","embeddable":true,"href":"https:\/\/gretasexylingerie.com\/es\/wp-json\/wp\/v2\/product_cat?post=39351"},{"taxonomy":"product_tag","embeddable":true,"href":"https:\/\/gretasexylingerie.com\/es\/wp-json\/wp\/v2\/product_tag?post=39351"}],"curies":[{"name":"Gracias","href":"https:\/\/api.w.org\/{rel}","templated":true}]}}