{"id":31457,"date":"2023-01-31T22:53:08","date_gmt":"2023-01-31T14:53:08","guid":{"rendered":"https:\/\/gretasexylingerie.com\/?post_type=product&#038;p=31457"},"modified":"2023-09-05T20:50:52","modified_gmt":"2023-09-05T12:50:52","slug":"medias-de-rejilla-sin-entrepierna-con-agujeros-grandes-en-los-pies","status":"publish","type":"product","link":"https:\/\/gretasexylingerie.com\/es\/products\/big-hole-to-feet-crotchless-fishnet-tights\/","title":{"rendered":"Medias de rejilla sin entrepierna de gran agujero a los pies"},"content":{"rendered":"<p>Caracter\u00edsticas:<\/p>\n\n\n\n<p>1. Estilo cl\u00e1sico de rejilla, con 4 estilos y texturas diferentes. El estilo cl\u00e1sico absoluto y el estilo m\u00e1s seguro.<br>2. Hecho de nailon 88% + elastano 12%. Hechos de nailon aterciopelado y elastano el\u00e1stico, estos suaves y c\u00f3modos calcetines de red se estiran para adaptarse perfectamente a tus piernas.<br>3. El dise\u00f1o de malla de moda no solo hace que sus piernas sean m\u00e1s delgadas, sino que tambi\u00e9n le agrega una atm\u00f3sfera juvenil y de moda.<br>4. El dise\u00f1o cl\u00e1sico se puede combinar perfectamente con cualquier ropa de tu guardarropa.<\/p>","protected":false},"excerpt":{"rendered":"<p>A\u00f1ade sensualidad a tu atuendo con medias de red sin entrepierna tan sexys con agujeros grandes. Cuenta con una cintura el\u00e1stica alta. 3 redes de pesca de apertura diferentes, te dan m\u00e1s opciones. El dise\u00f1o de entrepierna abierta hace que su uso sea m\u00e1s conveniente.<\/p>","protected":false},"featured_media":31461,"template":"","meta":[],"product_brand":[],"product_cat":[413,412,411,404],"product_tag":[541,446,449,504],"class_list":{"0":"post-31457","1":"product","2":"type-product","3":"status-publish","4":"has-post-thumbnail","6":"product_cat-wholesale-fishnet-pantyhose","7":"product_cat-wholesale-crotchless-pantyhose","8":"product_cat-sexy-pantyhose","9":"product_cat-sexy-stocking","10":"product_tag-fishnet-lingerie","11":"product_tag-wholesale-sexy-see-through-lingerie","12":"product_tag-wholesale-sexy-crotchless-lingerie","13":"product_tag-ultra-sexy","14":"pa_color-black","16":"first","17":"instock","18":"taxable","19":"shipping-taxable","20":"purchasable","21":"product-type-variable"},"tiered_pricing_type":"fixed","tiered_pricing_fixed_rules":[],"tiered_pricing_product_settings":{"layout":"default","base_unit_name":{"singular":null,"plural":null},"default_variation":null},"tiered_pricing_minimum_quantity":null,"tiered_pricing_roles_data":{"default_wholesaler":{"product_id":31457,"role":"default_wholesaler","pricing_type":"flat","regular_price":null,"sale_price":null,"discount":null,"discount_type":"sale_price","tiered_pricing_type":"fixed","percentage_rules":[],"fixed_rules":{"2":"1.59","50":"1.29","800":"0.89"},"minimum":null},"dropshippinger":{"product_id":31457,"role":"dropshippinger","pricing_type":"flat","regular_price":null,"sale_price":null,"discount":null,"discount_type":"sale_price","tiered_pricing_type":"fixed","percentage_rules":[],"fixed_rules":{"1":"1.79","10":"1.59","500":"1.29"},"minimum":null}},"tiered_pricing_percentage_rules":[],"tiered_pricing_maximum_quantity":null,"tiered_pricing_quantity_step":null,"_links":{"self":[{"href":"https:\/\/gretasexylingerie.com\/es\/wp-json\/wp\/v2\/product\/31457","targetHints":{"allow":["GET"]}}],"collection":[{"href":"https:\/\/gretasexylingerie.com\/es\/wp-json\/wp\/v2\/product"}],"about":[{"href":"https:\/\/gretasexylingerie.com\/es\/wp-json\/wp\/v2\/types\/product"}],"wp:featuredmedia":[{"embeddable":true,"href":"https:\/\/gretasexylingerie.com\/es\/wp-json\/wp\/v2\/media\/31461"}],"wp:attachment":[{"href":"https:\/\/gretasexylingerie.com\/es\/wp-json\/wp\/v2\/media?parent=31457"}],"wp:term":[{"taxonomy":"product_brand","embeddable":true,"href":"https:\/\/gretasexylingerie.com\/es\/wp-json\/wp\/v2\/product_brand?post=31457"},{"taxonomy":"product_cat","embeddable":true,"href":"https:\/\/gretasexylingerie.com\/es\/wp-json\/wp\/v2\/product_cat?post=31457"},{"taxonomy":"product_tag","embeddable":true,"href":"https:\/\/gretasexylingerie.com\/es\/wp-json\/wp\/v2\/product_tag?post=31457"}],"curies":[{"name":"Gracias","href":"https:\/\/api.w.org\/{rel}","templated":true}]}}